{"id":35708,"date":"2025-09-14T15:47:48","date_gmt":"2025-09-14T14:47:48","guid":{"rendered":"https:\/\/glyngore-camping.dk\/glyngoere\/"},"modified":"2025-12-17T17:18:12","modified_gmt":"2025-12-17T16:18:12","slug":"glyngoere","status":"publish","type":"page","link":"https:\/\/glyngore-camping.dk\/nl\/glyngoere\/","title":{"rendered":"GLYNG\u00d8RE"},"content":{"rendered":"<p>[et_pb_section fb_built=&#8221;1&#8243; custom_padding_last_edited=&#8221;on|tablet&#8221; _builder_version=&#8221;4.27.4&#8243; background_image=&#8221;https:\/\/glyngore-camping.dk\/wp-content\/uploads\/2025\/09\/3-1.jpeg&#8221; height=&#8221;500px&#8221; height_tablet=&#8221;500px&#8221; height_phone=&#8221;500px&#8221; height_last_edited=&#8221;on|phone&#8221; custom_padding=&#8221;0px||350px||false|false&#8221; custom_padding_tablet=&#8221;||150px||false|false&#8221; custom_padding_phone=&#8221;||25px&#8221; bottom_divider_style=&#8221;waves2&#8243; bottom_divider_color=&#8221;#ffffff&#8221; bottom_divider_height=&#8221;150px&#8221; bottom_divider_height_tablet=&#8221;&#8221; bottom_divider_height_phone=&#8221;63px&#8221; bottom_divider_height_last_edited=&#8221;on|phone&#8221; box_shadow_style=&#8221;preset1&#8243; box_shadow_position=&#8221;inner&#8221; global_colors_info=&#8221;{%22gcid-primary-color%22:%91%22background_color_gradient_stops%22%93,%22gcid-secondary-color%22:%91%22background_color_gradient_stops%22%93,%22gcid-7360370f-bdf0-493f-b1f5-2887d5b68e17%22:%91%22background_color_gradient_stops%22%93,%22gcid-ffc7ad8e-ca9f-4ff9-9684-db89d03277e3%22:%91%22background_color_gradient_stops%22%93}&#8221;][et_pb_row _builder_version=&#8221;4.16&#8243; background_size=&#8221;initial&#8221; background_position=&#8221;top_left&#8221; background_repeat=&#8221;repeat&#8221; custom_padding=&#8221;50px|0px|65px|0px||&#8221; global_colors_info=&#8221;{}&#8221;][et_pb_column type=&#8221;4_4&#8243; _builder_version=&#8221;4.16&#8243; custom_padding=&#8221;|||&#8221; global_colors_info=&#8221;{}&#8221; custom_padding__hover=&#8221;|||&#8221;][et_pb_text _builder_version=&#8221;4.27.4&#8243; header_2_font=&#8221;|800|||||||&#8221; header_2_text_align=&#8221;center&#8221; header_2_text_color=&#8221;#ffffff&#8221; header_2_font_size=&#8221;60px&#8221; background_layout=&#8221;dark&#8221; custom_margin=&#8221;||20px|&#8221; animation_style=&#8221;slide&#8221; animation_direction=&#8221;bottom&#8221; header_2_font_size_tablet=&#8221;&#8221; header_2_font_size_phone=&#8221;30px&#8221; header_2_font_size_last_edited=&#8221;on|phone&#8221; header_2_text_shadow_style=&#8221;preset2&#8243; header_2_text_shadow_horizontal_length=&#8221;0em&#8221; header_2_text_shadow_vertical_length=&#8221;0.1em&#8221; header_2_text_shadow_blur_strength=&#8221;0.1em&#8221; header_2_text_shadow_color=&#8221;rgba(0,0,0,0.3)&#8221; global_colors_info=&#8221;{}&#8221;]<\/p>\n<h2>GLYNG\u00d8RE<\/h2>\n<p>[\/et_pb_text][\/et_pb_column][\/et_pb_row][\/et_pb_section][et_pb_section fb_built=&#8221;1&#8243; _builder_version=&#8221;4.27.4&#8243; custom_padding=&#8221;100px|0px|100px|0px&#8221; hover_enabled=&#8221;0&#8243; global_colors_info=&#8221;{}&#8221; custom_padding_last_edited=&#8221;on|tablet&#8221; sticky_enabled=&#8221;0&#8243; custom_padding_tablet=&#8221;25px||||false|false&#8221; custom_padding_phone=&#8221;25px||||false|false&#8221;][et_pb_row column_structure=&#8221;1_2,1_2&#8243; make_equal=&#8221;on&#8221; _builder_version=&#8221;4.27.4&#8243; _module_preset=&#8221;default&#8221; width=&#8221;100%&#8221; max_width=&#8221;1400px&#8221; global_colors_info=&#8221;{}&#8221;][et_pb_column type=&#8221;1_2&#8243; _builder_version=&#8221;4.27.4&#8243; _module_preset=&#8221;default&#8221; global_colors_info=&#8221;{}&#8221;][et_pb_text _builder_version=&#8221;4.27.4&#8243; _module_preset=&#8221;default&#8221; custom_padding=&#8221;||0px|||&#8221; hover_enabled=&#8221;0&#8243; global_colors_info=&#8221;{}&#8221; custom_padding_last_edited=&#8221;on|tablet&#8221; sticky_enabled=&#8221;0&#8243; custom_padding_tablet=&#8221;|15px||15px|false|true&#8221; custom_padding_phone=&#8221;|15px||15px|false|true&#8221;]<\/p>\n<h2>Glyng\u00f8re heeft water!<\/h2>\n<p>&nbsp;<\/p>\n<div class=\"wpb_text_column wpb_content_element \">\n<div class=\"wpb_wrapper\">\n<p data-start=\"216\" data-end=\"304\">Ontdek de natuur, het strand en de cultuur aan de Limfjord &#8211; en een aantal leuke en unieke aspecten van de stad.<\/p>\n<p data-start=\"306\" data-end=\"555\">Glyng\u00f8re biedt het beste wat het Limfjordengebied te bieden heeft &#8211; van prachtige stranden en schitterende natuur tot boeiende cultuur en geschiedenis. Hier beleef je een authentieke ontmoeting met de charme van de Limfjord en het speciale licht dat alleen Noord-Jutland kan geven. <\/p>\n<p data-start=\"557\" data-end=\"861\"><strong data-start=\"557\" data-end=\"593\">Een van de beste stranden van de Limfjord<\/strong>:<br data-start=\"593\" data-end=\"596\">Glyng\u00f8re Strand staat bekend om zijn kindvriendelijke en schone strand, dat elk jaar de Blauwe Vlag krijgt. Het strand strekt zich uit over 3 kilometer en is tot 75 meter breed &#8211; met zacht zand, helder water en een ondiepe, kalme zee, perfect voor zwemmers van alle leeftijden. <\/p>\n<p data-start=\"863\" data-end=\"893\"><strong data-start=\"863\" data-end=\"891\">Unieke ervaringen dichtbij<\/strong><\/p>\n<ul data-start=\"894\" data-end=\"1241\">\n<li data-start=\"894\" data-end=\"1016\">\n<p data-start=\"896\" data-end=\"1016\">Glyng\u00f8re Water Park is de grootste waterspeeltuin van Scandinavi\u00eb in de Limfjord met trampolines, waterglijbanen en klimmuren.<\/p>\n<\/li>\n<li data-start=\"1017\" data-end=\"1122\">\n<p data-start=\"1019\" data-end=\"1122\">De haven in Glyng\u00f8re, die in de volksmond &#8220;Lille Skagen&#8221; wordt genoemd, heeft ongeveer 100 ligplaatsen voor jachten en vissers.<\/p>\n<\/li>\n<li data-start=\"1123\" data-end=\"1241\">\n<p data-start=\"1125\" data-end=\"1241\">Glyng\u00f8re Culture Station, in het oude stationsgebouw uit 1884, vertelt over de spoorwegen, visserij en industrie in het gebied.<\/p>\n<\/li>\n<\/ul>\n<p data-start=\"1243\" data-end=\"1478\"><strong data-start=\"1243\" data-end=\"1266\">Een beetje plaatselijke trots<\/strong><br data-start=\"1266\" data-end=\"1269\">De stad staat ook bekend als de woonplaats van wielrenster Jonas Vingegaard, die hier woont. Zijn schoonmoeder, Rosa Kildahl, woont ook nog steeds in het gebied en heeft vaak verhalen gedeeld over de lokale gemeenschap. <\/p>\n<p data-start=\"1480\" data-end=\"1578\"><strong data-start=\"1480\" data-end=\"1504\">Natuur en activiteiten<\/strong><br data-start=\"1504\" data-end=\"1507\">Glyng\u00f8re is het perfecte startpunt voor natuurliefhebbers en avonturiers:<\/p>\n<ul data-start=\"1579\" data-end=\"1785\">\n<li data-start=\"1579\" data-end=\"1644\">\n<p data-start=\"1581\" data-end=\"1644\">Bont &#8211; Het fascinerende eiland van de Limfjord met moler kliffen en fossielen<\/p>\n<\/li>\n<li data-start=\"1645\" data-end=\"1705\">\n<p data-start=\"1647\" data-end=\"1705\">Legind Bjerge op Mors &#8211; heuvelachtig bos met prachtig uitzicht<\/p>\n<\/li>\n<li data-start=\"1706\" data-end=\"1785\">\n<p data-start=\"1708\" data-end=\"1785\">Limfjord &#8211; ideaal voor windsurfen, kajakken, zeilen met kleine boten en vissen<\/p>\n<\/li>\n<\/ul>\n<p data-start=\"1787\" data-end=\"2040\"><strong data-start=\"1787\" data-end=\"1809\">Cultuur en geschiedenis<\/strong><br data-start=\"1809\" data-end=\"1812\">Bezoek het Glyng\u00f8re Museum en ontdek het maritieme verleden van het gebied, of maak een excursie naar kasteel Sp\u00f8ttrup, Hjerl Hede of Fur. Glyng\u00f8re en omgeving biedt gezellige vissersdorpjes, authentieke kustcultuur en een aantal van de mooiste stranden van Denemarken. <\/p>\n<p data-start=\"2042\" data-end=\"2200\">Met de meeste zonuren in Denemarken is Noord-Jutland de voor de hand liggende keuze voor je volgende vakantie &#8211; of je nu op zoek bent naar ontspanning, activiteiten of natuurervaringen.<\/p>\n<hr data-start=\"2597\" data-end=\"2600\">\n<p data-start=\"2602\" data-end=\"2711\"><strong data-start=\"2602\" data-end=\"2711\">We kijken ernaar uit u te verwelkomen in Glyng\u00f8re &#8211; waar fjord, strand en geschiedenis elkaar ontmoeten in een prachtige harmonie.<\/strong><\/p>\n<\/div>\n<\/div>\n<p>[\/et_pb_text][\/et_pb_column][et_pb_column type=&#8221;1_2&#8243; _builder_version=&#8221;4.27.4&#8243; _module_preset=&#8221;default&#8221; custom_css_main_element=&#8221;margin:auto;&#8221; global_colors_info=&#8221;{}&#8221;][et_pb_video src=&#8221;https:\/\/youtu.be\/VxgPCYhSMwM&#8221; _builder_version=&#8221;4.27.4&#8243; _module_preset=&#8221;default&#8221; global_colors_info=&#8221;{}&#8221;][\/et_pb_video][et_pb_gallery gallery_ids=&#8221;35709,35444,35710,35711&#8243; fullwidth=&#8221;on&#8221; _builder_version=&#8221;4.27.4&#8243; _module_preset=&#8221;default&#8221; global_colors_info=&#8221;{}&#8221;][\/et_pb_gallery][\/et_pb_column][\/et_pb_row][\/et_pb_section][et_pb_section fb_built=&#8221;1&#8243; _builder_version=&#8221;4.27.4&#8243; background_enable_color=&#8221;off&#8221; custom_padding=&#8221;0px|0px|0px|0px&#8221; top_divider_height=&#8221;0px&#8221; top_divider_flip=&#8221;vertical&#8221; bottom_divider_style=&#8221;wave2&#8243; bottom_divider_color=&#8221;gcid-7360370f-bdf0-493f-b1f5-2887d5b68e17&#8243; bottom_divider_height_tablet=&#8221;&#8221; bottom_divider_height_phone=&#8221;44px&#8221; bottom_divider_height_last_edited=&#8221;on|phone&#8221; global_colors_info=&#8221;{%22gcid-7360370f-bdf0-493f-b1f5-2887d5b68e17%22:%91%22bottom_divider_color%22%93}&#8221;][\/et_pb_section]<\/p>\n","protected":false},"excerpt":{"rendered":"<p>GLYNG\u00d8REGlyng\u00f8re heeft water! &nbsp; Ontdek de natuur, het strand en de cultuur aan de Limfjord &#8211; en een aantal leuke en unieke aspecten van de stad. Glyng\u00f8re biedt het beste [&hellip;]<\/p>\n","protected":false},"author":1,"featured_media":0,"parent":0,"menu_order":0,"comment_status":"closed","ping_status":"closed","template":"","meta":{"_et_pb_use_builder":"on","_et_pb_old_content":"","_et_gb_content_width":"","_price":"","_stock":"","_tribe_ticket_header":"","_tribe_default_ticket_provider":"","_tribe_ticket_capacity":"0","_ticket_start_date":"","_ticket_end_date":"","_tribe_ticket_show_description":"","_tribe_ticket_show_not_going":false,"_tribe_ticket_use_global_stock":"","_tribe_ticket_global_stock_level":"","_global_stock_mode":"","_global_stock_cap":"","_tribe_rsvp_for_event":"","_tribe_ticket_going_count":"","_tribe_ticket_not_going_count":"","_tribe_tickets_list":"[]","_tribe_ticket_has_attendee_info_fields":false,"footnotes":"","_tec_slr_enabled":"","_tec_slr_layout":""},"folder":[],"class_list":["post-35708","page","type-page","status-publish","hentry"],"yoast_head":"<!-- This site is optimized with the Yoast SEO plugin v27.2 - https:\/\/yoast.com\/product\/yoast-seo-wordpress\/ -->\n<title>GLYNG\u00d8RE - Glyng\u00f8re Camping<\/title>\n<meta name=\"robots\" content=\"index, follow, max-snippet:-1, max-image-preview:large, max-video-preview:-1\" \/>\n<link rel=\"canonical\" href=\"https:\/\/glyngore-camping.dk\/nl\/glyngoere\/\" \/>\n<meta property=\"og:locale\" content=\"nl_NL\" \/>\n<meta property=\"og:type\" content=\"article\" \/>\n<meta property=\"og:title\" content=\"GLYNG\u00d8RE - Glyng\u00f8re Camping\" \/>\n<meta property=\"og:description\" content=\"GLYNG\u00d8REGlyng\u00f8re heeft water! &nbsp; Ontdek de natuur, het strand en de cultuur aan de Limfjord - en een aantal leuke en unieke aspecten van de stad. Glyng\u00f8re biedt het beste [&hellip;]\" \/>\n<meta property=\"og:url\" content=\"https:\/\/glyngore-camping.dk\/nl\/glyngoere\/\" \/>\n<meta property=\"og:site_name\" content=\"Glyng\u00f8re Camping\" \/>\n<meta property=\"article:modified_time\" content=\"2025-12-17T16:18:12+00:00\" \/>\n<meta name=\"twitter:card\" content=\"summary_large_image\" \/>\n<meta name=\"twitter:label1\" content=\"Geschatte leestijd\" \/>\n\t<meta name=\"twitter:data1\" content=\"4 minuten\" \/>\n<script type=\"application\/ld+json\" class=\"yoast-schema-graph\">{\"@context\":\"https:\/\/schema.org\",\"@graph\":[{\"@type\":\"WebPage\",\"@id\":\"https:\/\/glyngore-camping.dk\/nl\/glyngoere\/\",\"url\":\"https:\/\/glyngore-camping.dk\/nl\/glyngoere\/\",\"name\":\"GLYNG\u00d8RE - Glyng\u00f8re Camping\",\"isPartOf\":{\"@id\":\"https:\/\/glyngore-camping.dk\/nl\/#website\"},\"datePublished\":\"2025-09-14T14:47:48+00:00\",\"dateModified\":\"2025-12-17T16:18:12+00:00\",\"breadcrumb\":{\"@id\":\"https:\/\/glyngore-camping.dk\/nl\/glyngoere\/#breadcrumb\"},\"inLanguage\":\"nl-NL\",\"potentialAction\":[{\"@type\":\"ReadAction\",\"target\":[\"https:\/\/glyngore-camping.dk\/nl\/glyngoere\/\"]}]},{\"@type\":\"BreadcrumbList\",\"@id\":\"https:\/\/glyngore-camping.dk\/nl\/glyngoere\/#breadcrumb\",\"itemListElement\":[{\"@type\":\"ListItem\",\"position\":1,\"name\":\"Hjem\",\"item\":\"https:\/\/glyngore-camping.dk\/nl\/startpagina\/\"},{\"@type\":\"ListItem\",\"position\":2,\"name\":\"GLYNG\u00d8RE\"}]},{\"@type\":\"WebSite\",\"@id\":\"https:\/\/glyngore-camping.dk\/nl\/#website\",\"url\":\"https:\/\/glyngore-camping.dk\/nl\/\",\"name\":\"Glyng\u00f8re Camping\",\"description\":\"En oase ved limfjorden\",\"potentialAction\":[{\"@type\":\"SearchAction\",\"target\":{\"@type\":\"EntryPoint\",\"urlTemplate\":\"https:\/\/glyngore-camping.dk\/nl\/?s={search_term_string}\"},\"query-input\":{\"@type\":\"PropertyValueSpecification\",\"valueRequired\":true,\"valueName\":\"search_term_string\"}}],\"inLanguage\":\"nl-NL\"}]}<\/script>\n<!-- \/ Yoast SEO plugin. -->","yoast_head_json":{"title":"GLYNG\u00d8RE - Glyng\u00f8re Camping","robots":{"index":"index","follow":"follow","max-snippet":"max-snippet:-1","max-image-preview":"max-image-preview:large","max-video-preview":"max-video-preview:-1"},"canonical":"https:\/\/glyngore-camping.dk\/nl\/glyngoere\/","og_locale":"nl_NL","og_type":"article","og_title":"GLYNG\u00d8RE - Glyng\u00f8re Camping","og_description":"GLYNG\u00d8REGlyng\u00f8re heeft water! &nbsp; Ontdek de natuur, het strand en de cultuur aan de Limfjord - en een aantal leuke en unieke aspecten van de stad. Glyng\u00f8re biedt het beste [&hellip;]","og_url":"https:\/\/glyngore-camping.dk\/nl\/glyngoere\/","og_site_name":"Glyng\u00f8re Camping","article_modified_time":"2025-12-17T16:18:12+00:00","twitter_card":"summary_large_image","twitter_misc":{"Geschatte leestijd":"4 minuten"},"schema":{"@context":"https:\/\/schema.org","@graph":[{"@type":"WebPage","@id":"https:\/\/glyngore-camping.dk\/nl\/glyngoere\/","url":"https:\/\/glyngore-camping.dk\/nl\/glyngoere\/","name":"GLYNG\u00d8RE - Glyng\u00f8re Camping","isPartOf":{"@id":"https:\/\/glyngore-camping.dk\/nl\/#website"},"datePublished":"2025-09-14T14:47:48+00:00","dateModified":"2025-12-17T16:18:12+00:00","breadcrumb":{"@id":"https:\/\/glyngore-camping.dk\/nl\/glyngoere\/#breadcrumb"},"inLanguage":"nl-NL","potentialAction":[{"@type":"ReadAction","target":["https:\/\/glyngore-camping.dk\/nl\/glyngoere\/"]}]},{"@type":"BreadcrumbList","@id":"https:\/\/glyngore-camping.dk\/nl\/glyngoere\/#breadcrumb","itemListElement":[{"@type":"ListItem","position":1,"name":"Hjem","item":"https:\/\/glyngore-camping.dk\/nl\/startpagina\/"},{"@type":"ListItem","position":2,"name":"GLYNG\u00d8RE"}]},{"@type":"WebSite","@id":"https:\/\/glyngore-camping.dk\/nl\/#website","url":"https:\/\/glyngore-camping.dk\/nl\/","name":"Glyng\u00f8re Camping","description":"En oase ved limfjorden","potentialAction":[{"@type":"SearchAction","target":{"@type":"EntryPoint","urlTemplate":"https:\/\/glyngore-camping.dk\/nl\/?s={search_term_string}"},"query-input":{"@type":"PropertyValueSpecification","valueRequired":true,"valueName":"search_term_string"}}],"inLanguage":"nl-NL"}]}},"ticketed":false,"_links":{"self":[{"href":"https:\/\/glyngore-camping.dk\/nl\/wp-json\/wp\/v2\/pages\/35708","targetHints":{"allow":["GET"]}}],"collection":[{"href":"https:\/\/glyngore-camping.dk\/nl\/wp-json\/wp\/v2\/pages"}],"about":[{"href":"https:\/\/glyngore-camping.dk\/nl\/wp-json\/wp\/v2\/types\/page"}],"author":[{"embeddable":true,"href":"https:\/\/glyngore-camping.dk\/nl\/wp-json\/wp\/v2\/users\/1"}],"replies":[{"embeddable":true,"href":"https:\/\/glyngore-camping.dk\/nl\/wp-json\/wp\/v2\/comments?post=35708"}],"version-history":[{"count":6,"href":"https:\/\/glyngore-camping.dk\/nl\/wp-json\/wp\/v2\/pages\/35708\/revisions"}],"predecessor-version":[{"id":36234,"href":"https:\/\/glyngore-camping.dk\/nl\/wp-json\/wp\/v2\/pages\/35708\/revisions\/36234"}],"wp:attachment":[{"href":"https:\/\/glyngore-camping.dk\/nl\/wp-json\/wp\/v2\/media?parent=35708"}],"wp:term":[{"taxonomy":"folder","embeddable":true,"href":"https:\/\/glyngore-camping.dk\/nl\/wp-json\/wp\/v2\/folder?post=35708"}],"curies":[{"name":"wp","href":"https:\/\/api.w.org\/{rel}","templated":true}]}}