{"id":35508,"date":"2025-09-14T15:46:30","date_gmt":"2025-09-14T14:46:30","guid":{"rendered":"https:\/\/glyngore-camping.dk\/camping\/"},"modified":"2025-12-17T16:29:48","modified_gmt":"2025-12-17T15:29:48","slug":"camping","status":"publish","type":"page","link":"https:\/\/glyngore-camping.dk\/nl\/camping\/","title":{"rendered":"CAMPING"},"content":{"rendered":"<p>[et_pb_section fb_built=&#8221;1&#8243; custom_padding_last_edited=&#8221;on|tablet&#8221; _builder_version=&#8221;4.27.4&#8243; background_image=&#8221;https:\/\/glyngore-camping.dk\/wp-content\/uploads\/2025\/08\/IMG_20200718_170947-scaled.jpg&#8221; height=&#8221;500px&#8221; height_tablet=&#8221;500px&#8221; height_phone=&#8221;500px&#8221; height_last_edited=&#8221;on|phone&#8221; custom_padding=&#8221;0px||350px||false|false&#8221; custom_padding_tablet=&#8221;||150px||false|false&#8221; custom_padding_phone=&#8221;||25px&#8221; bottom_divider_style=&#8221;waves2&#8243; bottom_divider_color=&#8221;#ffffff&#8221; bottom_divider_height=&#8221;150px&#8221; bottom_divider_height_tablet=&#8221;&#8221; bottom_divider_height_phone=&#8221;63px&#8221; bottom_divider_height_last_edited=&#8221;on|phone&#8221; box_shadow_style=&#8221;preset1&#8243; box_shadow_position=&#8221;inner&#8221; global_colors_info=&#8221;{%22gcid-primary-color%22:%91%22background_color_gradient_stops%22%93,%22gcid-secondary-color%22:%91%22background_color_gradient_stops%22%93,%22gcid-7360370f-bdf0-493f-b1f5-2887d5b68e17%22:%91%22background_color_gradient_stops%22%93,%22gcid-ffc7ad8e-ca9f-4ff9-9684-db89d03277e3%22:%91%22background_color_gradient_stops%22%93}&#8221;][et_pb_row _builder_version=&#8221;4.16&#8243; background_size=&#8221;initial&#8221; background_position=&#8221;top_left&#8221; background_repeat=&#8221;repeat&#8221; custom_padding=&#8221;50px|0px|65px|0px||&#8221; global_colors_info=&#8221;{}&#8221;][et_pb_column type=&#8221;4_4&#8243; _builder_version=&#8221;4.16&#8243; custom_padding=&#8221;|||&#8221; global_colors_info=&#8221;{}&#8221; custom_padding__hover=&#8221;|||&#8221;][et_pb_text _builder_version=&#8221;4.27.4&#8243; header_2_font=&#8221;|800|||||||&#8221; header_2_text_align=&#8221;center&#8221; header_2_text_color=&#8221;#ffffff&#8221; header_2_font_size=&#8221;60px&#8221; background_layout=&#8221;dark&#8221; custom_margin=&#8221;||20px|&#8221; animation_style=&#8221;slide&#8221; animation_direction=&#8221;bottom&#8221; header_2_font_size_tablet=&#8221;&#8221; header_2_font_size_phone=&#8221;30px&#8221; header_2_font_size_last_edited=&#8221;on|phone&#8221; header_2_text_shadow_style=&#8221;preset2&#8243; header_2_text_shadow_horizontal_length=&#8221;0em&#8221; header_2_text_shadow_vertical_length=&#8221;0.1em&#8221; header_2_text_shadow_blur_strength=&#8221;0.1em&#8221; header_2_text_shadow_color=&#8221;rgba(0,0,0,0.3)&#8221; global_colors_info=&#8221;{}&#8221;]<\/p>\n<h2>DE PLAATS<\/h2>\n<p>[\/et_pb_text][\/et_pb_column][\/et_pb_row][\/et_pb_section][et_pb_section fb_built=&#8221;1&#8243; custom_padding_last_edited=&#8221;on|phone&#8221; _builder_version=&#8221;4.27.4&#8243; custom_padding=&#8221;100px|0px|100px|0px&#8221; custom_padding_tablet=&#8221;20px||||false|false&#8221; custom_padding_phone=&#8221;20px||||false|false&#8221; global_colors_info=&#8221;{}&#8221;][et_pb_row column_structure=&#8221;1_2,1_2&#8243; _builder_version=&#8221;4.27.4&#8243; _module_preset=&#8221;default&#8221; width=&#8221;100%&#8221; max_width=&#8221;1400px&#8221; global_colors_info=&#8221;{}&#8221;][et_pb_column type=&#8221;1_2&#8243; _builder_version=&#8221;4.27.4&#8243; _module_preset=&#8221;default&#8221; global_colors_info=&#8221;{}&#8221;][et_pb_text _builder_version=&#8221;4.27.4&#8243; _module_preset=&#8221;default&#8221; custom_padding=&#8221;||14px|||true&#8221; custom_padding_tablet=&#8221;|15px||15px|false|true&#8221; custom_padding_phone=&#8221;|15px||15px|false|true&#8221; custom_padding_last_edited=&#8221;on|tablet&#8221; global_colors_info=&#8221;{}&#8221;]<\/p>\n<h2>Glyng\u00f8re Camping<br \/>&#8211; een schilderachtig juweeltje bij de Sallingsundbrug<\/h2>\n<div class=\"wpb_text_column wpb_content_element \">\n<div class=\"wpb_wrapper\">\n<p data-start=\"585\" data-end=\"909\">Vlak voor de Sallingsundbrug ligt <strong data-start=\"623\" data-end=\"643\">Glyng\u00f8re Camping<\/strong> &#8211; een schilderachtig juweeltje met een unieke ligging. Het gebied werd oorspronkelijk gebruikt als bouwplaats toen de brug werd gebouwd, maar gelukkig zag iemand het potentieel. Vandaag de dag vind je hier een <strong data-start=\"827\" data-end=\"876\">sfeervolle camping met veel soul<\/strong> &#8211; omgeven door natuur, fjord en rust.  <\/p>\n<p data-start=\"911\" data-end=\"1325\">De camping is <strong data-start=\"937\" data-end=\"949\">9 hectare groot<\/strong> en heeft <strong data-start=\"960\" data-end=\"975\">280 eenheden<\/strong>, <strong data-start=\"977\" data-end=\"990\">19 hutten<\/strong> en <strong data-start=\"994\" data-end=\"1015\">6 huurtenten<\/strong>. Er zijn <strong data-start=\"1031\" data-end=\"1061\">twee moderne toiletgebouwen<\/strong>, een <strong data-start=\"1066\" data-end=\"1097\">overdekt en verwarmd zwembad<\/strong>, grote open ruimtes, speeltuinen en veel ruimte om te ontspannen.<br data-start=\"1165\" data-end=\"1168\">Kies uit schaduwrijke plaatsen in het bos, zonnige beschutte plekken, gezellige hoekjes of plaatsen dicht bij het zwembad &#8211; wat het beste bij je vakantieleven past. <\/p>\n<p data-start=\"1327\" data-end=\"1628\"><strong data-start=\"1327\" data-end=\"1342\">De receptie<\/strong> bevindt zich naast de kiosk, waar je ook een klein caf\u00e9 vindt met ijs, koffie en koude dranken. Het gebouw heeft ook een <strong data-start=\"1462\" data-end=\"1504\">familiekamer, keuken, wasserette, gemeenschappelijke ruimte<\/strong> en <strong data-start=\"1510\" data-end=\"1529\">kleedkamer bij het zwembad<\/strong>. De keuken is uitgerust met <strong data-start=\"1556\" data-end=\"1579\">koelkasten en vriezers<\/strong>, die vrij gebruikt kunnen worden door onze lichte kampeerders.  <\/p>\n<p data-start=\"1630\" data-end=\"1897\">Aan de andere kant van de camping vind je nog een <strong data-start=\"1677\" data-end=\"1747\">toiletgebouw met een familiekamer, babybadkamer, keuken met terras<\/strong> en voorzieningen <strong data-start=\"1769\" data-end=\"1797\">voor het legen van chemische toiletten<\/strong>. In het midden van de camping staat een <strong data-start=\"1833\" data-end=\"1850\">nieuwe toiletwagen<\/strong> &#8211; perfect voor wie op doorreis is. <\/p>\n<p data-start=\"1899\" data-end=\"2005\">Al onze kampeerplaatsen (behalve \u00e9\u00e9n zone voor zeer lichte kampeerders) hebben <strong data-start=\"1974\" data-end=\"2004\">230V stroom met een minimum van 10A<\/strong>.<\/p>\n<p data-start=\"2007\" data-end=\"2201\">Voor de jongere gasten is er genoeg te doen: <strong data-start=\"2059\" data-end=\"2126\">twee speeltuinen, springkussens, ballenbak, tarzanparcours, geitjes aaien<\/strong> en natuurlijk het <strong data-start=\"2147\" data-end=\"2176\">populaire overdekte zwembad<\/strong>, verwarmd tot 27 graden.<\/p>\n<p data-start=\"2203\" data-end=\"2536\">Als je nog meer wilt beleven, ligt <strong data-start=\"2235\" data-end=\"2261\">het Jesperhus Flower Park<\/strong> op slechts 5 km afstand, terwijl <strong data-start=\"2284\" data-end=\"2298\">het Aqua Park<\/strong> en <strong data-start=\"2302\" data-end=\"2318\">het duikpark<\/strong> op slechts 2,5 km afstand liggen.<br data-start=\"2337\" data-end=\"2340\">De stad Glyng\u00f8re biedt een <strong data-start=\"2361\" data-end=\"2421\">gezellige havenomgeving, goede restaurants, winkels en musea<\/strong>, en op korte afstand vind je <strong data-start=\"2456\" data-end=\"2514\">Nyk\u00f8bing Mors, Skive, Sp\u00f8ttrup Borg, Fur en Hjerl Hede<\/strong> &#8211; allemaal een bezoek waard.<\/p>\n<p data-start=\"2538\" data-end=\"2604\"><strong data-start=\"2538\" data-end=\"2604\">Glyng\u00f8re Camping &#8211; een oase van natuur, gezelligheid en geweldige ervaringen.<\/strong><\/p>\n<\/div>\n<\/div>\n<p>[\/et_pb_text][\/et_pb_column][et_pb_column type=&#8221;1_2&#8243; _builder_version=&#8221;4.27.4&#8243; _module_preset=&#8221;default&#8221; global_colors_info=&#8221;{}&#8221;][et_pb_gallery gallery_ids=&#8221;35239,35509,35510,35511,35512&#8243; fullwidth=&#8221;on&#8221; _builder_version=&#8221;4.27.4&#8243; _module_preset=&#8221;default&#8221; global_colors_info=&#8221;{}&#8221;][\/et_pb_gallery][et_pb_gallery gallery_ids=&#8221;35513,35514&#8243; fullwidth=&#8221;on&#8221; _builder_version=&#8221;4.27.4&#8243; _module_preset=&#8221;default&#8221; global_colors_info=&#8221;{}&#8221;][\/et_pb_gallery][\/et_pb_column][\/et_pb_row][\/et_pb_section][et_pb_section fb_built=&#8221;1&#8243; _builder_version=&#8221;4.27.4&#8243; background_enable_color=&#8221;off&#8221; custom_padding=&#8221;0px|0px|0px|0px&#8221; top_divider_height=&#8221;0px&#8221; top_divider_flip=&#8221;vertical&#8221; bottom_divider_style=&#8221;wave2&#8243; bottom_divider_color=&#8221;gcid-7360370f-bdf0-493f-b1f5-2887d5b68e17&#8243; bottom_divider_height_tablet=&#8221;&#8221; bottom_divider_height_phone=&#8221;44px&#8221; bottom_divider_height_last_edited=&#8221;on|phone&#8221; global_colors_info=&#8221;{%22gcid-7360370f-bdf0-493f-b1f5-2887d5b68e17%22:%91%22bottom_divider_color%22%93}&#8221;][\/et_pb_section]<\/p>\n","protected":false},"excerpt":{"rendered":"<p>DE PLAATSGlyng\u00f8re Camping- een schilderachtig juweeltje bij de Sallingsundbrug Vlak voor de Sallingsundbrug ligt Glyng\u00f8re Camping &#8211; een schilderachtig juweeltje met een unieke ligging. Het gebied werd oorspronkelijk gebruikt als [&hellip;]<\/p>\n","protected":false},"author":1,"featured_media":0,"parent":0,"menu_order":0,"comment_status":"closed","ping_status":"closed","template":"","meta":{"_et_pb_use_builder":"on","_et_pb_old_content":"","_et_gb_content_width":"","_price":"","_stock":"","_tribe_ticket_header":"","_tribe_default_ticket_provider":"","_tribe_ticket_capacity":"0","_ticket_start_date":"","_ticket_end_date":"","_tribe_ticket_show_description":"","_tribe_ticket_show_not_going":false,"_tribe_ticket_use_global_stock":"","_tribe_ticket_global_stock_level":"","_global_stock_mode":"","_global_stock_cap":"","_tribe_rsvp_for_event":"","_tribe_ticket_going_count":"","_tribe_ticket_not_going_count":"","_tribe_tickets_list":"[]","_tribe_ticket_has_attendee_info_fields":false,"footnotes":"","_tec_slr_enabled":"","_tec_slr_layout":""},"folder":[],"class_list":["post-35508","page","type-page","status-publish","hentry"],"yoast_head":"<!-- This site is optimized with the Yoast SEO plugin v27.2 - https:\/\/yoast.com\/product\/yoast-seo-wordpress\/ -->\n<title>CAMPING - Glyng\u00f8re Camping<\/title>\n<meta name=\"robots\" content=\"index, follow, max-snippet:-1, max-image-preview:large, max-video-preview:-1\" \/>\n<link rel=\"canonical\" href=\"https:\/\/glyngore-camping.dk\/nl\/camping\/\" \/>\n<meta property=\"og:locale\" content=\"nl_NL\" \/>\n<meta property=\"og:type\" content=\"article\" \/>\n<meta property=\"og:title\" content=\"CAMPING - Glyng\u00f8re Camping\" \/>\n<meta property=\"og:description\" content=\"DE PLAATSGlyng\u00f8re Camping- een schilderachtig juweeltje bij de Sallingsundbrug Vlak voor de Sallingsundbrug ligt Glyng\u00f8re Camping - een schilderachtig juweeltje met een unieke ligging. Het gebied werd oorspronkelijk gebruikt als [&hellip;]\" \/>\n<meta property=\"og:url\" content=\"https:\/\/glyngore-camping.dk\/nl\/camping\/\" \/>\n<meta property=\"og:site_name\" content=\"Glyng\u00f8re Camping\" \/>\n<meta property=\"article:modified_time\" content=\"2025-12-17T15:29:48+00:00\" \/>\n<meta name=\"twitter:card\" content=\"summary_large_image\" \/>\n<meta name=\"twitter:label1\" content=\"Geschatte leestijd\" \/>\n\t<meta name=\"twitter:data1\" content=\"4 minuten\" \/>\n<script type=\"application\/ld+json\" class=\"yoast-schema-graph\">{\"@context\":\"https:\/\/schema.org\",\"@graph\":[{\"@type\":\"WebPage\",\"@id\":\"https:\/\/glyngore-camping.dk\/nl\/camping\/\",\"url\":\"https:\/\/glyngore-camping.dk\/nl\/camping\/\",\"name\":\"CAMPING - Glyng\u00f8re Camping\",\"isPartOf\":{\"@id\":\"https:\/\/glyngore-camping.dk\/nl\/#website\"},\"datePublished\":\"2025-09-14T14:46:30+00:00\",\"dateModified\":\"2025-12-17T15:29:48+00:00\",\"breadcrumb\":{\"@id\":\"https:\/\/glyngore-camping.dk\/nl\/camping\/#breadcrumb\"},\"inLanguage\":\"nl-NL\",\"potentialAction\":[{\"@type\":\"ReadAction\",\"target\":[\"https:\/\/glyngore-camping.dk\/nl\/camping\/\"]}]},{\"@type\":\"BreadcrumbList\",\"@id\":\"https:\/\/glyngore-camping.dk\/nl\/camping\/#breadcrumb\",\"itemListElement\":[{\"@type\":\"ListItem\",\"position\":1,\"name\":\"Hjem\",\"item\":\"https:\/\/glyngore-camping.dk\/nl\/startpagina\/\"},{\"@type\":\"ListItem\",\"position\":2,\"name\":\"CAMPING\"}]},{\"@type\":\"WebSite\",\"@id\":\"https:\/\/glyngore-camping.dk\/nl\/#website\",\"url\":\"https:\/\/glyngore-camping.dk\/nl\/\",\"name\":\"Glyng\u00f8re Camping\",\"description\":\"En oase ved limfjorden\",\"potentialAction\":[{\"@type\":\"SearchAction\",\"target\":{\"@type\":\"EntryPoint\",\"urlTemplate\":\"https:\/\/glyngore-camping.dk\/nl\/?s={search_term_string}\"},\"query-input\":{\"@type\":\"PropertyValueSpecification\",\"valueRequired\":true,\"valueName\":\"search_term_string\"}}],\"inLanguage\":\"nl-NL\"}]}<\/script>\n<!-- \/ Yoast SEO plugin. -->","yoast_head_json":{"title":"CAMPING - Glyng\u00f8re Camping","robots":{"index":"index","follow":"follow","max-snippet":"max-snippet:-1","max-image-preview":"max-image-preview:large","max-video-preview":"max-video-preview:-1"},"canonical":"https:\/\/glyngore-camping.dk\/nl\/camping\/","og_locale":"nl_NL","og_type":"article","og_title":"CAMPING - Glyng\u00f8re Camping","og_description":"DE PLAATSGlyng\u00f8re Camping- een schilderachtig juweeltje bij de Sallingsundbrug Vlak voor de Sallingsundbrug ligt Glyng\u00f8re Camping - een schilderachtig juweeltje met een unieke ligging. Het gebied werd oorspronkelijk gebruikt als [&hellip;]","og_url":"https:\/\/glyngore-camping.dk\/nl\/camping\/","og_site_name":"Glyng\u00f8re Camping","article_modified_time":"2025-12-17T15:29:48+00:00","twitter_card":"summary_large_image","twitter_misc":{"Geschatte leestijd":"4 minuten"},"schema":{"@context":"https:\/\/schema.org","@graph":[{"@type":"WebPage","@id":"https:\/\/glyngore-camping.dk\/nl\/camping\/","url":"https:\/\/glyngore-camping.dk\/nl\/camping\/","name":"CAMPING - Glyng\u00f8re Camping","isPartOf":{"@id":"https:\/\/glyngore-camping.dk\/nl\/#website"},"datePublished":"2025-09-14T14:46:30+00:00","dateModified":"2025-12-17T15:29:48+00:00","breadcrumb":{"@id":"https:\/\/glyngore-camping.dk\/nl\/camping\/#breadcrumb"},"inLanguage":"nl-NL","potentialAction":[{"@type":"ReadAction","target":["https:\/\/glyngore-camping.dk\/nl\/camping\/"]}]},{"@type":"BreadcrumbList","@id":"https:\/\/glyngore-camping.dk\/nl\/camping\/#breadcrumb","itemListElement":[{"@type":"ListItem","position":1,"name":"Hjem","item":"https:\/\/glyngore-camping.dk\/nl\/startpagina\/"},{"@type":"ListItem","position":2,"name":"CAMPING"}]},{"@type":"WebSite","@id":"https:\/\/glyngore-camping.dk\/nl\/#website","url":"https:\/\/glyngore-camping.dk\/nl\/","name":"Glyng\u00f8re Camping","description":"En oase ved limfjorden","potentialAction":[{"@type":"SearchAction","target":{"@type":"EntryPoint","urlTemplate":"https:\/\/glyngore-camping.dk\/nl\/?s={search_term_string}"},"query-input":{"@type":"PropertyValueSpecification","valueRequired":true,"valueName":"search_term_string"}}],"inLanguage":"nl-NL"}]}},"ticketed":false,"_links":{"self":[{"href":"https:\/\/glyngore-camping.dk\/nl\/wp-json\/wp\/v2\/pages\/35508","targetHints":{"allow":["GET"]}}],"collection":[{"href":"https:\/\/glyngore-camping.dk\/nl\/wp-json\/wp\/v2\/pages"}],"about":[{"href":"https:\/\/glyngore-camping.dk\/nl\/wp-json\/wp\/v2\/types\/page"}],"author":[{"embeddable":true,"href":"https:\/\/glyngore-camping.dk\/nl\/wp-json\/wp\/v2\/users\/1"}],"replies":[{"embeddable":true,"href":"https:\/\/glyngore-camping.dk\/nl\/wp-json\/wp\/v2\/comments?post=35508"}],"version-history":[{"count":3,"href":"https:\/\/glyngore-camping.dk\/nl\/wp-json\/wp\/v2\/pages\/35508\/revisions"}],"predecessor-version":[{"id":36215,"href":"https:\/\/glyngore-camping.dk\/nl\/wp-json\/wp\/v2\/pages\/35508\/revisions\/36215"}],"wp:attachment":[{"href":"https:\/\/glyngore-camping.dk\/nl\/wp-json\/wp\/v2\/media?parent=35508"}],"wp:term":[{"taxonomy":"folder","embeddable":true,"href":"https:\/\/glyngore-camping.dk\/nl\/wp-json\/wp\/v2\/folder?post=35508"}],"curies":[{"name":"wp","href":"https:\/\/api.w.org\/{rel}","templated":true}]}}