{"id":35936,"date":"2025-09-14T15:50:35","date_gmt":"2025-09-14T14:50:35","guid":{"rendered":"https:\/\/glyngore-camping.dk\/when-you-rent\/glyngoere-cabins\/"},"modified":"2025-12-16T21:12:57","modified_gmt":"2025-12-16T20:12:57","slug":"glyngoere-cabins","status":"publish","type":"page","link":"https:\/\/glyngore-camping.dk\/en\/when-you-rent\/glyngoere-cabins\/","title":{"rendered":"GLYNG\u00d8RE CABINS"},"content":{"rendered":"<p>[et_pb_section fb_built=&#8221;1&#8243; custom_padding_last_edited=&#8221;on|tablet&#8221; _builder_version=&#8221;4.27.4&#8243; background_image=&#8221;https:\/\/glyngore-camping.dk\/wp-content\/uploads\/2025\/09\/Bagsiden.jpg&#8221; height=&#8221;500px&#8221; height_tablet=&#8221;500px&#8221; height_phone=&#8221;500px&#8221; height_last_edited=&#8221;on|phone&#8221; custom_padding=&#8221;0px||350px||false|false&#8221; custom_padding_tablet=&#8221;||150px||false|false&#8221; custom_padding_phone=&#8221;||25px&#8221; bottom_divider_style=&#8221;waves2&#8243; bottom_divider_color=&#8221;#ffffff&#8221; bottom_divider_height=&#8221;150px&#8221; bottom_divider_height_tablet=&#8221;&#8221; bottom_divider_height_phone=&#8221;63px&#8221; bottom_divider_height_last_edited=&#8221;on|phone&#8221; box_shadow_style=&#8221;preset1&#8243; box_shadow_position=&#8221;inner&#8221; global_colors_info=&#8221;{%22gcid-primary-color%22:%91%22background_color_gradient_stops%22%93,%22gcid-secondary-color%22:%91%22background_color_gradient_stops%22%93,%22gcid-7360370f-bdf0-493f-b1f5-2887d5b68e17%22:%91%22background_color_gradient_stops%22%93,%22gcid-ffc7ad8e-ca9f-4ff9-9684-db89d03277e3%22:%91%22background_color_gradient_stops%22%93}&#8221; background__hover_enabled=&#8221;off|desktop&#8221;][et_pb_row _builder_version=&#8221;4.16&#8243; background_size=&#8221;initial&#8221; background_position=&#8221;top_left&#8221; background_repeat=&#8221;repeat&#8221; custom_padding=&#8221;50px|0px|65px|0px||&#8221; global_colors_info=&#8221;{}&#8221;][et_pb_column type=&#8221;4_4&#8243; _builder_version=&#8221;4.16&#8243; custom_padding=&#8221;|||&#8221; global_colors_info=&#8221;{}&#8221; custom_padding__hover=&#8221;|||&#8221;][et_pb_text _builder_version=&#8221;4.27.4&#8243; header_2_font=&#8221;|800|||||||&#8221; header_2_text_align=&#8221;center&#8221; header_2_text_color=&#8221;#ffffff&#8221; header_2_font_size=&#8221;60px&#8221; background_layout=&#8221;dark&#8221; custom_margin=&#8221;||20px|&#8221; animation_style=&#8221;slide&#8221; animation_direction=&#8221;bottom&#8221; header_2_font_size_tablet=&#8221;&#8221; header_2_font_size_phone=&#8221;30px&#8221; header_2_font_size_last_edited=&#8221;on|phone&#8221; header_2_text_shadow_style=&#8221;preset2&#8243; header_2_text_shadow_horizontal_length=&#8221;0em&#8221; header_2_text_shadow_vertical_length=&#8221;0.1em&#8221; header_2_text_shadow_blur_strength=&#8221;0.1em&#8221; header_2_text_shadow_color=&#8221;rgba(0,0,0,0.3)&#8221; global_colors_info=&#8221;{}&#8221;]<\/p>\n<h2>GLYNG\u00d8RE CABINS  <\/h2>\n<p>[\/et_pb_text][\/et_pb_column][\/et_pb_row][\/et_pb_section][et_pb_section fb_built=&#8221;1&#8243; _builder_version=&#8221;4.27.4&#8243; z_index=&#8221;-20&#8243; custom_padding=&#8221;20px|0px|20px|0px|true|false&#8221; bottom_divider_color=&#8221;gcid-7360370f-bdf0-493f-b1f5-2887d5b68e17&#8243; global_colors_info=&#8221;{%22gcid-7360370f-bdf0-493f-b1f5-2887d5b68e17%22:%91%22bottom_divider_color%22%93}&#8221;][et_pb_row column_structure=&#8221;3_5,2_5&#8243; make_equal=&#8221;on&#8221; module_class=&#8221;custom_row_95&#8243; _builder_version=&#8221;4.27.4&#8243; width=&#8221;100%&#8221; custom_padding=&#8221;0px||0px|&#8221; animation_style=&#8221;zoom&#8221; animation_delay=&#8221;250ms&#8221; border_radii=&#8221;on|5px|5px|5px|5px&#8221; global_colors_info=&#8221;{}&#8221; custom_padding_phone=&#8221;||30px||false|false&#8221; custom_padding_last_edited=&#8221;on|phone&#8221; custom_padding_tablet=&#8221;0px||0px|&#8221;][et_pb_column type=&#8221;3_5&#8243; _builder_version=&#8221;4.16&#8243; background_color=&#8221;#ffffff&#8221; custom_padding=&#8221;50px|50px|50px|50px&#8221; custom_padding_tablet=&#8221;50px|25px|50px|25px&#8221; custom_padding_phone=&#8221;&#8221; custom_padding_last_edited=&#8221;on|phone&#8221; global_colors_info=&#8221;{}&#8221; padding_tablet=&#8221;50px|25px|50px|25px&#8221; padding_last_edited=&#8221;on|phone&#8221; custom_padding__hover=&#8221;|||&#8221; padding_phone=&#8221;50px|25px|50px|25px&#8221;][et_pb_text _builder_version=&#8221;4.27.4&#8243; global_colors_info=&#8221;{}&#8221;]<\/p>\n<h3>Glyng\u00f8re Cabins, luxury cabins, hotel apartments, Motel Glyng\u00f8re, <br \/>&#8230;dear child has many names!!!<\/h3>\n<p>&nbsp;<\/p>\n<p>Whatever the name, you&#8217;ll get a lovely cabin with a lot of comfort.<\/p>\n<p>The cabins can accommodate up to 4 people (2 in the loft) and are decorated in a bright and modern style.<br \/>You get your own shower &amp; toilet, a cozy living room and a private terrace where you can enjoy your morning coffee or the long summer evenings.<\/p>\n<p>We welcome the whole family &#8211; including the dog &#8211; so no one has to stay home to enjoy your vacation.<\/p>\n<p>If you have any questions, you are always welcome to call us on 97 73 17 88 or send us an email.<\/p>\n<p><strong>Purchase options<\/strong><\/p>\n<ul>\n<li>\n<div role=\"presentation\">Bed linen: sheets, duvet cover, pillowcase, pillowcase, towel<\/div>\n<\/li>\n<li>\n<div role=\"presentation\">Breakfast tray: 2 rolls, butter, cheese, jam, nutella, coffee\/tea, juice, pastry<\/div>\n<\/li>\n<\/ul>\n<p>[\/et_pb_text][\/et_pb_column][et_pb_column type=&#8221;2_5&#8243; _builder_version=&#8221;4.27.4&#8243; background_color=&#8221;gcid-7360370f-bdf0-493f-b1f5-2887d5b68e17&#8243; background_enable_image=&#8221;off&#8221; custom_padding=&#8221;||25px|&#8221; custom_padding_last_edited=&#8221;off|phone&#8221; border_radii=&#8221;on|30px|30px|30px|30px&#8221; box_shadow_style=&#8221;preset1&#8243; global_colors_info=&#8221;{%22gcid-7360370f-bdf0-493f-b1f5-2887d5b68e17%22:%91%22background_color%22%93}&#8221; padding_last_edited=&#8221;off|phone&#8221; custom_padding__hover=&#8221;|||&#8221;][et_pb_image src=&#8221;https:\/\/glyngore-camping.dk\/wp-content\/uploads\/2025\/10\/Glyngoere-hytte.png&#8221; title_text=&#8221;Glyng\u00f8re cabin&#8221; align_tablet=&#8221;center&#8221; align_phone=&#8221;&#8221; align_last_edited=&#8221;on|desktop&#8221; _builder_version=&#8221;4.27.4&#8243; border_style=&#8221;solid&#8221; global_colors_info=&#8221;{}&#8221;][\/et_pb_image][et_pb_blurb icon_placement=&#8221;left&#8221; image_icon_width=&#8221;20px&#8221; module_class=&#8221;contact_detail_blurb&#8221; _builder_version=&#8221;4.27.4&#8243; header_font=&#8221;|on|||&#8221; header_font_size=&#8221;16&#8243; body_font_size=&#8221;15&#8243; body_line_height=&#8221;1.5em&#8221; background_layout=&#8221;dark&#8221; custom_padding=&#8221;|||50px&#8221; custom_padding_tablet=&#8221;&#8221; custom_padding_phone=&#8221;|||25px&#8221; custom_padding_last_edited=&#8221;on|phone&#8221; animation=&#8221;off&#8221; border_style_all=&#8221;solid&#8221; border_style=&#8221;solid&#8221; icon_font_size=&#8221;20px&#8221; global_colors_info=&#8221;{}&#8221;]<\/p>\n<ul>\n<li>Room for up to 4 people<\/li>\n<li>Kitchen with fridge\/freezer and oven<\/li>\n<li>Indoor and outdoor dining area<\/li>\n<li>Sleeping area with 2 box mattress beds in open connection with the rest<\/li>\n<li>Loft with 2 beds (low ceiling height).<\/li>\n<li>Bathroom with shower and toilet.<\/li>\n<li>TV corner with smart TV.<\/li>\n<li>Wifi in the cabin.<\/li>\n<li>Several terraces attached to the cabin.<\/li>\n<li>Note that all sleeping compartments are in the same room.<\/li>\n<\/ul>\n<p>[\/et_pb_blurb][et_pb_button button_url=&#8221;https:\/\/onlinebooking.camp\/Glyngorecamping?lang=da&#8221; button_text=&#8221;BOOK A CABIN NOW&#8221; button_alignment=&#8221;center&#8221; _builder_version=&#8221;4.27.4&#8243; _module_preset=&#8221;default&#8221; global_colors_info=&#8221;{}&#8221;][\/et_pb_button][\/et_pb_column][\/et_pb_row][et_pb_row use_custom_gutter=&#8221;on&#8221; gutter_width=&#8221;1&#8243; disabled_on=&#8221;on|off|off&#8221; _builder_version=&#8221;4.27.4&#8243; _module_preset=&#8221;default&#8221; width=&#8221;100%&#8221; max_width=&#8221;100%&#8221; global_colors_info=&#8221;{}&#8221;][et_pb_column type=&#8221;4_4&#8243; _builder_version=&#8221;4.27.4&#8243; _module_preset=&#8221;default&#8221; global_colors_info=&#8221;{}&#8221;][et_pb_gallery gallery_ids=&#8221;35937,35938,35939,35940,35720,35941,35327,35942&#8243; posts_number=&#8221;8&#8243; show_title_and_caption=&#8221;off&#8221; show_pagination=&#8221;off&#8221; _builder_version=&#8221;4.27.4&#8243; _module_preset=&#8221;default&#8221; z_index=&#8221;-15&#8243; global_colors_info=&#8221;{}&#8221;][\/et_pb_gallery][\/et_pb_column][\/et_pb_row][\/et_pb_section][et_pb_section fb_built=&#8221;1&#8243; _builder_version=&#8221;4.27.4&#8243; background_enable_color=&#8221;off&#8221; z_index=&#8221;0&#8243; custom_padding=&#8221;0px|0px|0px|0px&#8221; top_divider_height=&#8221;0px&#8221; top_divider_flip=&#8221;vertical&#8221; bottom_divider_style=&#8221;wave2&#8243; bottom_divider_color=&#8221;gcid-7360370f-bdf0-493f-b1f5-2887d5b68e17&#8243; bottom_divider_height_tablet=&#8221;&#8221; bottom_divider_height_phone=&#8221;44px&#8221; bottom_divider_height_last_edited=&#8221;on|phone&#8221; global_colors_info=&#8221;{%22gcid-7360370f-bdf0-493f-b1f5-2887d5b68e17%22:%91%22bottom_divider_color%22%93}&#8221;][\/et_pb_section]<\/p>\n","protected":false},"excerpt":{"rendered":"<p>GLYNG\u00d8RE CABINS Glyng\u00f8re Cabins, luxury cabins, hotel apartments, Motel Glyng\u00f8re, &#8230;dear child has many names!!! &nbsp; Whatever the name, you&#8217;ll get a lovely cabin with a lot of comfort. The [&hellip;]<\/p>\n","protected":false},"author":1,"featured_media":0,"parent":35714,"menu_order":0,"comment_status":"closed","ping_status":"closed","template":"","meta":{"_et_pb_use_builder":"on","_et_pb_old_content":"","_et_gb_content_width":"","_price":"","_stock":"","_tribe_ticket_header":"","_tribe_default_ticket_provider":"","_tribe_ticket_capacity":"0","_ticket_start_date":"","_ticket_end_date":"","_tribe_ticket_show_description":"","_tribe_ticket_show_not_going":false,"_tribe_ticket_use_global_stock":"","_tribe_ticket_global_stock_level":"","_global_stock_mode":"","_global_stock_cap":"","_tribe_rsvp_for_event":"","_tribe_ticket_going_count":"","_tribe_ticket_not_going_count":"","_tribe_tickets_list":"[]","_tribe_ticket_has_attendee_info_fields":false,"footnotes":"","_tec_slr_enabled":"","_tec_slr_layout":""},"folder":[],"class_list":["post-35936","page","type-page","status-publish","hentry"],"yoast_head":"<!-- This site is optimized with the Yoast SEO plugin v27.2 - https:\/\/yoast.com\/product\/yoast-seo-wordpress\/ -->\n<title>GLYNG\u00d8RE CABINS - Glyng\u00f8re Camping<\/title>\n<meta name=\"robots\" content=\"index, follow, max-snippet:-1, max-image-preview:large, max-video-preview:-1\" \/>\n<link rel=\"canonical\" href=\"https:\/\/glyngore-camping.dk\/en\/when-you-rent\/glyngoere-cabins\/\" \/>\n<meta property=\"og:locale\" content=\"en_US\" \/>\n<meta property=\"og:type\" content=\"article\" \/>\n<meta property=\"og:title\" content=\"GLYNG\u00d8RE CABINS - Glyng\u00f8re Camping\" \/>\n<meta property=\"og:description\" content=\"GLYNG\u00d8RE CABINS Glyng\u00f8re Cabins, luxury cabins, hotel apartments, Motel Glyng\u00f8re, ...dear child has many names!!! &nbsp; Whatever the name, you&#039;ll get a lovely cabin with a lot of comfort. The [&hellip;]\" \/>\n<meta property=\"og:url\" content=\"https:\/\/glyngore-camping.dk\/en\/when-you-rent\/glyngoere-cabins\/\" \/>\n<meta property=\"og:site_name\" content=\"Glyng\u00f8re Camping\" \/>\n<meta property=\"article:modified_time\" content=\"2025-12-16T20:12:57+00:00\" \/>\n<meta name=\"twitter:card\" content=\"summary_large_image\" \/>\n<meta name=\"twitter:label1\" content=\"Est. reading time\" \/>\n\t<meta name=\"twitter:data1\" content=\"5 minutes\" \/>\n<script type=\"application\/ld+json\" class=\"yoast-schema-graph\">{\"@context\":\"https:\/\/schema.org\",\"@graph\":[{\"@type\":\"WebPage\",\"@id\":\"https:\/\/glyngore-camping.dk\/en\/when-you-rent\/glyngoere-cabins\/\",\"url\":\"https:\/\/glyngore-camping.dk\/en\/when-you-rent\/glyngoere-cabins\/\",\"name\":\"GLYNG\u00d8RE CABINS - Glyng\u00f8re Camping\",\"isPartOf\":{\"@id\":\"https:\/\/glyngore-camping.dk\/en\/#website\"},\"datePublished\":\"2025-09-14T14:50:35+00:00\",\"dateModified\":\"2025-12-16T20:12:57+00:00\",\"breadcrumb\":{\"@id\":\"https:\/\/glyngore-camping.dk\/en\/when-you-rent\/glyngoere-cabins\/#breadcrumb\"},\"inLanguage\":\"en-US\",\"potentialAction\":[{\"@type\":\"ReadAction\",\"target\":[\"https:\/\/glyngore-camping.dk\/en\/when-you-rent\/glyngoere-cabins\/\"]}]},{\"@type\":\"BreadcrumbList\",\"@id\":\"https:\/\/glyngore-camping.dk\/en\/when-you-rent\/glyngoere-cabins\/#breadcrumb\",\"itemListElement\":[{\"@type\":\"ListItem\",\"position\":1,\"name\":\"Hjem\",\"item\":\"https:\/\/glyngore-camping.dk\/en\/home-page\/\"},{\"@type\":\"ListItem\",\"position\":2,\"name\":\"WHEN YOU RENT\",\"item\":\"https:\/\/glyngore-camping.dk\/en\/when-you-rent\/\"},{\"@type\":\"ListItem\",\"position\":3,\"name\":\"GLYNG\u00d8RE CABINS\"}]},{\"@type\":\"WebSite\",\"@id\":\"https:\/\/glyngore-camping.dk\/en\/#website\",\"url\":\"https:\/\/glyngore-camping.dk\/en\/\",\"name\":\"Glyng\u00f8re Camping\",\"description\":\"En oase ved limfjorden\",\"potentialAction\":[{\"@type\":\"SearchAction\",\"target\":{\"@type\":\"EntryPoint\",\"urlTemplate\":\"https:\/\/glyngore-camping.dk\/en\/?s={search_term_string}\"},\"query-input\":{\"@type\":\"PropertyValueSpecification\",\"valueRequired\":true,\"valueName\":\"search_term_string\"}}],\"inLanguage\":\"en-US\"}]}<\/script>\n<!-- \/ Yoast SEO plugin. -->","yoast_head_json":{"title":"GLYNG\u00d8RE CABINS - Glyng\u00f8re Camping","robots":{"index":"index","follow":"follow","max-snippet":"max-snippet:-1","max-image-preview":"max-image-preview:large","max-video-preview":"max-video-preview:-1"},"canonical":"https:\/\/glyngore-camping.dk\/en\/when-you-rent\/glyngoere-cabins\/","og_locale":"en_US","og_type":"article","og_title":"GLYNG\u00d8RE CABINS - Glyng\u00f8re Camping","og_description":"GLYNG\u00d8RE CABINS Glyng\u00f8re Cabins, luxury cabins, hotel apartments, Motel Glyng\u00f8re, ...dear child has many names!!! &nbsp; Whatever the name, you'll get a lovely cabin with a lot of comfort. The [&hellip;]","og_url":"https:\/\/glyngore-camping.dk\/en\/when-you-rent\/glyngoere-cabins\/","og_site_name":"Glyng\u00f8re Camping","article_modified_time":"2025-12-16T20:12:57+00:00","twitter_card":"summary_large_image","twitter_misc":{"Est. reading time":"5 minutes"},"schema":{"@context":"https:\/\/schema.org","@graph":[{"@type":"WebPage","@id":"https:\/\/glyngore-camping.dk\/en\/when-you-rent\/glyngoere-cabins\/","url":"https:\/\/glyngore-camping.dk\/en\/when-you-rent\/glyngoere-cabins\/","name":"GLYNG\u00d8RE CABINS - Glyng\u00f8re Camping","isPartOf":{"@id":"https:\/\/glyngore-camping.dk\/en\/#website"},"datePublished":"2025-09-14T14:50:35+00:00","dateModified":"2025-12-16T20:12:57+00:00","breadcrumb":{"@id":"https:\/\/glyngore-camping.dk\/en\/when-you-rent\/glyngoere-cabins\/#breadcrumb"},"inLanguage":"en-US","potentialAction":[{"@type":"ReadAction","target":["https:\/\/glyngore-camping.dk\/en\/when-you-rent\/glyngoere-cabins\/"]}]},{"@type":"BreadcrumbList","@id":"https:\/\/glyngore-camping.dk\/en\/when-you-rent\/glyngoere-cabins\/#breadcrumb","itemListElement":[{"@type":"ListItem","position":1,"name":"Hjem","item":"https:\/\/glyngore-camping.dk\/en\/home-page\/"},{"@type":"ListItem","position":2,"name":"WHEN YOU RENT","item":"https:\/\/glyngore-camping.dk\/en\/when-you-rent\/"},{"@type":"ListItem","position":3,"name":"GLYNG\u00d8RE CABINS"}]},{"@type":"WebSite","@id":"https:\/\/glyngore-camping.dk\/en\/#website","url":"https:\/\/glyngore-camping.dk\/en\/","name":"Glyng\u00f8re Camping","description":"En oase ved limfjorden","potentialAction":[{"@type":"SearchAction","target":{"@type":"EntryPoint","urlTemplate":"https:\/\/glyngore-camping.dk\/en\/?s={search_term_string}"},"query-input":{"@type":"PropertyValueSpecification","valueRequired":true,"valueName":"search_term_string"}}],"inLanguage":"en-US"}]}},"ticketed":false,"_links":{"self":[{"href":"https:\/\/glyngore-camping.dk\/en\/wp-json\/wp\/v2\/pages\/35936","targetHints":{"allow":["GET"]}}],"collection":[{"href":"https:\/\/glyngore-camping.dk\/en\/wp-json\/wp\/v2\/pages"}],"about":[{"href":"https:\/\/glyngore-camping.dk\/en\/wp-json\/wp\/v2\/types\/page"}],"author":[{"embeddable":true,"href":"https:\/\/glyngore-camping.dk\/en\/wp-json\/wp\/v2\/users\/1"}],"replies":[{"embeddable":true,"href":"https:\/\/glyngore-camping.dk\/en\/wp-json\/wp\/v2\/comments?post=35936"}],"version-history":[{"count":9,"href":"https:\/\/glyngore-camping.dk\/en\/wp-json\/wp\/v2\/pages\/35936\/revisions"}],"predecessor-version":[{"id":36012,"href":"https:\/\/glyngore-camping.dk\/en\/wp-json\/wp\/v2\/pages\/35936\/revisions\/36012"}],"up":[{"embeddable":true,"href":"https:\/\/glyngore-camping.dk\/en\/wp-json\/wp\/v2\/pages\/35714"}],"wp:attachment":[{"href":"https:\/\/glyngore-camping.dk\/en\/wp-json\/wp\/v2\/media?parent=35936"}],"wp:term":[{"taxonomy":"folder","embeddable":true,"href":"https:\/\/glyngore-camping.dk\/en\/wp-json\/wp\/v2\/folder?post=35936"}],"curies":[{"name":"wp","href":"https:\/\/api.w.org\/{rel}","templated":true}]}}