{"id":35527,"date":"2025-09-14T15:46:56","date_gmt":"2025-09-14T14:46:56","guid":{"rendered":"https:\/\/glyngore-camping.dk\/camping\/seasonal-guests\/"},"modified":"2025-12-16T21:11:26","modified_gmt":"2025-12-16T20:11:26","slug":"seasonal-guests","status":"publish","type":"page","link":"https:\/\/glyngore-camping.dk\/en\/camping\/seasonal-guests\/","title":{"rendered":"SEASONAL GUESTS"},"content":{"rendered":"<p>[et_pb_section fb_built=&#8221;1&#8243; custom_padding_last_edited=&#8221;on|tablet&#8221; _builder_version=&#8221;4.27.4&#8243; background_image=&#8221;https:\/\/glyngore-camping.dk\/wp-content\/uploads\/2025\/09\/SPAND1.jpg&#8221; height=&#8221;500px&#8221; height_tablet=&#8221;500px&#8221; height_phone=&#8221;500px&#8221; height_last_edited=&#8221;on|phone&#8221; custom_padding=&#8221;0px||350px||false|false&#8221; custom_padding_tablet=&#8221;||150px||false|false&#8221; custom_padding_phone=&#8221;||25px&#8221; bottom_divider_style=&#8221;waves2&#8243; bottom_divider_color=&#8221;#ffffff&#8221; bottom_divider_height=&#8221;150px&#8221; bottom_divider_height_tablet=&#8221;&#8221; bottom_divider_height_phone=&#8221;63px&#8221; bottom_divider_height_last_edited=&#8221;on|phone&#8221; box_shadow_style=&#8221;preset1&#8243; box_shadow_position=&#8221;inner&#8221; global_colors_info=&#8221;{%22gcid-primary-color%22:%91%22background_color_gradient_stops%22%93,%22gcid-secondary-color%22:%91%22background_color_gradient_stops%22%93,%22gcid-7360370f-bdf0-493f-b1f5-2887d5b68e17%22:%91%22background_color_gradient_stops%22%93,%22gcid-ffc7ad8e-ca9f-4ff9-9684-db89d03277e3%22:%91%22background_color_gradient_stops%22%93}&#8221; admin_label=&#8221;Sektion&#8221;][et_pb_row _builder_version=&#8221;4.16&#8243; background_size=&#8221;initial&#8221; background_position=&#8221;top_left&#8221; background_repeat=&#8221;repeat&#8221; custom_padding=&#8221;50px|0px|65px|0px||&#8221; global_colors_info=&#8221;{}&#8221;][et_pb_column type=&#8221;4_4&#8243; _builder_version=&#8221;4.16&#8243; custom_padding=&#8221;|||&#8221; global_colors_info=&#8221;{}&#8221; custom_padding__hover=&#8221;|||&#8221;][et_pb_text _builder_version=&#8221;4.27.4&#8243; header_2_font=&#8221;|800|||||||&#8221; header_2_text_align=&#8221;center&#8221; header_2_text_color=&#8221;#ffffff&#8221; header_2_font_size=&#8221;60px&#8221; background_layout=&#8221;dark&#8221; custom_margin=&#8221;||20px|&#8221; animation_style=&#8221;slide&#8221; animation_direction=&#8221;bottom&#8221; header_2_font_size_tablet=&#8221;&#8221; header_2_font_size_phone=&#8221;30px&#8221; header_2_font_size_last_edited=&#8221;on|phone&#8221; header_2_text_shadow_style=&#8221;preset2&#8243; header_2_text_shadow_horizontal_length=&#8221;0em&#8221; header_2_text_shadow_vertical_length=&#8221;0.1em&#8221; header_2_text_shadow_blur_strength=&#8221;0.1em&#8221; header_2_text_shadow_color=&#8221;rgba(0,0,0,0.3)&#8221; global_colors_info=&#8221;{}&#8221;]<\/p>\n<h2>SEASON SPACE<\/h2>\n<p>[\/et_pb_text][\/et_pb_column][\/et_pb_row][\/et_pb_section][et_pb_section fb_built=&#8221;1&#8243; _builder_version=&#8221;4.27.4&#8243; z_index=&#8221;-20&#8243; custom_padding=&#8221;20px|0px|20px|0px|true|false&#8221; bottom_divider_color=&#8221;gcid-7360370f-bdf0-493f-b1f5-2887d5b68e17&#8243; hover_enabled=&#8221;0&#8243; global_colors_info=&#8221;{%22gcid-7360370f-bdf0-493f-b1f5-2887d5b68e17%22:%91%22bottom_divider_color%22%93}&#8221; custom_padding_last_edited=&#8221;on|tablet&#8221; sticky_enabled=&#8221;0&#8243; custom_padding_tablet=&#8221;20px|0px|20px|0px|true|false&#8221; custom_padding_phone=&#8221;20px|0px|20px|0px|true|false&#8221;][et_pb_row column_structure=&#8221;3_5,2_5&#8243; make_equal=&#8221;on&#8221; module_class=&#8221;custom_row_95&#8243; _builder_version=&#8221;4.27.4&#8243; width=&#8221;100%&#8221; custom_padding=&#8221;0px||0px|&#8221; animation_style=&#8221;zoom&#8221; animation_delay=&#8221;250ms&#8221; border_radii=&#8221;on|5px|5px|5px|5px&#8221; global_colors_info=&#8221;{}&#8221;][et_pb_column type=&#8221;3_5&#8243; _builder_version=&#8221;4.16&#8243; background_color=&#8221;#ffffff&#8221; custom_padding=&#8221;50px|50px|50px|50px&#8221; custom_padding_tablet=&#8221;50px|25px|50px|25px&#8221; custom_padding_phone=&#8221;&#8221; custom_padding_last_edited=&#8221;on|phone&#8221; global_colors_info=&#8221;{}&#8221; padding_tablet=&#8221;50px|25px|50px|25px&#8221; padding_last_edited=&#8221;on|phone&#8221; custom_padding__hover=&#8221;|||&#8221; padding_phone=&#8221;50px|25px|50px|25px&#8221;][et_pb_text _builder_version=&#8221;4.27.4&#8243; global_colors_info=&#8221;{}&#8221;]<\/p>\n<h3>Seasonal pitch in Glyng\u00f8re<\/h3>\n<p>&nbsp;<\/p>\n<p><span>With a seasonal pitch at Glyng\u00f8re Camping you can just relax. The caravan is always ready for use upon arrival, which means you&#8217;ll have plenty of time for a walk on the beach, shopping in town, a trip to Jesperhus Blomsterpark or simply enjoying the season and the lovely hours in the caravan. <\/span><\/p>\n<p><span>You don&#8217;t have to worry about finding the space or setting up when you arrive &#8211; it&#8217;s all ready for you throughout the season and don&#8217;t worry; guests are of course welcome.<\/span><\/p>\n<p>[\/et_pb_text][et_pb_text _builder_version=&#8221;4.27.4&#8243; global_colors_info=&#8221;{}&#8221;]<\/p>\n<h3>Season prices 2026<\/h3>\n<table border=\"1\" style=\"border-collapse: collapse; width: 100%; height: 215px;\">\n<tbody>\n<tr style=\"height: 48px;\">\n<td style=\"width: 75%; height: 48px;\">Spring 27.3 &#8211; 28.06.2026<\/td>\n<td style=\"width: 25%; height: 48px;\">kr. 5500,-<\/td>\n<\/tr>\n<tr style=\"height: 24px;\">\n<td style=\"width: 50%; height: 24px;\">Summer 26 (27.03 &#8211; 18.10)<\/td>\n<td style=\"width: 50%; height: 24px;\">kr. 11.000,-<\/td>\n<\/tr>\n<tr style=\"height: 24px;\">\n<td style=\"width: 50%; height: 24px;\">Autumn (10.08.25 &#8211; 19.10.25)<\/td>\n<td style=\"width: 50%; height: 24px;\">DKK 3000,-<\/td>\n<\/tr>\n<tr style=\"height: 24px;\">\n<td style=\"width: 50%; height: 24px;\">Winter (19.10.25 &#8211; 20.03.26)<\/td>\n<td style=\"width: 50%; height: 24px;\">kr. 3500,-<\/td>\n<\/tr>\n<tr style=\"height: 24px;\">\n<td style=\"width: 50%; height: 24px;\">Winter storage<\/td>\n<td style=\"width: 50%; height: 24px;\">kr. 700,-<\/td>\n<\/tr>\n<tr style=\"height: 24px;\">\n<td style=\"width: 50%; height: 23px;\">365 days camping 2026 -1 full calendar year<\/td>\n<td style=\"width: 50%; height: 23px;\">kr. 13000,-<\/td>\n<\/tr>\n<tr style=\"height: 24px;\">\n<td style=\"width: 50%; height: 24px;\">Payment breakdown (full year season)<\/td>\n<td style=\"width: 50%; height: 24px;\">DKK 500,-<\/td>\n<\/tr>\n<\/tbody>\n<\/table>\n<p>Unfortunately, we cannot guarantee the price of electricity as it is dependent on a constantly changing kWh price.<\/p>\n<p>At present, it amounts to 4 kr\/kWh<\/p>\n<p>[\/et_pb_text][et_pb_button button_url=&#8221;@ET-DC@eyJkeW5hbWljIjp0cnVlLCJjb250ZW50IjoicG9zdF9saW5rX3VybF9wYWdlIiwic2V0dGluZ3MiOnsicG9zdF9pZCI6IjMzODQxIn19@&#8221; button_text=&#8221;See rental conditions for permanent residents&#8221; button_alignment=&#8221;center&#8221; admin_label=&#8221;Knap&#8221; _builder_version=&#8221;4.27.4&#8243; _dynamic_attributes=&#8221;button_url&#8221; _module_preset=&#8221;default&#8221; global_colors_info=&#8221;{}&#8221;][\/et_pb_button][\/et_pb_column][et_pb_column type=&#8221;2_5&#8243; _builder_version=&#8221;4.27.4&#8243; background_color=&#8221;gcid-7360370f-bdf0-493f-b1f5-2887d5b68e17&#8243; background_enable_image=&#8221;off&#8221; custom_padding=&#8221;||25px|&#8221; custom_padding_last_edited=&#8221;off|phone&#8221; custom_css_main_element=&#8221;margin:auto;&#8221; border_radii=&#8221;on|30px|30px|30px|30px&#8221; box_shadow_style=&#8221;preset1&#8243; global_colors_info=&#8221;{%22gcid-7360370f-bdf0-493f-b1f5-2887d5b68e17%22:%91%22background_color%22%93}&#8221; padding_last_edited=&#8221;off|phone&#8221; custom_padding__hover=&#8221;|||&#8221;][et_pb_image src=&#8221;https:\/\/glyngore-camping.dk\/wp-content\/uploads\/2025\/10\/IMG_20210202_084402.jpg&#8221; title_text=&#8221;IMG_20210202_084402&#8243; align_tablet=&#8221;center&#8221; align_phone=&#8221;&#8221; align_last_edited=&#8221;on|desktop&#8221; _builder_version=&#8221;4.27.4&#8243; border_style=&#8221;solid&#8221; global_colors_info=&#8221;{}&#8221;][\/et_pb_image][et_pb_blurb icon_placement=&#8221;left&#8221; image_icon_width=&#8221;20px&#8221; module_class=&#8221;contact_detail_blurb&#8221; _builder_version=&#8221;4.27.4&#8243; header_font=&#8221;|on|||&#8221; header_font_size=&#8221;16&#8243; body_font_size=&#8221;15&#8243; body_line_height=&#8221;1.5em&#8221; background_layout=&#8221;dark&#8221; custom_padding=&#8221;|||50px&#8221; custom_padding_tablet=&#8221;&#8221; custom_padding_phone=&#8221;|||25px&#8221; custom_padding_last_edited=&#8221;on|phone&#8221; animation=&#8221;off&#8221; border_style_all=&#8221;solid&#8221; border_style=&#8221;solid&#8221; icon_font_size=&#8221;20px&#8221; global_colors_info=&#8221;{}&#8221;]<\/p>\n<ul>\n<li>The price includes one named family with children under 18 living at home.<\/li>\n<li>Guest card incl. (not pool access) <\/li>\n<li>The pool is included. (guests pay) <\/li>\n<li>Internet is included.<\/li>\n<li>Dog is included.<\/li>\n<li>Meter connection is included<\/li>\n<li>Bath incl.<\/li>\n<li>Grandchildren under 18 years incl.<\/li>\n<li>Overnight guests must always be announced.<\/li>\n<\/ul>\n<p>[\/et_pb_blurb][et_pb_button button_url=&#8221;https:\/\/onlinebooking.camp\/Glyngorecamping?lang=da&#8221; button_text=&#8221;BOOK NOW&#8221; button_alignment=&#8221;center&#8221; _builder_version=&#8221;4.27.4&#8243; _module_preset=&#8221;default&#8221; global_colors_info=&#8221;{}&#8221;][\/et_pb_button][\/et_pb_column][\/et_pb_row][et_pb_row use_custom_gutter=&#8221;on&#8221; gutter_width=&#8221;1&#8243; _builder_version=&#8221;4.27.4&#8243; _module_preset=&#8221;default&#8221; width=&#8221;100%&#8221; max_width=&#8221;100%&#8221; global_colors_info=&#8221;{}&#8221;][et_pb_column type=&#8221;4_4&#8243; _builder_version=&#8221;4.27.4&#8243; _module_preset=&#8221;default&#8221; global_colors_info=&#8221;{}&#8221;][et_pb_gallery gallery_ids=&#8221;33967,33968,33969,33970,33971,33972,33973,33974&#8243; posts_number=&#8221;8&#8243; show_title_and_caption=&#8221;off&#8221; show_pagination=&#8221;off&#8221; _builder_version=&#8221;4.27.4&#8243; _module_preset=&#8221;default&#8221; z_index=&#8221;-15&#8243; global_colors_info=&#8221;{}&#8221;][\/et_pb_gallery][\/et_pb_column][\/et_pb_row][\/et_pb_section][et_pb_section fb_built=&#8221;1&#8243; _builder_version=&#8221;4.27.4&#8243; background_enable_color=&#8221;off&#8221; z_index=&#8221;0&#8243; custom_padding=&#8221;0px|0px|0px|0px&#8221; top_divider_height=&#8221;0px&#8221; top_divider_flip=&#8221;vertical&#8221; bottom_divider_style=&#8221;wave2&#8243; bottom_divider_color=&#8221;gcid-7360370f-bdf0-493f-b1f5-2887d5b68e17&#8243; bottom_divider_height_tablet=&#8221;&#8221; bottom_divider_height_phone=&#8221;44px&#8221; bottom_divider_height_last_edited=&#8221;on|phone&#8221; global_colors_info=&#8221;{%22gcid-7360370f-bdf0-493f-b1f5-2887d5b68e17%22:%91%22bottom_divider_color%22%93}&#8221;][\/et_pb_section]<\/p>\n","protected":false},"excerpt":{"rendered":"<p>SEASON SPACESeasonal pitch in Glyng\u00f8re &nbsp; With a seasonal pitch at Glyng\u00f8re Camping you can just relax. The caravan is always ready for use upon arrival, which means you&#8217;ll have [&hellip;]<\/p>\n","protected":false},"author":1,"featured_media":0,"parent":35492,"menu_order":0,"comment_status":"closed","ping_status":"closed","template":"","meta":{"_et_pb_use_builder":"on","_et_pb_old_content":"","_et_gb_content_width":"","_price":"","_stock":"","_tribe_ticket_header":"","_tribe_default_ticket_provider":"","_tribe_ticket_capacity":"0","_ticket_start_date":"","_ticket_end_date":"","_tribe_ticket_show_description":"","_tribe_ticket_show_not_going":false,"_tribe_ticket_use_global_stock":"","_tribe_ticket_global_stock_level":"","_global_stock_mode":"","_global_stock_cap":"","_tribe_rsvp_for_event":"","_tribe_ticket_going_count":"","_tribe_ticket_not_going_count":"","_tribe_tickets_list":"[]","_tribe_ticket_has_attendee_info_fields":false,"footnotes":"","_tec_slr_enabled":"","_tec_slr_layout":""},"folder":[],"class_list":["post-35527","page","type-page","status-publish","hentry"],"yoast_head":"<!-- This site is optimized with the Yoast SEO plugin v27.2 - https:\/\/yoast.com\/product\/yoast-seo-wordpress\/ -->\n<title>SEASONAL GUESTS - Glyng\u00f8re Camping<\/title>\n<meta name=\"robots\" content=\"index, follow, max-snippet:-1, max-image-preview:large, max-video-preview:-1\" \/>\n<link rel=\"canonical\" href=\"https:\/\/glyngore-camping.dk\/en\/camping\/seasonal-guests\/\" \/>\n<meta property=\"og:locale\" content=\"en_US\" \/>\n<meta property=\"og:type\" content=\"article\" \/>\n<meta property=\"og:title\" content=\"SEASONAL GUESTS - Glyng\u00f8re Camping\" \/>\n<meta property=\"og:description\" content=\"SEASON SPACESeasonal pitch in Glyng\u00f8re &nbsp; With a seasonal pitch at Glyng\u00f8re Camping you can just relax. The caravan is always ready for use upon arrival, which means you&#039;ll have [&hellip;]\" \/>\n<meta property=\"og:url\" content=\"https:\/\/glyngore-camping.dk\/en\/camping\/seasonal-guests\/\" \/>\n<meta property=\"og:site_name\" content=\"Glyng\u00f8re Camping\" \/>\n<meta property=\"article:modified_time\" content=\"2025-12-16T20:11:26+00:00\" \/>\n<meta name=\"twitter:card\" content=\"summary_large_image\" \/>\n<meta name=\"twitter:label1\" content=\"Est. reading time\" \/>\n\t<meta name=\"twitter:data1\" content=\"5 minutes\" \/>\n<script type=\"application\/ld+json\" class=\"yoast-schema-graph\">{\"@context\":\"https:\/\/schema.org\",\"@graph\":[{\"@type\":\"WebPage\",\"@id\":\"https:\/\/glyngore-camping.dk\/en\/camping\/seasonal-guests\/\",\"url\":\"https:\/\/glyngore-camping.dk\/en\/camping\/seasonal-guests\/\",\"name\":\"SEASONAL GUESTS - Glyng\u00f8re Camping\",\"isPartOf\":{\"@id\":\"https:\/\/glyngore-camping.dk\/en\/#website\"},\"datePublished\":\"2025-09-14T14:46:56+00:00\",\"dateModified\":\"2025-12-16T20:11:26+00:00\",\"breadcrumb\":{\"@id\":\"https:\/\/glyngore-camping.dk\/en\/camping\/seasonal-guests\/#breadcrumb\"},\"inLanguage\":\"en-US\",\"potentialAction\":[{\"@type\":\"ReadAction\",\"target\":[\"https:\/\/glyngore-camping.dk\/en\/camping\/seasonal-guests\/\"]}]},{\"@type\":\"BreadcrumbList\",\"@id\":\"https:\/\/glyngore-camping.dk\/en\/camping\/seasonal-guests\/#breadcrumb\",\"itemListElement\":[{\"@type\":\"ListItem\",\"position\":1,\"name\":\"Hjem\",\"item\":\"https:\/\/glyngore-camping.dk\/en\/home-page\/\"},{\"@type\":\"ListItem\",\"position\":2,\"name\":\"CAMPING\",\"item\":\"https:\/\/glyngore-camping.dk\/en\/camping\/\"},{\"@type\":\"ListItem\",\"position\":3,\"name\":\"SEASONAL GUESTS\"}]},{\"@type\":\"WebSite\",\"@id\":\"https:\/\/glyngore-camping.dk\/en\/#website\",\"url\":\"https:\/\/glyngore-camping.dk\/en\/\",\"name\":\"Glyng\u00f8re Camping\",\"description\":\"En oase ved limfjorden\",\"potentialAction\":[{\"@type\":\"SearchAction\",\"target\":{\"@type\":\"EntryPoint\",\"urlTemplate\":\"https:\/\/glyngore-camping.dk\/en\/?s={search_term_string}\"},\"query-input\":{\"@type\":\"PropertyValueSpecification\",\"valueRequired\":true,\"valueName\":\"search_term_string\"}}],\"inLanguage\":\"en-US\"}]}<\/script>\n<!-- \/ Yoast SEO plugin. -->","yoast_head_json":{"title":"SEASONAL GUESTS - Glyng\u00f8re Camping","robots":{"index":"index","follow":"follow","max-snippet":"max-snippet:-1","max-image-preview":"max-image-preview:large","max-video-preview":"max-video-preview:-1"},"canonical":"https:\/\/glyngore-camping.dk\/en\/camping\/seasonal-guests\/","og_locale":"en_US","og_type":"article","og_title":"SEASONAL GUESTS - Glyng\u00f8re Camping","og_description":"SEASON SPACESeasonal pitch in Glyng\u00f8re &nbsp; With a seasonal pitch at Glyng\u00f8re Camping you can just relax. The caravan is always ready for use upon arrival, which means you'll have [&hellip;]","og_url":"https:\/\/glyngore-camping.dk\/en\/camping\/seasonal-guests\/","og_site_name":"Glyng\u00f8re Camping","article_modified_time":"2025-12-16T20:11:26+00:00","twitter_card":"summary_large_image","twitter_misc":{"Est. reading time":"5 minutes"},"schema":{"@context":"https:\/\/schema.org","@graph":[{"@type":"WebPage","@id":"https:\/\/glyngore-camping.dk\/en\/camping\/seasonal-guests\/","url":"https:\/\/glyngore-camping.dk\/en\/camping\/seasonal-guests\/","name":"SEASONAL GUESTS - Glyng\u00f8re Camping","isPartOf":{"@id":"https:\/\/glyngore-camping.dk\/en\/#website"},"datePublished":"2025-09-14T14:46:56+00:00","dateModified":"2025-12-16T20:11:26+00:00","breadcrumb":{"@id":"https:\/\/glyngore-camping.dk\/en\/camping\/seasonal-guests\/#breadcrumb"},"inLanguage":"en-US","potentialAction":[{"@type":"ReadAction","target":["https:\/\/glyngore-camping.dk\/en\/camping\/seasonal-guests\/"]}]},{"@type":"BreadcrumbList","@id":"https:\/\/glyngore-camping.dk\/en\/camping\/seasonal-guests\/#breadcrumb","itemListElement":[{"@type":"ListItem","position":1,"name":"Hjem","item":"https:\/\/glyngore-camping.dk\/en\/home-page\/"},{"@type":"ListItem","position":2,"name":"CAMPING","item":"https:\/\/glyngore-camping.dk\/en\/camping\/"},{"@type":"ListItem","position":3,"name":"SEASONAL GUESTS"}]},{"@type":"WebSite","@id":"https:\/\/glyngore-camping.dk\/en\/#website","url":"https:\/\/glyngore-camping.dk\/en\/","name":"Glyng\u00f8re Camping","description":"En oase ved limfjorden","potentialAction":[{"@type":"SearchAction","target":{"@type":"EntryPoint","urlTemplate":"https:\/\/glyngore-camping.dk\/en\/?s={search_term_string}"},"query-input":{"@type":"PropertyValueSpecification","valueRequired":true,"valueName":"search_term_string"}}],"inLanguage":"en-US"}]}},"ticketed":false,"_links":{"self":[{"href":"https:\/\/glyngore-camping.dk\/en\/wp-json\/wp\/v2\/pages\/35527","targetHints":{"allow":["GET"]}}],"collection":[{"href":"https:\/\/glyngore-camping.dk\/en\/wp-json\/wp\/v2\/pages"}],"about":[{"href":"https:\/\/glyngore-camping.dk\/en\/wp-json\/wp\/v2\/types\/page"}],"author":[{"embeddable":true,"href":"https:\/\/glyngore-camping.dk\/en\/wp-json\/wp\/v2\/users\/1"}],"replies":[{"embeddable":true,"href":"https:\/\/glyngore-camping.dk\/en\/wp-json\/wp\/v2\/comments?post=35527"}],"version-history":[{"count":1,"href":"https:\/\/glyngore-camping.dk\/en\/wp-json\/wp\/v2\/pages\/35527\/revisions"}],"predecessor-version":[{"id":35531,"href":"https:\/\/glyngore-camping.dk\/en\/wp-json\/wp\/v2\/pages\/35527\/revisions\/35531"}],"up":[{"embeddable":true,"href":"https:\/\/glyngore-camping.dk\/en\/wp-json\/wp\/v2\/pages\/35492"}],"wp:attachment":[{"href":"https:\/\/glyngore-camping.dk\/en\/wp-json\/wp\/v2\/media?parent=35527"}],"wp:term":[{"taxonomy":"folder","embeddable":true,"href":"https:\/\/glyngore-camping.dk\/en\/wp-json\/wp\/v2\/folder?post=35527"}],"curies":[{"name":"wp","href":"https:\/\/api.w.org\/{rel}","templated":true}]}}