{"id":35492,"date":"2025-09-14T15:46:30","date_gmt":"2025-09-14T14:46:30","guid":{"rendered":"https:\/\/glyngore-camping.dk\/camping\/"},"modified":"2025-12-16T21:11:25","modified_gmt":"2025-12-16T20:11:25","slug":"camping","status":"publish","type":"page","link":"https:\/\/glyngore-camping.dk\/en\/camping\/","title":{"rendered":"CAMPING"},"content":{"rendered":"<p>[et_pb_section fb_built=&#8221;1&#8243; custom_padding_last_edited=&#8221;on|tablet&#8221; _builder_version=&#8221;4.27.4&#8243; background_image=&#8221;https:\/\/glyngore-camping.dk\/wp-content\/uploads\/2025\/08\/IMG_20200718_170947-scaled.jpg&#8221; height=&#8221;500px&#8221; height_tablet=&#8221;500px&#8221; height_phone=&#8221;500px&#8221; height_last_edited=&#8221;on|phone&#8221; custom_padding=&#8221;0px||350px||false|false&#8221; custom_padding_tablet=&#8221;||150px||false|false&#8221; custom_padding_phone=&#8221;||25px&#8221; bottom_divider_style=&#8221;waves2&#8243; bottom_divider_color=&#8221;#ffffff&#8221; bottom_divider_height=&#8221;150px&#8221; bottom_divider_height_tablet=&#8221;&#8221; bottom_divider_height_phone=&#8221;63px&#8221; bottom_divider_height_last_edited=&#8221;on|phone&#8221; box_shadow_style=&#8221;preset1&#8243; box_shadow_position=&#8221;inner&#8221; global_colors_info=&#8221;{%22gcid-primary-color%22:%91%22background_color_gradient_stops%22%93,%22gcid-secondary-color%22:%91%22background_color_gradient_stops%22%93,%22gcid-7360370f-bdf0-493f-b1f5-2887d5b68e17%22:%91%22background_color_gradient_stops%22%93,%22gcid-ffc7ad8e-ca9f-4ff9-9684-db89d03277e3%22:%91%22background_color_gradient_stops%22%93}&#8221;][et_pb_row _builder_version=&#8221;4.16&#8243; background_size=&#8221;initial&#8221; background_position=&#8221;top_left&#8221; background_repeat=&#8221;repeat&#8221; custom_padding=&#8221;50px|0px|65px|0px||&#8221; global_colors_info=&#8221;{}&#8221;][et_pb_column type=&#8221;4_4&#8243; _builder_version=&#8221;4.16&#8243; custom_padding=&#8221;|||&#8221; global_colors_info=&#8221;{}&#8221; custom_padding__hover=&#8221;|||&#8221;][et_pb_text _builder_version=&#8221;4.27.4&#8243; header_2_font=&#8221;|800|||||||&#8221; header_2_text_align=&#8221;center&#8221; header_2_text_color=&#8221;#ffffff&#8221; header_2_font_size=&#8221;60px&#8221; background_layout=&#8221;dark&#8221; custom_margin=&#8221;||20px|&#8221; animation_style=&#8221;slide&#8221; animation_direction=&#8221;bottom&#8221; header_2_font_size_tablet=&#8221;&#8221; header_2_font_size_phone=&#8221;30px&#8221; header_2_font_size_last_edited=&#8221;on|phone&#8221; header_2_text_shadow_style=&#8221;preset2&#8243; header_2_text_shadow_horizontal_length=&#8221;0em&#8221; header_2_text_shadow_vertical_length=&#8221;0.1em&#8221; header_2_text_shadow_blur_strength=&#8221;0.1em&#8221; header_2_text_shadow_color=&#8221;rgba(0,0,0,0.3)&#8221; global_colors_info=&#8221;{}&#8221;]<\/p>\n<h2>THE PLACE<\/h2>\n<p>[\/et_pb_text][\/et_pb_column][\/et_pb_row][\/et_pb_section][et_pb_section fb_built=&#8221;1&#8243; _builder_version=&#8221;4.27.4&#8243; custom_padding=&#8221;100px|0px|100px|0px&#8221; hover_enabled=&#8221;0&#8243; global_colors_info=&#8221;{}&#8221; custom_padding_last_edited=&#8221;on|phone&#8221; sticky_enabled=&#8221;0&#8243; custom_padding_tablet=&#8221;20px||||false|false&#8221; custom_padding_phone=&#8221;20px||||false|false&#8221;][et_pb_row column_structure=&#8221;1_2,1_2&#8243; _builder_version=&#8221;4.27.4&#8243; _module_preset=&#8221;default&#8221; width=&#8221;100%&#8221; max_width=&#8221;1400px&#8221; global_colors_info=&#8221;{}&#8221;][et_pb_column type=&#8221;1_2&#8243; _builder_version=&#8221;4.27.4&#8243; _module_preset=&#8221;default&#8221; global_colors_info=&#8221;{}&#8221;][et_pb_text _builder_version=&#8221;4.27.4&#8243; _module_preset=&#8221;default&#8221; custom_padding=&#8221;||14px|||true&#8221; custom_padding_tablet=&#8221;|15px||15px|false|true&#8221; custom_padding_phone=&#8221;|15px||15px|false|true&#8221; custom_padding_last_edited=&#8221;on|tablet&#8221; global_colors_info=&#8221;{}&#8221;]<\/p>\n<h2>Glyng\u00f8re Camping<br \/>&#8211; a scenic gem by the Sallingsund Bridge<\/h2>\n<div class=\"wpb_text_column wpb_content_element \">\n<div class=\"wpb_wrapper\">\n<p data-start=\"585\" data-end=\"909\">Just before the Sallingsund Bridge you&#8217;ll find <strong data-start=\"623\" data-end=\"643\">Glyng\u00f8re Camping<\/strong> &#8211; a scenic gem with a unique location. The area was originally used as a construction site when the bridge was built, but luckily someone saw the potential. Today, you&#8217;ll find an <strong data-start=\"827\" data-end=\"876\">atmospheric campsite with lots of soul<\/strong> &#8211; surrounded by nature, fjord and tranquillity.  <\/p>\n<p data-start=\"911\" data-end=\"1325\">The site covers <strong data-start=\"937\" data-end=\"949\">9 hectares<\/strong> and has <strong data-start=\"960\" data-end=\"975\">280 units<\/strong>, <strong data-start=\"977\" data-end=\"990\">19 cabins<\/strong> and <strong data-start=\"994\" data-end=\"1015\">6 rental tents<\/strong>. There are <strong data-start=\"1031\" data-end=\"1061\">two modern toilet buildings<\/strong>, a <strong data-start=\"1066\" data-end=\"1097\">covered and heated pool<\/strong>, large open spaces, playgrounds and plenty of room to relax.<br data-start=\"1165\" data-end=\"1168\">Choose from shady pitches in the forest, sunny sheltered areas, cozy corners or pitches close to the pool &#8211; whatever suits your holiday life. <\/p>\n<p data-start=\"1327\" data-end=\"1628\"><strong data-start=\"1327\" data-end=\"1342\">The reception<\/strong> is located next to the kiosk, where you will also find a small caf\u00e9 with ice cream, coffee and cold drinks. The building also has a <strong data-start=\"1462\" data-end=\"1504\">family room, kitchen, laundry, common room<\/strong> and <strong data-start=\"1510\" data-end=\"1529\">pool changing rooms<\/strong>. The kitchen is equipped with <strong data-start=\"1556\" data-end=\"1579\">refrigerators and freezers<\/strong>, which can be used freely by our light campers.  <\/p>\n<p data-start=\"1630\" data-end=\"1897\">At the other end of the site you&#8217;ll find another <strong data-start=\"1677\" data-end=\"1747\">toilet building with a family room, baby bathroom, kitchen with terrace<\/strong> and <strong data-start=\"1769\" data-end=\"1797\">chemical toilet emptying<\/strong> facilities. There is also a <strong data-start=\"1833\" data-end=\"1850\">new toilet trailer<\/strong> in the middle of the site &#8211; perfect for those just passing through. <\/p>\n<p data-start=\"1899\" data-end=\"2005\">All our pitches (except one area for very light campers) have <strong data-start=\"1974\" data-end=\"2004\">230V power with a minimum of 10A<\/strong>.<\/p>\n<p data-start=\"2007\" data-end=\"2201\">For younger guests, there&#8217;s plenty to keep them busy: <strong data-start=\"2059\" data-end=\"2126\">two playgrounds, bouncy castles, ball area, tarzan course, petting goats<\/strong> and of course the <strong data-start=\"2147\" data-end=\"2176\">popular covered pool<\/strong>, heated to 27 degrees.<\/p>\n<p data-start=\"2203\" data-end=\"2536\">If you want to experience even more, <strong data-start=\"2235\" data-end=\"2261\">Jesperhus Flower Park<\/strong> is only 5 km away, while <strong data-start=\"2284\" data-end=\"2298\">the Aqua Park<\/strong> and <strong data-start=\"2302\" data-end=\"2318\">dive park<\/strong> are only 2.5 km away.<br data-start=\"2337\" data-end=\"2340\">Glyng\u00f8re town offers a <strong data-start=\"2361\" data-end=\"2421\">cozy harbor environment, good restaurants, shopping and museums<\/strong>, and within a short distance you will find <strong data-start=\"2456\" data-end=\"2514\">Nyk\u00f8bing Mors, Skive, Sp\u00f8ttrup Borg, Fur and Hjerl Hede<\/strong> &#8211; all worth a visit.<\/p>\n<p data-start=\"2538\" data-end=\"2604\"><strong data-start=\"2538\" data-end=\"2604\">Glyng\u00f8re Camping &#8211; an oasis of nature, coziness and great experiences.<\/strong><\/p>\n<\/div>\n<\/div>\n<p>[\/et_pb_text][\/et_pb_column][et_pb_column type=&#8221;1_2&#8243; _builder_version=&#8221;4.27.4&#8243; _module_preset=&#8221;default&#8221; global_colors_info=&#8221;{}&#8221;][et_pb_gallery gallery_ids=&#8221;35253,35494,35495,35496,35497&#8243; fullwidth=&#8221;on&#8221; _builder_version=&#8221;4.27.4&#8243; _module_preset=&#8221;default&#8221; global_colors_info=&#8221;{}&#8221;][\/et_pb_gallery][et_pb_gallery gallery_ids=&#8221;35498,35499&#8243; fullwidth=&#8221;on&#8221; _builder_version=&#8221;4.27.4&#8243; _module_preset=&#8221;default&#8221; global_colors_info=&#8221;{}&#8221;][\/et_pb_gallery][\/et_pb_column][\/et_pb_row][\/et_pb_section][et_pb_section fb_built=&#8221;1&#8243; _builder_version=&#8221;4.27.4&#8243; background_enable_color=&#8221;off&#8221; custom_padding=&#8221;0px|0px|0px|0px&#8221; top_divider_height=&#8221;0px&#8221; top_divider_flip=&#8221;vertical&#8221; bottom_divider_style=&#8221;wave2&#8243; bottom_divider_color=&#8221;gcid-7360370f-bdf0-493f-b1f5-2887d5b68e17&#8243; bottom_divider_height_tablet=&#8221;&#8221; bottom_divider_height_phone=&#8221;44px&#8221; bottom_divider_height_last_edited=&#8221;on|phone&#8221; global_colors_info=&#8221;{%22gcid-7360370f-bdf0-493f-b1f5-2887d5b68e17%22:%91%22bottom_divider_color%22%93}&#8221;][\/et_pb_section]<\/p>\n","protected":false},"excerpt":{"rendered":"<p>THE PLACEGlyng\u00f8re Camping- a scenic gem by the Sallingsund Bridge Just before the Sallingsund Bridge you&#8217;ll find Glyng\u00f8re Camping &#8211; a scenic gem with a unique location. The area was [&hellip;]<\/p>\n","protected":false},"author":1,"featured_media":0,"parent":0,"menu_order":0,"comment_status":"closed","ping_status":"closed","template":"","meta":{"_et_pb_use_builder":"on","_et_pb_old_content":"","_et_gb_content_width":"","_price":"","_stock":"","_tribe_ticket_header":"","_tribe_default_ticket_provider":"","_tribe_ticket_capacity":"0","_ticket_start_date":"","_ticket_end_date":"","_tribe_ticket_show_description":"","_tribe_ticket_show_not_going":false,"_tribe_ticket_use_global_stock":"","_tribe_ticket_global_stock_level":"","_global_stock_mode":"","_global_stock_cap":"","_tribe_rsvp_for_event":"","_tribe_ticket_going_count":"","_tribe_ticket_not_going_count":"","_tribe_tickets_list":"[]","_tribe_ticket_has_attendee_info_fields":false,"footnotes":"","_tec_slr_enabled":"","_tec_slr_layout":""},"folder":[],"class_list":["post-35492","page","type-page","status-publish","hentry"],"yoast_head":"<!-- This site is optimized with the Yoast SEO plugin v27.2 - https:\/\/yoast.com\/product\/yoast-seo-wordpress\/ -->\n<title>CAMPING - Glyng\u00f8re Camping<\/title>\n<meta name=\"robots\" content=\"index, follow, max-snippet:-1, max-image-preview:large, max-video-preview:-1\" \/>\n<link rel=\"canonical\" href=\"https:\/\/glyngore-camping.dk\/en\/camping\/\" \/>\n<meta property=\"og:locale\" content=\"en_US\" \/>\n<meta property=\"og:type\" content=\"article\" \/>\n<meta property=\"og:title\" content=\"CAMPING - Glyng\u00f8re Camping\" \/>\n<meta property=\"og:description\" content=\"THE PLACEGlyng\u00f8re Camping- a scenic gem by the Sallingsund Bridge Just before the Sallingsund Bridge you&#039;ll find Glyng\u00f8re Camping - a scenic gem with a unique location. The area was [&hellip;]\" \/>\n<meta property=\"og:url\" content=\"https:\/\/glyngore-camping.dk\/en\/camping\/\" \/>\n<meta property=\"og:site_name\" content=\"Glyng\u00f8re Camping\" \/>\n<meta property=\"article:modified_time\" content=\"2025-12-16T20:11:25+00:00\" \/>\n<meta name=\"twitter:card\" content=\"summary_large_image\" \/>\n<meta name=\"twitter:label1\" content=\"Est. reading time\" \/>\n\t<meta name=\"twitter:data1\" content=\"4 minutes\" \/>\n<script type=\"application\/ld+json\" class=\"yoast-schema-graph\">{\"@context\":\"https:\/\/schema.org\",\"@graph\":[{\"@type\":\"WebPage\",\"@id\":\"https:\/\/glyngore-camping.dk\/en\/camping\/\",\"url\":\"https:\/\/glyngore-camping.dk\/en\/camping\/\",\"name\":\"CAMPING - Glyng\u00f8re Camping\",\"isPartOf\":{\"@id\":\"https:\/\/glyngore-camping.dk\/en\/#website\"},\"datePublished\":\"2025-09-14T14:46:30+00:00\",\"dateModified\":\"2025-12-16T20:11:25+00:00\",\"breadcrumb\":{\"@id\":\"https:\/\/glyngore-camping.dk\/en\/camping\/#breadcrumb\"},\"inLanguage\":\"en-US\",\"potentialAction\":[{\"@type\":\"ReadAction\",\"target\":[\"https:\/\/glyngore-camping.dk\/en\/camping\/\"]}]},{\"@type\":\"BreadcrumbList\",\"@id\":\"https:\/\/glyngore-camping.dk\/en\/camping\/#breadcrumb\",\"itemListElement\":[{\"@type\":\"ListItem\",\"position\":1,\"name\":\"Hjem\",\"item\":\"https:\/\/glyngore-camping.dk\/en\/home-page\/\"},{\"@type\":\"ListItem\",\"position\":2,\"name\":\"CAMPING\"}]},{\"@type\":\"WebSite\",\"@id\":\"https:\/\/glyngore-camping.dk\/en\/#website\",\"url\":\"https:\/\/glyngore-camping.dk\/en\/\",\"name\":\"Glyng\u00f8re Camping\",\"description\":\"En oase ved limfjorden\",\"potentialAction\":[{\"@type\":\"SearchAction\",\"target\":{\"@type\":\"EntryPoint\",\"urlTemplate\":\"https:\/\/glyngore-camping.dk\/en\/?s={search_term_string}\"},\"query-input\":{\"@type\":\"PropertyValueSpecification\",\"valueRequired\":true,\"valueName\":\"search_term_string\"}}],\"inLanguage\":\"en-US\"}]}<\/script>\n<!-- \/ Yoast SEO plugin. -->","yoast_head_json":{"title":"CAMPING - Glyng\u00f8re Camping","robots":{"index":"index","follow":"follow","max-snippet":"max-snippet:-1","max-image-preview":"max-image-preview:large","max-video-preview":"max-video-preview:-1"},"canonical":"https:\/\/glyngore-camping.dk\/en\/camping\/","og_locale":"en_US","og_type":"article","og_title":"CAMPING - Glyng\u00f8re Camping","og_description":"THE PLACEGlyng\u00f8re Camping- a scenic gem by the Sallingsund Bridge Just before the Sallingsund Bridge you'll find Glyng\u00f8re Camping - a scenic gem with a unique location. The area was [&hellip;]","og_url":"https:\/\/glyngore-camping.dk\/en\/camping\/","og_site_name":"Glyng\u00f8re Camping","article_modified_time":"2025-12-16T20:11:25+00:00","twitter_card":"summary_large_image","twitter_misc":{"Est. reading time":"4 minutes"},"schema":{"@context":"https:\/\/schema.org","@graph":[{"@type":"WebPage","@id":"https:\/\/glyngore-camping.dk\/en\/camping\/","url":"https:\/\/glyngore-camping.dk\/en\/camping\/","name":"CAMPING - Glyng\u00f8re Camping","isPartOf":{"@id":"https:\/\/glyngore-camping.dk\/en\/#website"},"datePublished":"2025-09-14T14:46:30+00:00","dateModified":"2025-12-16T20:11:25+00:00","breadcrumb":{"@id":"https:\/\/glyngore-camping.dk\/en\/camping\/#breadcrumb"},"inLanguage":"en-US","potentialAction":[{"@type":"ReadAction","target":["https:\/\/glyngore-camping.dk\/en\/camping\/"]}]},{"@type":"BreadcrumbList","@id":"https:\/\/glyngore-camping.dk\/en\/camping\/#breadcrumb","itemListElement":[{"@type":"ListItem","position":1,"name":"Hjem","item":"https:\/\/glyngore-camping.dk\/en\/home-page\/"},{"@type":"ListItem","position":2,"name":"CAMPING"}]},{"@type":"WebSite","@id":"https:\/\/glyngore-camping.dk\/en\/#website","url":"https:\/\/glyngore-camping.dk\/en\/","name":"Glyng\u00f8re Camping","description":"En oase ved limfjorden","potentialAction":[{"@type":"SearchAction","target":{"@type":"EntryPoint","urlTemplate":"https:\/\/glyngore-camping.dk\/en\/?s={search_term_string}"},"query-input":{"@type":"PropertyValueSpecification","valueRequired":true,"valueName":"search_term_string"}}],"inLanguage":"en-US"}]}},"ticketed":false,"_links":{"self":[{"href":"https:\/\/glyngore-camping.dk\/en\/wp-json\/wp\/v2\/pages\/35492","targetHints":{"allow":["GET"]}}],"collection":[{"href":"https:\/\/glyngore-camping.dk\/en\/wp-json\/wp\/v2\/pages"}],"about":[{"href":"https:\/\/glyngore-camping.dk\/en\/wp-json\/wp\/v2\/types\/page"}],"author":[{"embeddable":true,"href":"https:\/\/glyngore-camping.dk\/en\/wp-json\/wp\/v2\/users\/1"}],"replies":[{"embeddable":true,"href":"https:\/\/glyngore-camping.dk\/en\/wp-json\/wp\/v2\/comments?post=35492"}],"version-history":[{"count":2,"href":"https:\/\/glyngore-camping.dk\/en\/wp-json\/wp\/v2\/pages\/35492\/revisions"}],"predecessor-version":[{"id":35532,"href":"https:\/\/glyngore-camping.dk\/en\/wp-json\/wp\/v2\/pages\/35492\/revisions\/35532"}],"wp:attachment":[{"href":"https:\/\/glyngore-camping.dk\/en\/wp-json\/wp\/v2\/media?parent=35492"}],"wp:term":[{"taxonomy":"folder","embeddable":true,"href":"https:\/\/glyngore-camping.dk\/en\/wp-json\/wp\/v2\/folder?post=35492"}],"curies":[{"name":"wp","href":"https:\/\/api.w.org\/{rel}","templated":true}]}}