{"id":35968,"date":"2025-09-14T15:46:30","date_gmt":"2025-09-14T14:46:30","guid":{"rendered":"https:\/\/glyngore-camping.dk\/camping\/"},"modified":"2025-12-17T17:17:11","modified_gmt":"2025-12-17T16:17:11","slug":"camping","status":"publish","type":"page","link":"https:\/\/glyngore-camping.dk\/de\/camping\/","title":{"rendered":"CAMPING"},"content":{"rendered":"<p>[et_pb_section fb_built=&#8220;1&#8243; custom_padding_last_edited=&#8220;on|tablet&#8220; _builder_version=&#8220;4.27.4&#8243; background_image=&#8220;https:\/\/glyngore-camping.dk\/wp-content\/uploads\/2025\/08\/IMG_20200718_170947-scaled.jpg&#8220; height=&#8220;500px&#8220; height_tablet=&#8220;500px&#8220; height_phone=&#8220;500px&#8220; height_last_edited=&#8220;on|phone&#8220; custom_padding=&#8220;0px||350px||false|false&#8220; custom_padding_tablet=&#8220;||150px||false|false&#8220; custom_padding_phone=&#8220;||25px&#8220; bottom_divider_style=&#8220;waves2&#8243; bottom_divider_color=&#8220;#ffffff&#8220; bottom_divider_height=&#8220;150px&#8220; bottom_divider_height_tablet=&#8220;&#8220; bottom_divider_height_phone=&#8220;63px&#8220; bottom_divider_height_last_edited=&#8220;on|phone&#8220; box_shadow_style=&#8220;preset1&#8243; box_shadow_position=&#8220;inner&#8220; global_colors_info=&#8220;{%22gcid-primary-color%22:%91%22background_color_gradient_stops%22%93,%22gcid-secondary-color%22:%91%22background_color_gradient_stops%22%93,%22gcid-7360370f-bdf0-493f-b1f5-2887d5b68e17%22:%91%22background_color_gradient_stops%22%93,%22gcid-ffc7ad8e-ca9f-4ff9-9684-db89d03277e3%22:%91%22background_color_gradient_stops%22%93}&#8220;][et_pb_row _builder_version=&#8220;4.16&#8243; background_size=&#8220;initial&#8220; background_position=&#8220;top_left&#8220; background_repeat=&#8220;repeat&#8220; custom_padding=&#8220;50px|0px|65px|0px||&#8220; global_colors_info=&#8220;{}&#8220;][et_pb_column type=&#8220;4_4&#8243; _builder_version=&#8220;4.16&#8243; custom_padding=&#8220;|||&#8220; global_colors_info=&#8220;{}&#8220; custom_padding__hover=&#8220;|||&#8220;][et_pb_text _builder_version=&#8220;4.27.4&#8243; header_2_font=&#8220;|800|||||||&#8220; header_2_text_align=&#8220;center&#8220; header_2_text_color=&#8220;#ffffff&#8220; header_2_font_size=&#8220;60px&#8220; background_layout=&#8220;dark&#8220; custom_margin=&#8220;||20px|&#8220; animation_style=&#8220;slide&#8220; animation_direction=&#8220;bottom&#8220; header_2_font_size_tablet=&#8220;&#8220; header_2_font_size_phone=&#8220;30px&#8220; header_2_font_size_last_edited=&#8220;on|phone&#8220; header_2_text_shadow_style=&#8220;preset2&#8243; header_2_text_shadow_horizontal_length=&#8220;0em&#8220; header_2_text_shadow_vertical_length=&#8220;0.1em&#8220; header_2_text_shadow_blur_strength=&#8220;0.1em&#8220; header_2_text_shadow_color=&#8220;rgba(0,0,0,0.3)&#8220; global_colors_info=&#8220;{}&#8220;]<\/p>\n<h2>DER PLATZ<\/h2>\n<p>[\/et_pb_text][\/et_pb_column][\/et_pb_row][\/et_pb_section][et_pb_section fb_built=&#8220;1&#8243; _builder_version=&#8220;4.27.4&#8243; custom_padding=&#8220;100px|0px|100px|0px&#8220; hover_enabled=&#8220;0&#8243; global_colors_info=&#8220;{}&#8220; custom_padding_last_edited=&#8220;on|phone&#8220; sticky_enabled=&#8220;0&#8243; custom_padding_tablet=&#8220;20px||||false|false&#8220; custom_padding_phone=&#8220;20px||||false|false&#8220;][et_pb_row column_structure=&#8220;1_2,1_2&#8243; _builder_version=&#8220;4.27.4&#8243; _module_preset=&#8220;default&#8220; width=&#8220;100%&#8220; max_width=&#8220;1400px&#8220; global_colors_info=&#8220;{}&#8220;][et_pb_column type=&#8220;1_2&#8243; _builder_version=&#8220;4.27.4&#8243; _module_preset=&#8220;default&#8220; global_colors_info=&#8220;{}&#8220;][et_pb_text _builder_version=&#8220;4.27.4&#8243; _module_preset=&#8220;default&#8220; custom_padding=&#8220;||14px|||true&#8220; custom_padding_tablet=&#8220;|15px||15px|false|true&#8220; custom_padding_phone=&#8220;|15px||15px|false|true&#8220; custom_padding_last_edited=&#8220;on|tablet&#8220; global_colors_info=&#8220;{}&#8220;]<\/p>\n<h2>Glyng\u00f8re Camping<br \/>&#8211; ein landschaftliches Kleinod an der Sallingsundbr\u00fccke<\/h2>\n<div class=\"wpb_text_column wpb_content_element \">\n<div class=\"wpb_wrapper\">\n<p data-start=\"585\" data-end=\"909\">Kurz vor der Sallingsundbr\u00fccke finden Sie den <strong data-start=\"623\" data-end=\"643\">Campingplatz Glyng\u00f8re<\/strong> &#8211; ein landschaftliches Juwel mit einer einzigartigen Lage. Das Gel\u00e4nde wurde urspr\u00fcnglich als Baustelle genutzt, als die Br\u00fccke gebaut wurde, aber zum Gl\u00fcck hat jemand das Potenzial erkannt. Heute finden Sie hier einen <strong data-start=\"827\" data-end=\"876\">stimmungsvollen Campingplatz mit viel Seele<\/strong> &#8211; umgeben von Natur, Fjord und Ruhe.  <\/p>\n<p data-start=\"911\" data-end=\"1325\">Der Platz ist <strong data-start=\"937\" data-end=\"949\">9 Hektar<\/strong> gro\u00df und verf\u00fcgt \u00fcber <strong data-start=\"960\" data-end=\"975\">280 Einheiten<\/strong>, <strong data-start=\"977\" data-end=\"990\">19 H\u00fctten<\/strong> und <strong data-start=\"994\" data-end=\"1015\">6 Mietzelte<\/strong>. Es gibt <strong data-start=\"1031\" data-end=\"1061\">zwei moderne Sanit\u00e4rgeb\u00e4ude<\/strong>, einen <strong data-start=\"1066\" data-end=\"1097\">\u00fcberdachten und beheizten Pool<\/strong>, gro\u00dfe Freifl\u00e4chen, Spielpl\u00e4tze und viel Platz zum Entspannen.<br data-start=\"1165\" data-end=\"1168\">W\u00e4hlen Sie zwischen schattigen Stellpl\u00e4tzen im Wald, sonnigen, gesch\u00fctzten Bereichen, gem\u00fctlichen Ecken oder Stellpl\u00e4tzen in der N\u00e4he des Pools &#8211; ganz wie es zu Ihrem Urlaubsleben passt. <\/p>\n<p data-start=\"1327\" data-end=\"1628\"><strong data-start=\"1327\" data-end=\"1342\">Die Rezeption<\/strong> befindet sich neben dem Kiosk, wo Sie auch ein kleines Caf\u00e9 mit Eis, Kaffee und kalten Getr\u00e4nken finden. Das Geb\u00e4ude verf\u00fcgt au\u00dferdem \u00fcber ein <strong data-start=\"1462\" data-end=\"1504\">Familienzimmer, eine K\u00fcche, eine Waschk\u00fcche, einen Gemeinschaftsraum<\/strong> und <strong data-start=\"1510\" data-end=\"1529\">Umkleider\u00e4ume f\u00fcr den Pool<\/strong>. Die K\u00fcche ist mit <strong data-start=\"1556\" data-end=\"1579\">K\u00fchlschr\u00e4nken und Gefriertruhen<\/strong> ausgestattet, die von unseren Leichtcampern frei genutzt werden k\u00f6nnen.  <\/p>\n<p data-start=\"1630\" data-end=\"1897\">Am anderen Ende des Gel\u00e4ndes finden Sie ein weiteres <strong data-start=\"1677\" data-end=\"1747\">Toilettengeb\u00e4ude mit einem Familienzimmer, einem Babybad, einer K\u00fcche mit Terrasse<\/strong> und einer <strong data-start=\"1769\" data-end=\"1797\">Entleerungsanlage f\u00fcr chemische Toiletten<\/strong>. In der Mitte des Gel\u00e4ndes steht ein <strong data-start=\"1833\" data-end=\"1850\">neuer Toilettenwagen<\/strong> &#8211; perfekt f\u00fcr alle, die nur auf der Durchreise sind. <\/p>\n<p data-start=\"1899\" data-end=\"2005\">Alle unsere Stellpl\u00e4tze (mit Ausnahme eines Bereichs f\u00fcr sehr leichte Camper) haben einen <strong data-start=\"1974\" data-end=\"2004\">230V-Stromanschluss mit mindestens 10A<\/strong>.<\/p>\n<p data-start=\"2007\" data-end=\"2201\">F\u00fcr die kleinen G\u00e4ste gibt es jede Menge zu tun: <strong data-start=\"2059\" data-end=\"2126\">zwei Spielpl\u00e4tze, H\u00fcpfburgen, ein Ballspielplatz, ein Tarzan-Parcours, Streichelziegen<\/strong> und nat\u00fcrlich der <strong data-start=\"2147\" data-end=\"2176\">beliebte \u00fcberdachte Pool<\/strong>, der auf 27 Grad beheizt wird.<\/p>\n<p data-start=\"2203\" data-end=\"2536\">Wenn Sie noch mehr erleben m\u00f6chten, ist der <strong data-start=\"2235\" data-end=\"2261\">Blumenpark Jesperhus<\/strong> nur 5 km entfernt, w\u00e4hrend <strong data-start=\"2284\" data-end=\"2298\">der Aqua Park<\/strong> und der <strong data-start=\"2302\" data-end=\"2318\">Tauchpark<\/strong> nur 2,5 km entfernt sind.<br data-start=\"2337\" data-end=\"2340\">Die Stadt Glyng\u00f8re bietet eine <strong data-start=\"2361\" data-end=\"2421\">gem\u00fctliche Hafenumgebung, gute Restaurants, Einkaufsm\u00f6glichkeiten und Museen<\/strong>, und in der n\u00e4heren Umgebung finden Sie <strong data-start=\"2456\" data-end=\"2514\">Nyk\u00f8bing Mors, Skive, Sp\u00f8ttrup Borg, Fur und Hjerl Hede<\/strong> &#8211; alle einen Besuch wert.<\/p>\n<p data-start=\"2538\" data-end=\"2604\"><strong data-start=\"2538\" data-end=\"2604\">Glyng\u00f8re Camping &#8211; eine Oase der Natur, Gem\u00fctlichkeit und tollen Erlebnissen.<\/strong><\/p>\n<\/div>\n<\/div>\n<p>[\/et_pb_text][\/et_pb_column][et_pb_column type=&#8220;1_2&#8243; _builder_version=&#8220;4.27.4&#8243; _module_preset=&#8220;default&#8220; global_colors_info=&#8220;{}&#8220;][et_pb_gallery gallery_ids=&#8220;35246,35970,35972,35973,35974&#8243; fullwidth=&#8220;on&#8220; _builder_version=&#8220;4.27.4&#8243; _module_preset=&#8220;default&#8220; global_colors_info=&#8220;{}&#8220;][\/et_pb_gallery][et_pb_gallery gallery_ids=&#8220;35975,35976&#8243; fullwidth=&#8220;on&#8220; _builder_version=&#8220;4.27.4&#8243; _module_preset=&#8220;default&#8220; global_colors_info=&#8220;{}&#8220;][\/et_pb_gallery][\/et_pb_column][\/et_pb_row][\/et_pb_section][et_pb_section fb_built=&#8220;1&#8243; _builder_version=&#8220;4.27.4&#8243; background_enable_color=&#8220;off&#8220; custom_padding=&#8220;0px|0px|0px|0px&#8220; top_divider_height=&#8220;0px&#8220; top_divider_flip=&#8220;vertical&#8220; bottom_divider_style=&#8220;wave2&#8243; bottom_divider_color=&#8220;gcid-7360370f-bdf0-493f-b1f5-2887d5b68e17&#8243; bottom_divider_height_tablet=&#8220;&#8220; bottom_divider_height_phone=&#8220;44px&#8220; bottom_divider_height_last_edited=&#8220;on|phone&#8220; global_colors_info=&#8220;{%22gcid-7360370f-bdf0-493f-b1f5-2887d5b68e17%22:%91%22bottom_divider_color%22%93}&#8220;][\/et_pb_section]<\/p>\n","protected":false},"excerpt":{"rendered":"<p>DER PLATZGlyng\u00f8re Camping- ein landschaftliches Kleinod an der Sallingsundbr\u00fccke Kurz vor der Sallingsundbr\u00fccke finden Sie den Campingplatz Glyng\u00f8re &#8211; ein landschaftliches Juwel mit einer einzigartigen Lage. Das Gel\u00e4nde wurde urspr\u00fcnglich [&hellip;]<\/p>\n","protected":false},"author":1,"featured_media":0,"parent":0,"menu_order":0,"comment_status":"closed","ping_status":"closed","template":"","meta":{"_et_pb_use_builder":"on","_et_pb_old_content":"","_et_gb_content_width":"","_price":"","_stock":"","_tribe_ticket_header":"","_tribe_default_ticket_provider":"","_tribe_ticket_capacity":"0","_ticket_start_date":"","_ticket_end_date":"","_tribe_ticket_show_description":"","_tribe_ticket_show_not_going":false,"_tribe_ticket_use_global_stock":"","_tribe_ticket_global_stock_level":"","_global_stock_mode":"","_global_stock_cap":"","_tribe_rsvp_for_event":"","_tribe_ticket_going_count":"","_tribe_ticket_not_going_count":"","_tribe_tickets_list":"[]","_tribe_ticket_has_attendee_info_fields":false,"footnotes":"","_tec_slr_enabled":"","_tec_slr_layout":""},"folder":[],"class_list":["post-35968","page","type-page","status-publish","hentry"],"yoast_head":"<!-- This site is optimized with the Yoast SEO plugin v27.2 - https:\/\/yoast.com\/product\/yoast-seo-wordpress\/ -->\n<title>CAMPING - Glyng\u00f8re Camping<\/title>\n<meta name=\"robots\" content=\"index, follow, max-snippet:-1, max-image-preview:large, max-video-preview:-1\" \/>\n<link rel=\"canonical\" href=\"https:\/\/glyngore-camping.dk\/de\/camping\/\" \/>\n<meta property=\"og:locale\" content=\"de_DE\" \/>\n<meta property=\"og:type\" content=\"article\" \/>\n<meta property=\"og:title\" content=\"CAMPING - Glyng\u00f8re Camping\" \/>\n<meta property=\"og:description\" content=\"DER PLATZGlyng\u00f8re Camping- ein landschaftliches Kleinod an der Sallingsundbr\u00fccke Kurz vor der Sallingsundbr\u00fccke finden Sie den Campingplatz Glyng\u00f8re - ein landschaftliches Juwel mit einer einzigartigen Lage. Das Gel\u00e4nde wurde urspr\u00fcnglich [&hellip;]\" \/>\n<meta property=\"og:url\" content=\"https:\/\/glyngore-camping.dk\/de\/camping\/\" \/>\n<meta property=\"og:site_name\" content=\"Glyng\u00f8re Camping\" \/>\n<meta property=\"article:modified_time\" content=\"2025-12-17T16:17:11+00:00\" \/>\n<meta name=\"twitter:card\" content=\"summary_large_image\" \/>\n<meta name=\"twitter:label1\" content=\"Gesch\u00e4tzte Lesezeit\" \/>\n\t<meta name=\"twitter:data1\" content=\"4\u00a0Minuten\" \/>\n<script type=\"application\/ld+json\" class=\"yoast-schema-graph\">{\"@context\":\"https:\/\/schema.org\",\"@graph\":[{\"@type\":\"WebPage\",\"@id\":\"https:\/\/glyngore-camping.dk\/de\/camping\/\",\"url\":\"https:\/\/glyngore-camping.dk\/de\/camping\/\",\"name\":\"CAMPING - Glyng\u00f8re Camping\",\"isPartOf\":{\"@id\":\"https:\/\/glyngore-camping.dk\/de\/#website\"},\"datePublished\":\"2025-09-14T14:46:30+00:00\",\"dateModified\":\"2025-12-17T16:17:11+00:00\",\"breadcrumb\":{\"@id\":\"https:\/\/glyngore-camping.dk\/de\/camping\/#breadcrumb\"},\"inLanguage\":\"de\",\"potentialAction\":[{\"@type\":\"ReadAction\",\"target\":[\"https:\/\/glyngore-camping.dk\/de\/camping\/\"]}]},{\"@type\":\"BreadcrumbList\",\"@id\":\"https:\/\/glyngore-camping.dk\/de\/camping\/#breadcrumb\",\"itemListElement\":[{\"@type\":\"ListItem\",\"position\":1,\"name\":\"Hjem\",\"item\":\"https:\/\/glyngore-camping.dk\/de\/hauptseite\/\"},{\"@type\":\"ListItem\",\"position\":2,\"name\":\"CAMPING\"}]},{\"@type\":\"WebSite\",\"@id\":\"https:\/\/glyngore-camping.dk\/de\/#website\",\"url\":\"https:\/\/glyngore-camping.dk\/de\/\",\"name\":\"Glyng\u00f8re Camping\",\"description\":\"En oase ved limfjorden\",\"potentialAction\":[{\"@type\":\"SearchAction\",\"target\":{\"@type\":\"EntryPoint\",\"urlTemplate\":\"https:\/\/glyngore-camping.dk\/de\/?s={search_term_string}\"},\"query-input\":{\"@type\":\"PropertyValueSpecification\",\"valueRequired\":true,\"valueName\":\"search_term_string\"}}],\"inLanguage\":\"de\"}]}<\/script>\n<!-- \/ Yoast SEO plugin. -->","yoast_head_json":{"title":"CAMPING - Glyng\u00f8re Camping","robots":{"index":"index","follow":"follow","max-snippet":"max-snippet:-1","max-image-preview":"max-image-preview:large","max-video-preview":"max-video-preview:-1"},"canonical":"https:\/\/glyngore-camping.dk\/de\/camping\/","og_locale":"de_DE","og_type":"article","og_title":"CAMPING - Glyng\u00f8re Camping","og_description":"DER PLATZGlyng\u00f8re Camping- ein landschaftliches Kleinod an der Sallingsundbr\u00fccke Kurz vor der Sallingsundbr\u00fccke finden Sie den Campingplatz Glyng\u00f8re - ein landschaftliches Juwel mit einer einzigartigen Lage. Das Gel\u00e4nde wurde urspr\u00fcnglich [&hellip;]","og_url":"https:\/\/glyngore-camping.dk\/de\/camping\/","og_site_name":"Glyng\u00f8re Camping","article_modified_time":"2025-12-17T16:17:11+00:00","twitter_card":"summary_large_image","twitter_misc":{"Gesch\u00e4tzte Lesezeit":"4\u00a0Minuten"},"schema":{"@context":"https:\/\/schema.org","@graph":[{"@type":"WebPage","@id":"https:\/\/glyngore-camping.dk\/de\/camping\/","url":"https:\/\/glyngore-camping.dk\/de\/camping\/","name":"CAMPING - Glyng\u00f8re Camping","isPartOf":{"@id":"https:\/\/glyngore-camping.dk\/de\/#website"},"datePublished":"2025-09-14T14:46:30+00:00","dateModified":"2025-12-17T16:17:11+00:00","breadcrumb":{"@id":"https:\/\/glyngore-camping.dk\/de\/camping\/#breadcrumb"},"inLanguage":"de","potentialAction":[{"@type":"ReadAction","target":["https:\/\/glyngore-camping.dk\/de\/camping\/"]}]},{"@type":"BreadcrumbList","@id":"https:\/\/glyngore-camping.dk\/de\/camping\/#breadcrumb","itemListElement":[{"@type":"ListItem","position":1,"name":"Hjem","item":"https:\/\/glyngore-camping.dk\/de\/hauptseite\/"},{"@type":"ListItem","position":2,"name":"CAMPING"}]},{"@type":"WebSite","@id":"https:\/\/glyngore-camping.dk\/de\/#website","url":"https:\/\/glyngore-camping.dk\/de\/","name":"Glyng\u00f8re Camping","description":"En oase ved limfjorden","potentialAction":[{"@type":"SearchAction","target":{"@type":"EntryPoint","urlTemplate":"https:\/\/glyngore-camping.dk\/de\/?s={search_term_string}"},"query-input":{"@type":"PropertyValueSpecification","valueRequired":true,"valueName":"search_term_string"}}],"inLanguage":"de"}]}},"ticketed":false,"_links":{"self":[{"href":"https:\/\/glyngore-camping.dk\/de\/wp-json\/wp\/v2\/pages\/35968","targetHints":{"allow":["GET"]}}],"collection":[{"href":"https:\/\/glyngore-camping.dk\/de\/wp-json\/wp\/v2\/pages"}],"about":[{"href":"https:\/\/glyngore-camping.dk\/de\/wp-json\/wp\/v2\/types\/page"}],"author":[{"embeddable":true,"href":"https:\/\/glyngore-camping.dk\/de\/wp-json\/wp\/v2\/users\/1"}],"replies":[{"embeddable":true,"href":"https:\/\/glyngore-camping.dk\/de\/wp-json\/wp\/v2\/comments?post=35968"}],"version-history":[{"count":6,"href":"https:\/\/glyngore-camping.dk\/de\/wp-json\/wp\/v2\/pages\/35968\/revisions"}],"predecessor-version":[{"id":36221,"href":"https:\/\/glyngore-camping.dk\/de\/wp-json\/wp\/v2\/pages\/35968\/revisions\/36221"}],"wp:attachment":[{"href":"https:\/\/glyngore-camping.dk\/de\/wp-json\/wp\/v2\/media?parent=35968"}],"wp:term":[{"taxonomy":"folder","embeddable":true,"href":"https:\/\/glyngore-camping.dk\/de\/wp-json\/wp\/v2\/folder?post=35968"}],"curies":[{"name":"wp","href":"https:\/\/api.w.org\/{rel}","templated":true}]}}