{"id":35820,"date":"2025-09-14T15:47:47","date_gmt":"2025-09-14T14:47:47","guid":{"rendered":"https:\/\/glyngore-camping.dk\/feste-bedingungen-und-konditionen\/"},"modified":"2025-12-16T21:12:23","modified_gmt":"2025-12-16T20:12:23","slug":"feste-bedingungen-und-konditionen","status":"publish","type":"page","link":"https:\/\/glyngore-camping.dk\/de\/feste-bedingungen-und-konditionen\/","title":{"rendered":"Feste Bedingungen und Konditionen"},"content":{"rendered":"<p>[et_pb_section fb_built=&#8220;1&#8243; custom_padding_last_edited=&#8220;on|tablet&#8220; _builder_version=&#8220;4.27.4&#8243; background_image=&#8220;https:\/\/glyngore-camping.dk\/wp-content\/uploads\/2025\/08\/2-scaled.jpeg&#8220; height=&#8220;500px&#8220; height_tablet=&#8220;500px&#8220; height_phone=&#8220;500px&#8220; height_last_edited=&#8220;on|phone&#8220; custom_padding=&#8220;0px||350px||false|false&#8220; custom_padding_tablet=&#8220;||150px||false|false&#8220; custom_padding_phone=&#8220;||25px&#8220; bottom_divider_style=&#8220;waves2&#8243; bottom_divider_color=&#8220;#ffffff&#8220; bottom_divider_height=&#8220;150px&#8220; bottom_divider_height_tablet=&#8220;&#8220; bottom_divider_height_phone=&#8220;63px&#8220; bottom_divider_height_last_edited=&#8220;on|phone&#8220; box_shadow_style=&#8220;preset1&#8243; box_shadow_position=&#8220;inner&#8220; global_colors_info=&#8220;{%22gcid-primary-color%22:%91%22background_color_gradient_stops%22%93,%22gcid-secondary-color%22:%91%22background_color_gradient_stops%22%93,%22gcid-7360370f-bdf0-493f-b1f5-2887d5b68e17%22:%91%22background_color_gradient_stops%22%93,%22gcid-ffc7ad8e-ca9f-4ff9-9684-db89d03277e3%22:%91%22background_color_gradient_stops%22%93}&#8220;][et_pb_row _builder_version=&#8220;4.16&#8243; background_size=&#8220;initial&#8220; background_position=&#8220;top_left&#8220; background_repeat=&#8220;repeat&#8220; custom_padding=&#8220;50px|0px|65px|0px||&#8220; hover_enabled=&#8220;0&#8243; global_colors_info=&#8220;{}&#8220; sticky_enabled=&#8220;0&#8243;][et_pb_column type=&#8220;4_4&#8243; _builder_version=&#8220;4.16&#8243; custom_padding=&#8220;|||&#8220; global_colors_info=&#8220;{}&#8220; custom_padding__hover=&#8220;|||&#8220;][et_pb_text _builder_version=&#8220;4.27.4&#8243; header_2_font=&#8220;|800|||||||&#8220; header_2_text_align=&#8220;center&#8220; header_2_text_color=&#8220;#ffffff&#8220; header_2_font_size=&#8220;60px&#8220; background_layout=&#8220;dark&#8220; custom_margin=&#8220;||20px|&#8220; animation_style=&#8220;slide&#8220; animation_direction=&#8220;bottom&#8220; hover_enabled=&#8220;0&#8243; header_2_font_size_tablet=&#8220;&#8220; header_2_font_size_phone=&#8220;30px&#8220; header_2_font_size_last_edited=&#8220;on|phone&#8220; header_2_text_shadow_style=&#8220;preset2&#8243; header_2_text_shadow_horizontal_length=&#8220;0em&#8220; header_2_text_shadow_vertical_length=&#8220;0.1em&#8220; header_2_text_shadow_blur_strength=&#8220;0.1em&#8220; header_2_text_shadow_color=&#8220;rgba(0,0,0,0.3)&#8220; global_colors_info=&#8220;{}&#8220; sticky_enabled=&#8220;0&#8243;]<\/p>\n<h2>REGELN F\u00dcR SAISONALE G\u00c4STE<\/h2>\n<p>[\/et_pb_text][\/et_pb_column][\/et_pb_row][\/et_pb_section][et_pb_section fb_built=&#8220;1&#8243; _builder_version=&#8220;4.16&#8243; custom_padding=&#8220;100px|0px|100px|0px&#8220; global_colors_info=&#8220;{}&#8220;][et_pb_row _builder_version=&#8220;4.27.4&#8243; _module_preset=&#8220;default&#8220; global_colors_info=&#8220;{}&#8220;][et_pb_column type=&#8220;4_4&#8243; _builder_version=&#8220;4.27.4&#8243; _module_preset=&#8220;default&#8220; global_colors_info=&#8220;{}&#8220;][et_pb_text _builder_version=&#8220;4.27.4&#8243; _module_preset=&#8220;default&#8220; hover_enabled=&#8220;0&#8243; global_colors_info=&#8220;{}&#8220; sticky_enabled=&#8220;0&#8243;]<\/p>\n<h3>MIETBEDINGUNGEN F\u00dcR SAISONSTELLPL\u00c4TZE<\/h3>\n<p>Willkommen auf Glyng\u00f8re Camping, wir hoffen, dass Sie mit Ihrem Aufenthalt zufrieden sein werden. Dieser Brief wurde verfasst, um Zweifel unter unseren Campern zu vermeiden und Ihnen zu helfen, das Beste aus Ihrem Aufenthalt hier zu machen. <\/p>\n<p><u><strong>ZAHLUNGSBEDINGUNGEN:<\/strong><\/u><br \/><span>Damit Ihre Buchung eines Saisonplatzes verbindlich ist, muss bei der Buchung des Platzes eine Vorauszahlung geleistet werden.<\/span>  Wenn die volle Miete bis zum Saisonbeginn nicht bezahlt ist, wird die Buchung storniert (gilt nicht f\u00fcr Personen, die eine Ratenzahlungsvereinbarung f\u00fcr Ganzjahrespl\u00e4tze haben).<br \/>Wenn Sie einen Platz haben und denselben Platz in der folgenden Saison haben m\u00f6chten, m\u00fcssen Sie sp\u00e4testens bei der Abreise oder am Ende der Saison im Voraus bezahlen. Die Vorauszahlung betr\u00e4gt 1500 DKK, der Betrag wird zu Beginn der Saison abgebucht. Bei Nichtzahlung oder versp\u00e4teter Zahlung behalten wir uns das Recht vor, den Platz an eine andere Partei zu vermieten.    <\/p>\n<p><span><strong>Dauerkarten M\u00dcSSEN vor Beginn der Saison bezahlt werden.<\/strong><\/span><\/p>\n<p>Wenn der Mieter beschlie\u00dft, den Campingplatz vor der vereinbarten Zeit zu verlassen, kann er keinen Teil des Mietpreises zur\u00fcckfordern. Wenn Sie den Campingplatz vorzeitig verlassen, haben wir das Recht, \u00fcber den Stellplatz zu verf\u00fcgen (und ggf. einen anderen bereitzustellen). <\/p>\n<p><strong><em>Denken Sie daran, ein Ganzjahresplatz ist ein Ganzjahresplatz &#8211; und Sie verpflichten sich, f\u00fcr das ganze Jahr zu zahlen, auch wenn Sie sich entscheiden, zu verkaufen\/auszuziehen oder was auch immer!<\/em><\/strong><\/p>\n<p><u><strong>PL\u00c4TZE und ENTFERNUNGSREGELN<\/strong><\/u><\/p>\n<p><strong><span>Gem\u00e4\u00df der 3-Meter-Regel der Brandschutzvorschriften m\u00fcssen Anh\u00e4ngerzelte, Lagerzelte usw. so aufgestellt werden, dass sie die Aufstellm\u00f6glichkeiten der Nachbarn nicht behindern. Daher m\u00fcssen 1,5 Meter zu allen Grenzen eingehalten werden.<\/span> <\/strong>Wenn ein Anh\u00e4ngerzelt oder ein anderes Zelt n\u00e4her als 1,5 Meter an der Grenze aufgestellt wird, muss es entfernt werden. Wenn etwas zu nahe an der Grenze steht oder wenn wir von den Beh\u00f6rden aufgefordert werden, den Feuerabstand zu korrigieren, wird das Zelt, der Anh\u00e4nger usw. auch ohne Ihre Benachrichtigung versetzt. Der Feuerwehrmann hat uns mitgeteilt, dass in Zukunft das Heck des Wohnwagens mit einbezogen werden muss. <span><strong>Alles, was brennbar ist (Vorzelte, W\u00e4scheleinen, Lagerzelte usw.), muss ebenfalls 1,5 Meter von der Grenze entfernt bleiben. Es liegt an Ihnen zu entscheiden, wie nah Sie es an Ihren Wohnwagen stellen.<\/strong><\/span>  <\/p>\n<p>Es ist erlaubt, einen Wohnwagen, ein Vorzelt und eventuell ein Werkzeugzelt pro Stellplatz aufzustellen. Alles, was nicht innerhalb der oben genannten Grenzen steht <strong>, muss<\/strong> bei jedem Verlassen des Stellplatzes entfernt werden. <strong>Fahnenmasten, Antennen und \u00e4hnliches sind nur erlaubt, wenn sie am Wohnwagen befestigt sind.<\/strong>  <\/p>\n<p>Wenn das Vorzelt dauerhaft genutzt wird, m\u00fcssen die Ma\u00dfe ebenfalls eingehalten werden. Denken Sie daran, dass der Abstand auch f\u00fcr Lagerzelte gilt. <strong><span>Feste B\u00f6den m\u00fcssen vom Zelt bedeckt sein.<\/span><\/strong> Terrassen, Z\u00e4une oder \u00e4hnliches sind nicht erlaubt. <strong>Camper m\u00fcssen sich immer an die Regeln des Campingrates halten<\/strong>. F\u00fcr die Reinigung\/Pflege des Bereichs um Ihren Wohnwagen und das Beschneiden der Hecke hinter dem Wohnwagen ist der Mieter verantwortlich. Halten Sie den Stellplatz sauber und aufger\u00e4umt. Wenn der Raum unter dem Wohnwagen als Stauraum genutzt wird, m\u00fcssen Sch\u00fcrzen angebracht werden, da diese nicht sichtbar sein d\u00fcrfen. M\u00e4hen Sie das Gras und die R\u00e4nder in angemessenen Abst\u00e4nden, etwa alle 2 Wochen. (Rasenm\u00e4her k\u00f6nnen im Informationszentrum ausgeliehen werden)        <\/p>\n<p>Es ist nicht erlaubt, Roundup oder andere Herbizide zu verwenden.  <strong>Grasabf\u00e4lle sollten neben das Feuer geworfen werden.  <\/strong><strong>Jegliches Beschneiden und Abholzen von B\u00e4umen sowie Graben auf dem Campingplatz ist nur nach Absprache mit dem Campmanager erlaubt.  <\/strong><\/p>\n<p><strong>Der Wohnwagen und das Vorzelt m\u00fcssen ordentlich, sauber und frei von Algen gehalten werden. Auch der Platz um den Wohnwagen herum muss sauber und ordentlich gehalten werden. <\/strong><\/p>\n<p>Unstimmigkeiten mit dem Camp-Manager oder Verst\u00f6\u00dfe gegen eine oder mehrere Regeln werden als Vertragsbruch gewertet, und der Mieter kann sofort vom Campingplatz verwiesen werden. Im Falle eines Vertragsbruchs wird keine Miete zur\u00fcckerstattet. Bei Vertragsbruch kann eine Geb\u00fchr f\u00fcr die Wiederherstellung des Platzes usw. erhoben werden.   <\/p>\n<p><strong><u>PARKEN VON AUTOS UND FAHREN AUF DEM GEL\u00c4NDE:<\/u><br \/><span>NUR EIN AUTO PRO. EINHEIT. <\/span><\/strong>WENN KEIN PLATZ F\u00dcR DAS AUTO AUF DEM PLATZ ZUR VERF\u00dcGUNG STEHT, M\u00dcSSEN SIE AUF DEM G\u00c4STEPARKPLATZ AN DER EINFAHRT ODER AUF DEM GRAVH\u00d8J-PLATZ PARKEN.<br \/>Es ist nicht erlaubt, Ihr Auto auf einem unbenutzten Platz zu parken, da dies f\u00fcr die Touristen, die wir auf einen vermeintlich freien Platz schicken, eine gro\u00dfe Unannehmlichkeit darstellt.<br \/>DENKEN SIE daran: Bewegung ist gesund. Sparen Sie sich die Fahrten mit dem Auto zu den Toiletten und zum Laden (das ist gut f\u00fcr die Umwelt) und nehmen Sie stattdessen das Fahrrad oder benutzen Sie Ihre Beine (das ist gut f\u00fcr Ihre Gesundheit)<br \/>. Daher muss das Fahren auf dem Gel\u00e4nde auf das Notwendigste beschr\u00e4nkt werden und immer im Schritttempo erfolgen.<strong> MAX 10 KM\/T.<\/strong> <br \/><span>Das Fahren ist zwischen<strong> 7.00 und 23.00 Uhr<\/strong> zur Sicherheit Ihrer Mitcamper erlaubt.<\/span> Das Tor ist zwischen <strong>23.00 und<\/strong> <strong>7.00 Uhr<\/strong> geschlossen. Im Falle einer schweren akuten Erkrankung oder wenn ein Krankenwagen vor Ort ben\u00f6tigt wird, kontaktieren Sie uns bitte unter [FIRMA_TELEFON].<\/p>\n<p><strong><u>WOHNSITZ:<\/u><\/strong><br \/>Der Campingplatz kann an Wochentagen, Wochenenden, Ferien und Feiertagen genutzt werden. Sie d\u00fcrfen jedoch keinen st\u00e4ndigen Wohnsitz auf dem Campingplatz haben, sondern m\u00fcssen einen anderen gemeldeten Wohnsitz (Meldeadresse) haben. F\u00fcr die Nutzung des Wohnwagens f\u00fcr das Wintercamping gelten besondere Regeln, die Sie auf der Website finden k\u00f6nnen.<\/p>\n<p><strong><u>G\u00c4STE:<\/u><\/strong><br \/>Regelm\u00e4\u00dfige Besucher k\u00f6nnen G\u00e4stekarten und \u00dcbernachtungsg\u00e4stekarten erwerben. G\u00e4ste haben Zugang zum gesamten Campingplatz. Der Zugang zum Pool kann f\u00fcr 25 DKK pro Gast erworben werden.   <\/p>\n<p><strong>G\u00e4steautos werden auf dem Parkplatz direkt vor der Schranke geparkt. <\/strong>G\u00e4ste m\u00fcssen den Campingplatz bis sp\u00e4testens 22.30 Uhr verlassen. Nach diesem Zeitpunkt wird der Gast als Camper betrachtet und Ihnen wird die regul\u00e4re \u00dcbernachtungsgeb\u00fchr f\u00fcr den Gast in Rechnung gestellt. Es liegt in der Verantwortung des Mieters, daf\u00fcr zu sorgen, dass seine G\u00e4ste die Regeln des Campingplatzes einhalten.   <\/p>\n<p><u><strong>HAUSTIERE:<\/strong><\/u><br \/>Hunde sind willkommen, m\u00fcssen aber an einer kurzen Leine gef\u00fchrt werden. <strong> Im Falle eines &#8222;Unfalls&#8220; m\u00fcssen die Exkremente des Hundes sofort entfernt werden. <\/strong>Aus dem gleichen Grund empfehlen wir, dass Hunde von Erwachsenen und nicht von kleinen Kindern ausgef\u00fchrt werden. Lassen Sie Ihren Hund nicht allein im Vorzelt\/Wohnwagen &#8211; und denken Sie daran, dass ein bellender und\/oder herrenloser Hund eine gro\u00dfe Bel\u00e4stigung f\u00fcr die benachbarten G\u00e4ste darstellt. <\/p>\n<p><strong>Denken Sie daran, dass es Ihre Pflicht ist, die Hinterlassenschaften Ihres Hundes aufzusammeln.<\/strong><\/p>\n<p><u><strong>STROMZ\u00c4HLER:<\/strong><\/u><br \/><strong>Die gelben Z\u00e4hler m\u00fcssen im Stand platziert werden. Es liegt in der Verantwortung des Mieters, den Z\u00e4hler regelm\u00e4\u00dfig zu \u00fcberpr\u00fcfen.<\/strong> Wenn der Z\u00e4hler defekt ist, wird der Campingplatz den Verbrauch sch\u00e4tzen. Im Falle einer St\u00f6rung wenden Sie sich bitte sofort an den Campingplatzverwalter, damit wir die St\u00f6rung beheben k\u00f6nnen. Wir empfehlen Ihnen, das Stromkabel am Wohnwagen jedes Mal abzutrennen, wenn Sie den Campingplatz f\u00fcr mehr als 24 Stunden verlassen, da sonst die Gefahr eines Brandes und\/oder Kurzschlusses besteht. Es liegt in der Verantwortung des Mieters, zu \u00fcberpr\u00fcfen, ob Strom vorhanden ist. Der Campingplatz kann nicht f\u00fcr fehlenden Strom verantwortlich gemacht werden.    <\/p>\n<p><u><strong>NEBEN DER SAISON:<\/strong><\/u><br \/>In der Nebensaison kann es zu eingeschr\u00e4nkten \u00d6ffnungszeiten im Informationszentrum kommen. Bitte respektieren Sie dies und passen Sie Ihre Besorgungen an die \u00d6ffnungszeiten an. In Notf\u00e4llen sind wir nat\u00fcrlich immer erreichbar und hilfsbereit, bitte rufen Sie unsere Haupttelefonnummer an   [FIRMA_TELEFON]<strong>.<\/strong> Der Kiosk und das Schwimmbad haben ebenfalls eingeschr\u00e4nkte \u00d6ffnungszeiten. Die \u00d6ffnungszeiten finden Sie an den T\u00fcren oder fragen Sie am Informationsschalter. Es kann auch zu Einschr\u00e4nkungen bei den Einrichtungen kommen. Zum Beispiel k\u00f6nnen H\u00fcpfburgen geschlossen sein, einige Toilettenr\u00e4ume k\u00f6nnen geschlossen sein, usw.   <\/p>\n<p><u><strong>REINIGUNG:<\/strong><\/u><br \/>W\u00e4hrend der Schulsommerferien wird zu bestimmten Zeiten gereinigt. Bitte respektieren Sie dies und benutzen Sie das n\u00e4chste Geb\u00e4ude. W\u00e4hrend der restlichen Saison gibt es keine Reinigungszeiten, benutzen Sie daher bitte das n\u00e4chste Servicegeb\u00e4ude.  <\/p>\n<p><u><strong>DER CAMPINGPLATZ HAT ZUGANG ZU DEN STELLPL\u00c4TZEN:<\/strong><\/u><br \/>Im Falle von Baumf\u00e4llungen, Gel\u00e4ndeverbesserungen, Neubauten oder anderem hat der Campingplatz das Recht, den Stellplatz einer Person zu \u00e4ndern. Sie sollten sich jedoch immer zuerst mit uns in Verbindung setzen, damit Sie die M\u00f6glichkeit haben, einen anderen Stellplatz zu finden, falls n\u00f6tig.<\/p>\n<p><strong><u>BEH\u00c4LTER  <\/u><\/strong><\/p>\n<p><strong>Die aufgestellten Container d\u00fcrfen NUR f\u00fcr allgemeine K\u00fcchenabf\u00e4lle verwendet werden.  <\/strong><\/p>\n<p><strong>Flaschen und Gl\u00e4ser kommen in den Altglascontainer.  <\/p>\n<p>Bier- und Softdrinkdosen geh\u00f6ren in den Dosencontainer.  <\/strong><\/p>\n<p><strong>Zeitungen und Papier werden in den Zeitungscontainer gelegt<\/strong>.  <\/p>\n<p><strong>Pappe im Pappkarton<\/strong>.<\/p>\n<p><span><strong>ANDERE ABF\u00c4LLE UND M\u00dcLL (Grill, St\u00fchle, Teppiche, B\u00f6den usw.) werden auf eigene Faust entfernt.<\/strong><strong>eigenes Handeln. <\/strong> <\/span><\/p>\n<p><strong>Gras geh\u00f6rt NICHT IN DEN BEH\u00c4LTER.<\/strong><\/p>\n<p><u><strong>POOL:<\/strong><\/u><br \/><strong><span>Jeder muss sich vor der Benutzung des Pools duschen.<\/span><\/strong> <strong>Der Poolbereich ist ein Nichtraucherbereich<\/strong>, siehe Beschilderung, wo das Rauchen erlaubt ist. Hunde sind nicht erlaubt. Seien Sie immer r\u00fccksichtsvoll mit B\u00e4llen und Wassertieren. Wasserballons sind im Poolbereich nicht erlaubt, da sie das Reinigungssystem besch\u00e4digen.   <\/p>\n<p><strong>Denken Sie daran, dass Kinder unter 14 Jahren von einem Erwachsenen \u00fcber 16 Jahren begleitet werden m\u00fcssen.<\/strong><\/p>\n<p><strong><u>Spiel und Ballspiele:<\/u><\/strong><br \/>Der Campingplatz verf\u00fcgt \u00fcber einen eigenen Spielplatz und ein Ballspielfeld. Helfen Sie Ihren Kindern\/Enkeln, die Pl\u00e4tze zu finden, an denen sie spielen und Ball spielen k\u00f6nnen.   <strong>Ballspiele sind zwischen Zelten und Wohnwagen nicht erlaubt.  <\/strong>Verwenden Sie das H\u00fcpfkissen nicht bei Regenwetter und wenn es nicht vollst\u00e4ndig aufgeblasen ist.<\/p>\n<p><strong><u>WINTER STORAGE\/Wintersaison<\/u><\/strong><br \/>Die \u00dcberwinterung ist gegen eine Geb\u00fchr m\u00f6glich. Das Winterlager muss vor Ende der Saison am Informationsschalter angemeldet und bezahlt werden. <strong>Wenn Sie den Platz vor dem Winter verlassen, m\u00fcssen alle losen Gegenst\u00e4nde entfernt werden. Gartenm\u00f6bel usw. m\u00fcssen auf dem Boden vor dem Wohnwagen aufgebaut und mit einer Plane abgedeckt werden, wenn Sie kein Lagerzelt haben.<\/strong><br \/>Wenn Sie kein Winterlager gebucht haben, muss der Stellplatz am Ende der Mietzeit ger\u00e4umt werden. Der Platz muss so aussehen, wie er bei Ihrer Ankunft war, d.h. das Gras muss gem\u00e4ht und alles entfernt werden. Wenn sich noch etwas auf dem Stellplatz befindet, wird eine Geb\u00fchr f\u00fcr die Winterlagerung erhoben. Der Vermieter haftet nicht f\u00fcr zur\u00fcckgelassene Gegenst\u00e4nde &#8211; auch nicht f\u00fcr Wohnwagen \/ Zelte. Zur\u00fcckgelassene Gegenst\u00e4nde werden auf Kosten des Mieters entfernt.     <\/p>\n<p>Sie sind in den Wintermonaten immer willkommen, um das Fahrzeug zu inspizieren, aber Sie m\u00fcssen Ihr Auto\/Moped au\u00dferhalb des Gel\u00e4ndes halten, auch wenn das Tor ge\u00f6ffnet ist. Seien Sie immer aufmerksam, wenn wir auf dem Gel\u00e4nde arbeiten. Das Winterlager ist von Beginn der Wintersaison bis zum Ende der Wintersaison verf\u00fcgbar. Der Wohnwagen kann in der Regel auf demselben Stellplatz geparkt werden, den Sie gebucht haben. Es gibt bestimmte Bereiche des Campingplatzes, die f\u00fcr die Winterlagerung zugelassen sind. Wir setzen uns mit Ihnen in Verbindung, um den Wohnwagen in den Lagerbereich zu bringen, wenn Sie dies w\u00fcnschen.    <br \/><span>Sollte das Zelt durch Schnee oder Sturm besch\u00e4digt werden, <strong>MUSS<\/strong> es innerhalb weniger Tage aufger\u00e4umt werden.<br \/>Wir sehen uns <strong>keine<\/strong> Zelte an, die ganz oder teilweise eingest\u00fcrzt sind. Wenn es nicht innerhalb von 7 Tagen repariert wird, bauen wir das Zelt ab und stellen es dem Mieter in Rechnung.   <\/span><\/p>\n<p><strong>Denken Sie daran, dass alle Geb\u00e4ude auf dem Campingplatz Nichtraucher sind.<\/strong><\/p>\n<p><strong>Wir k\u00f6nnen gezwungen sein, Camper auszuschlie\u00dfen, wenn die Regeln nicht eingehalten werden.<\/strong><\/p>\n<p>Wir w\u00fcnschen Ihnen einen angenehmen Aufenthalt<\/p>\n<p>Mit freundlichen Gr\u00fc\u00dfen<\/p>\n<p>Gitte und Henrik<br \/>Glyng\u00f8re Camping<\/p>\n<p>[\/et_pb_text][\/et_pb_column][\/et_pb_row][\/et_pb_section][et_pb_section fb_built=&#8220;1&#8243; _builder_version=&#8220;4.27.4&#8243; background_enable_color=&#8220;off&#8220; custom_padding=&#8220;0px|0px|0px|0px&#8220; top_divider_height=&#8220;0px&#8220; top_divider_flip=&#8220;vertical&#8220; bottom_divider_style=&#8220;wave2&#8243; bottom_divider_color=&#8220;gcid-7360370f-bdf0-493f-b1f5-2887d5b68e17&#8243; bottom_divider_height_tablet=&#8220;&#8220; bottom_divider_height_phone=&#8220;44px&#8220; bottom_divider_height_last_edited=&#8220;on|phone&#8220; global_colors_info=&#8220;{%22gcid-7360370f-bdf0-493f-b1f5-2887d5b68e17%22:%91%22bottom_divider_color%22%93}&#8220;][\/et_pb_section]<\/p>\n","protected":false},"excerpt":{"rendered":"<p>REGELN F\u00dcR SAISONALE G\u00c4STEMIETBEDINGUNGEN F\u00dcR SAISONSTELLPL\u00c4TZE Willkommen auf Glyng\u00f8re Camping, wir hoffen, dass Sie mit Ihrem Aufenthalt zufrieden sein werden. Dieser Brief wurde verfasst, um Zweifel unter unseren Campern zu [&hellip;]<\/p>\n","protected":false},"author":1,"featured_media":0,"parent":0,"menu_order":0,"comment_status":"closed","ping_status":"closed","template":"","meta":{"_et_pb_use_builder":"on","_et_pb_old_content":"","_et_gb_content_width":"","_price":"","_stock":"","_tribe_ticket_header":"","_tribe_default_ticket_provider":"","_tribe_ticket_capacity":"0","_ticket_start_date":"","_ticket_end_date":"","_tribe_ticket_show_description":"","_tribe_ticket_show_not_going":false,"_tribe_ticket_use_global_stock":"","_tribe_ticket_global_stock_level":"","_global_stock_mode":"","_global_stock_cap":"","_tribe_rsvp_for_event":"","_tribe_ticket_going_count":"","_tribe_ticket_not_going_count":"","_tribe_tickets_list":"[]","_tribe_ticket_has_attendee_info_fields":false,"footnotes":"","_tec_slr_enabled":"","_tec_slr_layout":""},"folder":[],"class_list":["post-35820","page","type-page","status-publish","hentry"],"yoast_head":"<!-- This site is optimized with the Yoast SEO plugin v27.2 - https:\/\/yoast.com\/product\/yoast-seo-wordpress\/ -->\n<title>Feste Bedingungen und Konditionen - Glyng\u00f8re Camping<\/title>\n<meta name=\"robots\" content=\"index, follow, max-snippet:-1, max-image-preview:large, max-video-preview:-1\" \/>\n<link rel=\"canonical\" href=\"https:\/\/glyngore-camping.dk\/de\/feste-bedingungen-und-konditionen\/\" \/>\n<meta property=\"og:locale\" content=\"de_DE\" \/>\n<meta property=\"og:type\" content=\"article\" \/>\n<meta property=\"og:title\" content=\"Feste Bedingungen und Konditionen - Glyng\u00f8re Camping\" \/>\n<meta property=\"og:description\" content=\"REGELN F\u00dcR SAISONALE G\u00c4STEMIETBEDINGUNGEN F\u00dcR SAISONSTELLPL\u00c4TZE Willkommen auf Glyng\u00f8re Camping, wir hoffen, dass Sie mit Ihrem Aufenthalt zufrieden sein werden. Dieser Brief wurde verfasst, um Zweifel unter unseren Campern zu [&hellip;]\" \/>\n<meta property=\"og:url\" content=\"https:\/\/glyngore-camping.dk\/de\/feste-bedingungen-und-konditionen\/\" \/>\n<meta property=\"og:site_name\" content=\"Glyng\u00f8re Camping\" \/>\n<meta property=\"article:modified_time\" content=\"2025-12-16T20:12:23+00:00\" \/>\n<meta name=\"twitter:card\" content=\"summary_large_image\" \/>\n<meta name=\"twitter:label1\" content=\"Gesch\u00e4tzte Lesezeit\" \/>\n\t<meta name=\"twitter:data1\" content=\"12\u00a0Minuten\" \/>\n<script type=\"application\/ld+json\" class=\"yoast-schema-graph\">{\"@context\":\"https:\/\/schema.org\",\"@graph\":[{\"@type\":\"WebPage\",\"@id\":\"https:\/\/glyngore-camping.dk\/de\/feste-bedingungen-und-konditionen\/\",\"url\":\"https:\/\/glyngore-camping.dk\/de\/feste-bedingungen-und-konditionen\/\",\"name\":\"Feste Bedingungen und Konditionen - Glyng\u00f8re Camping\",\"isPartOf\":{\"@id\":\"https:\/\/glyngore-camping.dk\/de\/#website\"},\"datePublished\":\"2025-09-14T14:47:47+00:00\",\"dateModified\":\"2025-12-16T20:12:23+00:00\",\"breadcrumb\":{\"@id\":\"https:\/\/glyngore-camping.dk\/de\/feste-bedingungen-und-konditionen\/#breadcrumb\"},\"inLanguage\":\"de\",\"potentialAction\":[{\"@type\":\"ReadAction\",\"target\":[\"https:\/\/glyngore-camping.dk\/de\/feste-bedingungen-und-konditionen\/\"]}]},{\"@type\":\"BreadcrumbList\",\"@id\":\"https:\/\/glyngore-camping.dk\/de\/feste-bedingungen-und-konditionen\/#breadcrumb\",\"itemListElement\":[{\"@type\":\"ListItem\",\"position\":1,\"name\":\"Hjem\",\"item\":\"https:\/\/glyngore-camping.dk\/de\/hauptseite\/\"},{\"@type\":\"ListItem\",\"position\":2,\"name\":\"Feste Bedingungen und Konditionen\"}]},{\"@type\":\"WebSite\",\"@id\":\"https:\/\/glyngore-camping.dk\/de\/#website\",\"url\":\"https:\/\/glyngore-camping.dk\/de\/\",\"name\":\"Glyng\u00f8re Camping\",\"description\":\"En oase ved limfjorden\",\"potentialAction\":[{\"@type\":\"SearchAction\",\"target\":{\"@type\":\"EntryPoint\",\"urlTemplate\":\"https:\/\/glyngore-camping.dk\/de\/?s={search_term_string}\"},\"query-input\":{\"@type\":\"PropertyValueSpecification\",\"valueRequired\":true,\"valueName\":\"search_term_string\"}}],\"inLanguage\":\"de\"}]}<\/script>\n<!-- \/ Yoast SEO plugin. -->","yoast_head_json":{"title":"Feste Bedingungen und Konditionen - Glyng\u00f8re Camping","robots":{"index":"index","follow":"follow","max-snippet":"max-snippet:-1","max-image-preview":"max-image-preview:large","max-video-preview":"max-video-preview:-1"},"canonical":"https:\/\/glyngore-camping.dk\/de\/feste-bedingungen-und-konditionen\/","og_locale":"de_DE","og_type":"article","og_title":"Feste Bedingungen und Konditionen - Glyng\u00f8re Camping","og_description":"REGELN F\u00dcR SAISONALE G\u00c4STEMIETBEDINGUNGEN F\u00dcR SAISONSTELLPL\u00c4TZE Willkommen auf Glyng\u00f8re Camping, wir hoffen, dass Sie mit Ihrem Aufenthalt zufrieden sein werden. Dieser Brief wurde verfasst, um Zweifel unter unseren Campern zu [&hellip;]","og_url":"https:\/\/glyngore-camping.dk\/de\/feste-bedingungen-und-konditionen\/","og_site_name":"Glyng\u00f8re Camping","article_modified_time":"2025-12-16T20:12:23+00:00","twitter_card":"summary_large_image","twitter_misc":{"Gesch\u00e4tzte Lesezeit":"12\u00a0Minuten"},"schema":{"@context":"https:\/\/schema.org","@graph":[{"@type":"WebPage","@id":"https:\/\/glyngore-camping.dk\/de\/feste-bedingungen-und-konditionen\/","url":"https:\/\/glyngore-camping.dk\/de\/feste-bedingungen-und-konditionen\/","name":"Feste Bedingungen und Konditionen - Glyng\u00f8re Camping","isPartOf":{"@id":"https:\/\/glyngore-camping.dk\/de\/#website"},"datePublished":"2025-09-14T14:47:47+00:00","dateModified":"2025-12-16T20:12:23+00:00","breadcrumb":{"@id":"https:\/\/glyngore-camping.dk\/de\/feste-bedingungen-und-konditionen\/#breadcrumb"},"inLanguage":"de","potentialAction":[{"@type":"ReadAction","target":["https:\/\/glyngore-camping.dk\/de\/feste-bedingungen-und-konditionen\/"]}]},{"@type":"BreadcrumbList","@id":"https:\/\/glyngore-camping.dk\/de\/feste-bedingungen-und-konditionen\/#breadcrumb","itemListElement":[{"@type":"ListItem","position":1,"name":"Hjem","item":"https:\/\/glyngore-camping.dk\/de\/hauptseite\/"},{"@type":"ListItem","position":2,"name":"Feste Bedingungen und Konditionen"}]},{"@type":"WebSite","@id":"https:\/\/glyngore-camping.dk\/de\/#website","url":"https:\/\/glyngore-camping.dk\/de\/","name":"Glyng\u00f8re Camping","description":"En oase ved limfjorden","potentialAction":[{"@type":"SearchAction","target":{"@type":"EntryPoint","urlTemplate":"https:\/\/glyngore-camping.dk\/de\/?s={search_term_string}"},"query-input":{"@type":"PropertyValueSpecification","valueRequired":true,"valueName":"search_term_string"}}],"inLanguage":"de"}]}},"ticketed":false,"_links":{"self":[{"href":"https:\/\/glyngore-camping.dk\/de\/wp-json\/wp\/v2\/pages\/35820","targetHints":{"allow":["GET"]}}],"collection":[{"href":"https:\/\/glyngore-camping.dk\/de\/wp-json\/wp\/v2\/pages"}],"about":[{"href":"https:\/\/glyngore-camping.dk\/de\/wp-json\/wp\/v2\/types\/page"}],"author":[{"embeddable":true,"href":"https:\/\/glyngore-camping.dk\/de\/wp-json\/wp\/v2\/users\/1"}],"replies":[{"embeddable":true,"href":"https:\/\/glyngore-camping.dk\/de\/wp-json\/wp\/v2\/comments?post=35820"}],"version-history":[{"count":1,"href":"https:\/\/glyngore-camping.dk\/de\/wp-json\/wp\/v2\/pages\/35820\/revisions"}],"predecessor-version":[{"id":35821,"href":"https:\/\/glyngore-camping.dk\/de\/wp-json\/wp\/v2\/pages\/35820\/revisions\/35821"}],"wp:attachment":[{"href":"https:\/\/glyngore-camping.dk\/de\/wp-json\/wp\/v2\/media?parent=35820"}],"wp:term":[{"taxonomy":"folder","embeddable":true,"href":"https:\/\/glyngore-camping.dk\/de\/wp-json\/wp\/v2\/folder?post=35820"}],"curies":[{"name":"wp","href":"https:\/\/api.w.org\/{rel}","templated":true}]}}