{"id":35622,"date":"2025-09-29T12:57:11","date_gmt":"2025-09-29T11:57:11","guid":{"rendered":"https:\/\/glyngore-camping.dk\/ueber-uns\/"},"modified":"2025-12-16T21:11:36","modified_gmt":"2025-12-16T20:11:36","slug":"ueber-uns","status":"publish","type":"page","link":"https:\/\/glyngore-camping.dk\/de\/ueber-uns\/","title":{"rendered":"\u00dcber uns"},"content":{"rendered":"<p>[et_pb_section fb_built=&#8220;1&#8243; custom_padding_last_edited=&#8220;on|tablet&#8220; _builder_version=&#8220;4.27.4&#8243; background_image=&#8220;https:\/\/glyngore-camping.dk\/wp-content\/uploads\/2025\/08\/DJI_0055-scaled.jpg&#8220; height=&#8220;500px&#8220; height_tablet=&#8220;500px&#8220; height_phone=&#8220;500px&#8220; height_last_edited=&#8220;on|phone&#8220; custom_padding=&#8220;0px||350px||false|false&#8220; custom_padding_tablet=&#8220;||150px||false|false&#8220; custom_padding_phone=&#8220;||25px&#8220; bottom_divider_style=&#8220;waves2&#8243; bottom_divider_color=&#8220;#ffffff&#8220; bottom_divider_height=&#8220;150px&#8220; bottom_divider_height_tablet=&#8220;&#8220; bottom_divider_height_phone=&#8220;63px&#8220; bottom_divider_height_last_edited=&#8220;on|phone&#8220; box_shadow_style=&#8220;preset1&#8243; box_shadow_position=&#8220;inner&#8220; global_colors_info=&#8220;{%22gcid-primary-color%22:%91%22background_color_gradient_stops%22%93,%22gcid-secondary-color%22:%91%22background_color_gradient_stops%22%93,%22gcid-7360370f-bdf0-493f-b1f5-2887d5b68e17%22:%91%22background_color_gradient_stops%22%93,%22gcid-ffc7ad8e-ca9f-4ff9-9684-db89d03277e3%22:%91%22background_color_gradient_stops%22%93}&#8220;][et_pb_row _builder_version=&#8220;4.16&#8243; background_size=&#8220;initial&#8220; background_position=&#8220;top_left&#8220; background_repeat=&#8220;repeat&#8220; custom_padding=&#8220;50px|0px|65px|0px||&#8220; global_colors_info=&#8220;{}&#8220;][et_pb_column type=&#8220;4_4&#8243; _builder_version=&#8220;4.16&#8243; custom_padding=&#8220;|||&#8220; global_colors_info=&#8220;{}&#8220; custom_padding__hover=&#8220;|||&#8220;][et_pb_text _builder_version=&#8220;4.27.4&#8243; header_2_font=&#8220;|800|||||||&#8220; header_2_text_align=&#8220;center&#8220; header_2_text_color=&#8220;#ffffff&#8220; header_2_font_size=&#8220;60px&#8220; background_layout=&#8220;dark&#8220; custom_margin=&#8220;||20px|&#8220; animation_style=&#8220;slide&#8220; animation_direction=&#8220;bottom&#8220; header_2_font_size_tablet=&#8220;&#8220; header_2_font_size_phone=&#8220;30px&#8220; header_2_font_size_last_edited=&#8220;on|phone&#8220; header_2_text_shadow_style=&#8220;preset2&#8243; header_2_text_shadow_horizontal_length=&#8220;0em&#8220; header_2_text_shadow_vertical_length=&#8220;0.1em&#8220; header_2_text_shadow_blur_strength=&#8220;0.1em&#8220; header_2_text_shadow_color=&#8220;rgba(0,0,0,0.3)&#8220; global_colors_info=&#8220;{}&#8220;]<\/p>\n<h2>LASSEN SIE UNS DIE FAMILIE ZELTEN<\/h2>\n<p>[\/et_pb_text][\/et_pb_column][\/et_pb_row][\/et_pb_section][et_pb_section fb_built=&#8220;1&#8243; custom_padding_last_edited=&#8220;on|tablet&#8220; _builder_version=&#8220;4.27.4&#8243; custom_padding=&#8220;100px|0px|100px|0px&#8220; custom_padding_tablet=&#8220;25px||||false|false&#8220; custom_padding_phone=&#8220;25px||||false|false&#8220; bottom_divider_style=&#8220;waves2&#8243; bottom_divider_color=&#8220;gcid-7360370f-bdf0-493f-b1f5-2887d5b68e17&#8243; bottom_divider_flip=&#8220;vertical|horizontal&#8220; global_colors_info=&#8220;{%22gcid-7360370f-bdf0-493f-b1f5-2887d5b68e17%22:%91%22bottom_divider_color%22%93}&#8220;][et_pb_row column_structure=&#8220;1_2,1_2&#8243; _builder_version=&#8220;4.27.4&#8243; _module_preset=&#8220;default&#8220; width=&#8220;100%&#8220; max_width=&#8220;1400px&#8220; global_colors_info=&#8220;{}&#8220;][et_pb_column type=&#8220;1_2&#8243; _builder_version=&#8220;4.27.4&#8243; _module_preset=&#8220;default&#8220; global_colors_info=&#8220;{}&#8220;][et_pb_text _builder_version=&#8220;4.27.4&#8243; _module_preset=&#8220;default&#8220; custom_padding=&#8220;||0px|||&#8220; custom_padding_tablet=&#8220;|15px||15px|false|true&#8220; custom_padding_phone=&#8220;|15px||15px|false|true&#8220; custom_padding_last_edited=&#8220;on|tablet&#8220; global_colors_info=&#8220;{}&#8220;]<\/p>\n<h2>Die Familie Thusg\u00e5rd Poulsen<\/h2>\n<p>Wir sind eine Familie, die Camping lebt und atmet &#8211; und im Laufe der Jahre haben wir den Traum, Campingpl\u00e4tze zu betreiben, wahr gemacht.<\/p>\n<p>Alles begann im Jahr 2011, als wir, <strong>Gitte und Henrik<\/strong>, <strong>Toftum Bjerge Camping<\/strong> kauften. Wir haben schnell erkannt, dass es beim Camping nicht nur um Stellpl\u00e4tze und Einrichtungen geht, sondern auch um Menschen, Gemeinschaft und gute Erfahrungen. <\/p>\n<p>2019 haben wir einen weiteren Schritt getan, als wir <strong>Glyng\u00f8re Camping<\/strong> \u00fcbernommen haben, das wir nun gemeinsam mit unserem j\u00fcngsten Sohn <strong>Jakob<\/strong> betreiben. Er ist auch der Hausmeister auf allen drei Pl\u00e4tzen und eine unsch\u00e4tzbare Hilfe im t\u00e4glichen Leben. <\/p>\n<p>Zuletzt, im Jahr 2024, vergr\u00f6\u00dferte sich die Familie mit <strong>Himmerland Camping<\/strong>, das unsere \u00e4lteste Tochter<strong> Maja<\/strong> mit ihrem Mann <strong>David<\/strong> betreibt. Unsere zweit\u00e4lteste Tochter <strong>Sara<\/strong> ist zusammen mit ihrem Freund <strong>Thomas<\/strong> und ihrer Tochter <strong>Lily<\/strong>f\u00fcr den t\u00e4glichen Betrieb von <strong>Toftum Bjerge Camping<\/strong> verantwortlich <strong>&#8211;<\/strong>und so ist der Staffelstab nat\u00fcrlich an die n\u00e4chste Generation weitergegeben worden. <\/p>\n<p>Unser zweitj\u00fcngster Sohn, <strong>Jeppe <\/strong>, und seine Freundin <strong>Cecilie<\/strong> haben sich ebenfalls f\u00fcr die Selbst\u00e4ndigkeit entschieden &#8211; allerdings in einer etwas anderen Richtung. Heute betreibt er ein Hotel in Nyk\u00f8bing Mors. <\/p>\n<p>Alle unsere Campingpl\u00e4tze befinden sich in der wundersch\u00f6nen <strong>Limfjord-Region<\/strong>, in der wir geboren und aufgewachsen sind. Der Fjord, die Natur und die lokalen Gemeinden bedeuten uns sehr viel &#8211; und wir sind stolz darauf, G\u00e4ste hier willkommen zu hei\u00dfen, wo unsere eigenen Wurzeln tief verwurzelt sind. <\/p>\n<p>F\u00fcr uns ist Camping viel mehr als nur ein Urlaub &#8211; es ist ein Lebensstil. Wir lieben es, den perfekten Rahmen f\u00fcr Familien, Paare und Freunde zu schaffen, um gemeinsam Erinnerungen zu schaffen. Die Tatsache, dass wir dies auf drei verschiedenen Campingpl\u00e4tzen und als Familie tun k\u00f6nnen, macht es noch sinnvoller.  <\/p>\n<p>Wenn Sie einen unserer Campingpl\u00e4tze besuchen, hoffen wir, dass Sie das Herz, die Geschichte und die Gemeinschaft dahinter sp\u00fcren.<\/p>\n<p>[\/et_pb_text][\/et_pb_column][et_pb_column type=&#8220;1_2&#8243; _builder_version=&#8220;4.27.4&#8243; _module_preset=&#8220;default&#8220; global_colors_info=&#8220;{}&#8220;][et_pb_gallery gallery_ids=&#8220;35623&#8243; fullwidth=&#8220;on&#8220; _builder_version=&#8220;4.27.4&#8243; _module_preset=&#8220;default&#8220; global_colors_info=&#8220;{}&#8220;][\/et_pb_gallery][\/et_pb_column][\/et_pb_row][\/et_pb_section][et_pb_section fb_built=&#8220;1&#8243; _builder_version=&#8220;4.27.4&#8243; background_enable_color=&#8220;off&#8220; custom_padding=&#8220;100px|0px|100px|0px&#8220; top_divider_style=&#8220;waves2&#8243; top_divider_color=&#8220;gcid-7360370f-bdf0-493f-b1f5-2887d5b68e17&#8243; top_divider_flip=&#8220;vertical&#8220; global_colors_info=&#8220;{%22gcid-7360370f-bdf0-493f-b1f5-2887d5b68e17%22:%91%22top_divider_color%22%93}&#8220;][et_pb_row column_structure=&#8220;1_2,1_2&#8243; _builder_version=&#8220;4.27.4&#8243; _module_preset=&#8220;default&#8220; width=&#8220;100%&#8220; max_width=&#8220;1400px&#8220; hover_enabled=&#8220;0&#8243; global_colors_info=&#8220;{}&#8220; disabled_on=&#8220;on|on|off&#8220; sticky_enabled=&#8220;0&#8243;][et_pb_column type=&#8220;1_2&#8243; _builder_version=&#8220;4.27.4&#8243; _module_preset=&#8220;default&#8220; global_colors_info=&#8220;{}&#8220;][et_pb_gallery gallery_ids=&#8220;33774,35624&#8243; fullwidth=&#8220;on&#8220; _builder_version=&#8220;4.27.4&#8243; _module_preset=&#8220;default&#8220; global_colors_info=&#8220;{}&#8220;][\/et_pb_gallery][\/et_pb_column][et_pb_column type=&#8220;1_2&#8243; _builder_version=&#8220;4.27.4&#8243; _module_preset=&#8220;default&#8220; global_colors_info=&#8220;{}&#8220;][et_pb_text _builder_version=&#8220;4.27.4&#8243; _module_preset=&#8220;default&#8220; custom_padding_tablet=&#8220;|15px||15px|false|true&#8220; custom_padding_phone=&#8220;|15px||15px|false|true&#8220; custom_padding_last_edited=&#8220;on|tablet&#8220; global_colors_info=&#8220;{}&#8220;]<\/p>\n<div class=\"wpb_text_column wpb_content_element \">\n<div class=\"wpb_wrapper\">\n<h3 data-start=\"177\" data-end=\"222\"><strong data-start=\"184\" data-end=\"220\">Unsere Geschichte &#8211; Henrik und Gitte<\/strong><\/h3>\n<p><strong data-start=\"184\" data-end=\"220\"><\/strong><\/p>\n<p data-start=\"361\" data-end=\"482\">Wir sind Henrik und Gitte, und Camping ist nicht nur unser Job &#8211; es ist ein Teil unseres Lebens und unserer Familiengeschichte.<\/p>\n<p data-start=\"484\" data-end=\"831\">Es begann alles an einem hei\u00dfen Sommertag im Jahr 1991. Wir begannen beide mit dem Matheprogramm am Struer Gymnasium und landeten in der gleichen Klasse. Nach zwei Jahren voller Pnyx-Partys, Klassenpartys, Schulpartys &#8211; und einem gemeinsamen Lancier-Tanz &#8211; durfte Henrik endlich seine Arbeit f\u00fcr das 3. Jahr auf dem Computer von Gittes kleinem Bruder schreiben. Seit diesem Tag sind wir ein festes Paar.   <\/p>\n<p data-start=\"833\" data-end=\"1154\">Henrik machte eine Ausbildung als Zimmermann und Gitte wurde Grafikdesignerin. Wir haben beide in Randers studiert, aber viele unserer Wochenenden und Ferien im <g id=\"gid_0\">Ven\u00f8 Kro<\/g> verbracht, den Gittes Eltern seit mehr als 25 Jahren betrieben. Hier haben wir gelernt, was Service und Gastfreundschaft bedeuten &#8211; und wie viel Freude es macht, wenn sich Menschen wie zu Hause f\u00fchlen.  <\/p>\n<p data-start=\"1156\" data-end=\"1450\">Als die Lehrzeit vorbei war, zogen wir nach Hause an den Limfjord und zu den krummen B\u00e4umen. Wir heirateten und bekamen unsere vier Kinder &#8211; Maja, Sara, Jeppe und Jakob. Henrik gr\u00fcndete seine eigene Tischlerei, und Gitte tauschte die Werbebranche gegen die Arbeit im B\u00fcro der Firma &#8211; w\u00e4hrend sie sich um die Kinder k\u00fcmmerte.  <\/p>\n<p data-start=\"1452\" data-end=\"1631\">Aber mit 18 Angestellten und langen Arbeitstagen sahen wir uns viel zu selten. Wir begannen von einem Leben zu tr\u00e4umen, in dem wir <strong data-start=\"1579\" data-end=\"1606\">mehr Zeit als Familie<\/strong> verbringen und gemeinsam etwas schaffen konnten. <\/p>\n<p data-start=\"1633\" data-end=\"2103\">Als wir durch die Ger\u00fcchtek\u00fcche h\u00f6rten, dass <strong data-start=\"1659\" data-end=\"1711\">der Campingplatz direkt neben unserem Ferienhaus<\/strong> zum Verkauf stand, ergriffen wir die Chance. So wurde <strong data-start=\"1750\" data-end=\"1775\">Toftum Bjerge Camping<\/strong> unser neues Zuhause &#8211; und der Beginn eines neuen Kapitels. Die ersten Jahre waren arbeitsreich: Henrik arbeitete immer noch als Zimmermann, und Gitte hatte einen Teilzeitjob als Schulsekret\u00e4rin an einer der \u00f6rtlichen Schulen, neben ihrem Titel als Campingmanagerin. Aber allm\u00e4hlich nahm das Campingleben mehr und mehr \u00fcberhand und sowohl die Tischlerarbeit als auch das Schulb\u00fcro wurden auf Eis gelegt.   <\/p>\n<p data-start=\"2105\" data-end=\"2461\">Im Jahr 2019 ergab sich eine weitere Gelegenheit &#8211; <strong data-start=\"2143\" data-end=\"2163\">Glyng\u00f8re Camping<\/strong>. Henrik ist ein Unternehmer durch und durch und kann nicht anders, als sich in neue Projekte zu st\u00fcrzen. Urspr\u00fcnglich war der Plan, dem Platz nur auf die Beine zu helfen und ihn dann weiterzuverkaufen &#8211; aber Glyng\u00f8re hat etwas Besonderes. Die Natur, die Atmosph\u00e4re und die Gemeinschaft haben uns gefangen genommen, und heute leben und arbeiten wir hier.   <\/p>\n<p data-start=\"2463\" data-end=\"2685\">Die Kinder sind fast aus dem Nest geflogen, aber das Campingleben ist immer noch voll von allem, was wir lieben: <strong data-start=\"2550\" data-end=\"2590\">Freiheit, Pr\u00e4senz, Natur und Gemeinschaft.<\/strong><br data-start=\"2590\" data-end=\"2593\">Wir freuen uns darauf, Sie willkommen zu hei\u00dfen &#8211; und ein wenig von unserem Alltag und unserer Leidenschaft mit Ihnen zu teilen.<\/p>\n<\/div>\n<\/div>\n<p>[\/et_pb_text][\/et_pb_column][\/et_pb_row][et_pb_row column_structure=&#8220;1_2,1_2&#8243; _builder_version=&#8220;4.27.4&#8243; _module_preset=&#8220;default&#8220; width=&#8220;100%&#8220; max_width=&#8220;1400px&#8220; hover_enabled=&#8220;0&#8243; global_colors_info=&#8220;{}&#8220; disabled_on=&#8220;off|off|on&#8220; sticky_enabled=&#8220;0&#8243;][et_pb_column type=&#8220;1_2&#8243; _builder_version=&#8220;4.27.4&#8243; _module_preset=&#8220;default&#8220; global_colors_info=&#8220;{}&#8220;][et_pb_text _builder_version=&#8220;4.27.4&#8243; _module_preset=&#8220;default&#8220; custom_padding_tablet=&#8220;|15px||15px|false|true&#8220; custom_padding_phone=&#8220;|15px||15px|false|true&#8220; custom_padding_last_edited=&#8220;on|tablet&#8220; global_colors_info=&#8220;{}&#8220;]<\/p>\n<div class=\"wpb_text_column wpb_content_element \">\n<div class=\"wpb_wrapper\">\n<h3 data-start=\"177\" data-end=\"222\"><strong data-start=\"184\" data-end=\"220\">Unsere Geschichte &#8211; Henrik und Gitte<\/strong><\/h3>\n<p><strong data-start=\"184\" data-end=\"220\"><\/strong><\/p>\n<p data-start=\"361\" data-end=\"482\">Wir sind Henrik und Gitte, und Camping ist nicht nur unser Job &#8211; es ist ein Teil unseres Lebens und unserer Familiengeschichte.<\/p>\n<p data-start=\"484\" data-end=\"831\">Es begann alles an einem hei\u00dfen Sommertag im Jahr 1991. Wir begannen beide mit dem Matheprogramm am Struer Gymnasium und landeten in der gleichen Klasse. Nach zwei Jahren voller Pnyx-Partys, Klassenpartys, Schulpartys &#8211; und einem gemeinsamen Lancier-Tanz &#8211; durfte Henrik endlich seine Arbeit f\u00fcr das 3. Jahr auf dem Computer von Gittes kleinem Bruder schreiben. Seit diesem Tag sind wir ein festes Paar.   <\/p>\n<p data-start=\"833\" data-end=\"1154\">Henrik machte eine Ausbildung als Zimmermann und Gitte wurde Grafikdesignerin. Wir haben beide in Randers studiert, aber viele unserer Wochenenden und Ferien im <g id=\"gid_0\">Ven\u00f8 Kro<\/g> verbracht, den Gittes Eltern seit mehr als 25 Jahren betrieben. Hier haben wir gelernt, was Service und Gastfreundschaft bedeuten &#8211; und wie viel Freude es macht, wenn sich Menschen wie zu Hause f\u00fchlen.  <\/p>\n<p data-start=\"1156\" data-end=\"1450\">Als die Lehrzeit vorbei war, zogen wir nach Hause an den Limfjord und zu den krummen B\u00e4umen. Wir heirateten und bekamen unsere vier Kinder &#8211; Maja, Sara, Jeppe und Jakob. Henrik gr\u00fcndete seine eigene Tischlerei, und Gitte tauschte die Werbebranche gegen die Arbeit im B\u00fcro der Firma &#8211; w\u00e4hrend sie sich um die Kinder k\u00fcmmerte.  <\/p>\n<p data-start=\"1452\" data-end=\"1631\">Aber mit 18 Angestellten und langen Arbeitstagen sahen wir uns viel zu selten. Wir begannen von einem Leben zu tr\u00e4umen, in dem wir <strong data-start=\"1579\" data-end=\"1606\">mehr Zeit als Familie<\/strong> verbringen und gemeinsam etwas schaffen konnten. <\/p>\n<p data-start=\"1633\" data-end=\"2103\">Als wir durch die Ger\u00fcchtek\u00fcche h\u00f6rten, dass <strong data-start=\"1659\" data-end=\"1711\">der Campingplatz direkt neben unserem Ferienhaus<\/strong> zum Verkauf stand, ergriffen wir die Chance. So wurde <strong data-start=\"1750\" data-end=\"1775\">Toftum Bjerge Camping<\/strong> unser neues Zuhause &#8211; und der Beginn eines neuen Kapitels. Die ersten Jahre waren arbeitsreich: Henrik arbeitete immer noch als Zimmermann, und Gitte hatte einen Teilzeitjob als Schulsekret\u00e4rin an einer der \u00f6rtlichen Schulen, neben ihrem Titel als Campingmanagerin. Aber allm\u00e4hlich nahm das Campingleben mehr und mehr \u00fcberhand und sowohl die Tischlerarbeit als auch das Schulb\u00fcro wurden auf Eis gelegt.   <\/p>\n<p data-start=\"2105\" data-end=\"2461\">Im Jahr 2019 ergab sich eine weitere Gelegenheit &#8211; <strong data-start=\"2143\" data-end=\"2163\">Glyng\u00f8re Camping<\/strong>. Henrik ist ein Unternehmer durch und durch und kann nicht anders, als sich in neue Projekte zu st\u00fcrzen. Urspr\u00fcnglich war der Plan, dem Platz nur auf die Beine zu helfen und ihn dann weiterzuverkaufen &#8211; aber Glyng\u00f8re hat etwas Besonderes. Die Natur, die Atmosph\u00e4re und die Gemeinschaft haben uns gefangen genommen, und heute leben und arbeiten wir hier.   <\/p>\n<p data-start=\"2463\" data-end=\"2685\">Die Kinder sind fast aus dem Nest geflogen, aber das Campingleben ist immer noch voll von allem, was wir lieben: <strong data-start=\"2550\" data-end=\"2590\">Freiheit, Pr\u00e4senz, Natur und Gemeinschaft.<\/strong><br data-start=\"2590\" data-end=\"2593\">Wir freuen uns darauf, Sie willkommen zu hei\u00dfen &#8211; und ein wenig von unserem Alltag und unserer Leidenschaft mit Ihnen zu teilen.<\/p>\n<\/div>\n<\/div>\n<p>[\/et_pb_text][\/et_pb_column][et_pb_column type=&#8220;1_2&#8243; _builder_version=&#8220;4.27.4&#8243; _module_preset=&#8220;default&#8220; global_colors_info=&#8220;{}&#8220;][et_pb_gallery gallery_ids=&#8220;33774,35624&#8243; fullwidth=&#8220;on&#8220; _builder_version=&#8220;4.27.4&#8243; _module_preset=&#8220;default&#8220; global_colors_info=&#8220;{}&#8220;][\/et_pb_gallery][\/et_pb_column][\/et_pb_row][\/et_pb_section][et_pb_section fb_built=&#8220;1&#8243; _builder_version=&#8220;4.27.4&#8243; background_enable_color=&#8220;off&#8220; custom_padding=&#8220;0px|0px|0px|0px&#8220; top_divider_height=&#8220;0px&#8220; top_divider_flip=&#8220;vertical&#8220; bottom_divider_style=&#8220;wave2&#8243; bottom_divider_color=&#8220;gcid-7360370f-bdf0-493f-b1f5-2887d5b68e17&#8243; bottom_divider_height_tablet=&#8220;&#8220; bottom_divider_height_phone=&#8220;44px&#8220; bottom_divider_height_last_edited=&#8220;on|phone&#8220; global_colors_info=&#8220;{%22gcid-7360370f-bdf0-493f-b1f5-2887d5b68e17%22:%91%22bottom_divider_color%22%93}&#8220;][\/et_pb_section]<\/p>\n","protected":false},"excerpt":{"rendered":"<p>LASSEN SIE UNS DIE FAMILIE ZELTENDie Familie Thusg\u00e5rd Poulsen Wir sind eine Familie, die Camping lebt und atmet &#8211; und im Laufe der Jahre haben wir den Traum, Campingpl\u00e4tze zu [&hellip;]<\/p>\n","protected":false},"author":1,"featured_media":0,"parent":0,"menu_order":0,"comment_status":"closed","ping_status":"closed","template":"","meta":{"_et_pb_use_builder":"on","_et_pb_old_content":"","_et_gb_content_width":"","_price":"","_stock":"","_tribe_ticket_header":"","_tribe_default_ticket_provider":"","_tribe_ticket_capacity":"0","_ticket_start_date":"","_ticket_end_date":"","_tribe_ticket_show_description":"","_tribe_ticket_show_not_going":false,"_tribe_ticket_use_global_stock":"","_tribe_ticket_global_stock_level":"","_global_stock_mode":"","_global_stock_cap":"","_tribe_rsvp_for_event":"","_tribe_ticket_going_count":"","_tribe_ticket_not_going_count":"","_tribe_tickets_list":"[]","_tribe_ticket_has_attendee_info_fields":false,"footnotes":"","_tec_slr_enabled":"","_tec_slr_layout":""},"folder":[],"class_list":["post-35622","page","type-page","status-publish","hentry"],"yoast_head":"<!-- This site is optimized with the Yoast SEO plugin v27.2 - https:\/\/yoast.com\/product\/yoast-seo-wordpress\/ -->\n<title>\u00dcber uns - Glyng\u00f8re Camping<\/title>\n<meta name=\"robots\" content=\"index, follow, max-snippet:-1, max-image-preview:large, max-video-preview:-1\" \/>\n<link rel=\"canonical\" href=\"https:\/\/glyngore-camping.dk\/de\/ueber-uns\/\" \/>\n<meta property=\"og:locale\" content=\"de_DE\" \/>\n<meta property=\"og:type\" content=\"article\" \/>\n<meta property=\"og:title\" content=\"\u00dcber uns - Glyng\u00f8re Camping\" \/>\n<meta property=\"og:description\" content=\"LASSEN SIE UNS DIE FAMILIE ZELTENDie Familie Thusg\u00e5rd Poulsen Wir sind eine Familie, die Camping lebt und atmet - und im Laufe der Jahre haben wir den Traum, Campingpl\u00e4tze zu [&hellip;]\" \/>\n<meta property=\"og:url\" content=\"https:\/\/glyngore-camping.dk\/de\/ueber-uns\/\" \/>\n<meta property=\"og:site_name\" content=\"Glyng\u00f8re Camping\" \/>\n<meta property=\"article:modified_time\" content=\"2025-12-16T20:11:36+00:00\" \/>\n<meta name=\"twitter:card\" content=\"summary_large_image\" \/>\n<meta name=\"twitter:label1\" content=\"Gesch\u00e4tzte Lesezeit\" \/>\n\t<meta name=\"twitter:data1\" content=\"10\u00a0Minuten\" \/>\n<script type=\"application\/ld+json\" class=\"yoast-schema-graph\">{\"@context\":\"https:\/\/schema.org\",\"@graph\":[{\"@type\":\"WebPage\",\"@id\":\"https:\/\/glyngore-camping.dk\/de\/ueber-uns\/\",\"url\":\"https:\/\/glyngore-camping.dk\/de\/ueber-uns\/\",\"name\":\"\u00dcber uns - Glyng\u00f8re Camping\",\"isPartOf\":{\"@id\":\"https:\/\/glyngore-camping.dk\/de\/#website\"},\"datePublished\":\"2025-09-29T11:57:11+00:00\",\"dateModified\":\"2025-12-16T20:11:36+00:00\",\"breadcrumb\":{\"@id\":\"https:\/\/glyngore-camping.dk\/de\/ueber-uns\/#breadcrumb\"},\"inLanguage\":\"de\",\"potentialAction\":[{\"@type\":\"ReadAction\",\"target\":[\"https:\/\/glyngore-camping.dk\/de\/ueber-uns\/\"]}]},{\"@type\":\"BreadcrumbList\",\"@id\":\"https:\/\/glyngore-camping.dk\/de\/ueber-uns\/#breadcrumb\",\"itemListElement\":[{\"@type\":\"ListItem\",\"position\":1,\"name\":\"Hjem\",\"item\":\"https:\/\/glyngore-camping.dk\/de\/hauptseite\/\"},{\"@type\":\"ListItem\",\"position\":2,\"name\":\"\u00dcber uns\"}]},{\"@type\":\"WebSite\",\"@id\":\"https:\/\/glyngore-camping.dk\/de\/#website\",\"url\":\"https:\/\/glyngore-camping.dk\/de\/\",\"name\":\"Glyng\u00f8re Camping\",\"description\":\"En oase ved limfjorden\",\"potentialAction\":[{\"@type\":\"SearchAction\",\"target\":{\"@type\":\"EntryPoint\",\"urlTemplate\":\"https:\/\/glyngore-camping.dk\/de\/?s={search_term_string}\"},\"query-input\":{\"@type\":\"PropertyValueSpecification\",\"valueRequired\":true,\"valueName\":\"search_term_string\"}}],\"inLanguage\":\"de\"}]}<\/script>\n<!-- \/ Yoast SEO plugin. -->","yoast_head_json":{"title":"\u00dcber uns - Glyng\u00f8re Camping","robots":{"index":"index","follow":"follow","max-snippet":"max-snippet:-1","max-image-preview":"max-image-preview:large","max-video-preview":"max-video-preview:-1"},"canonical":"https:\/\/glyngore-camping.dk\/de\/ueber-uns\/","og_locale":"de_DE","og_type":"article","og_title":"\u00dcber uns - Glyng\u00f8re Camping","og_description":"LASSEN SIE UNS DIE FAMILIE ZELTENDie Familie Thusg\u00e5rd Poulsen Wir sind eine Familie, die Camping lebt und atmet - und im Laufe der Jahre haben wir den Traum, Campingpl\u00e4tze zu [&hellip;]","og_url":"https:\/\/glyngore-camping.dk\/de\/ueber-uns\/","og_site_name":"Glyng\u00f8re Camping","article_modified_time":"2025-12-16T20:11:36+00:00","twitter_card":"summary_large_image","twitter_misc":{"Gesch\u00e4tzte Lesezeit":"10\u00a0Minuten"},"schema":{"@context":"https:\/\/schema.org","@graph":[{"@type":"WebPage","@id":"https:\/\/glyngore-camping.dk\/de\/ueber-uns\/","url":"https:\/\/glyngore-camping.dk\/de\/ueber-uns\/","name":"\u00dcber uns - Glyng\u00f8re Camping","isPartOf":{"@id":"https:\/\/glyngore-camping.dk\/de\/#website"},"datePublished":"2025-09-29T11:57:11+00:00","dateModified":"2025-12-16T20:11:36+00:00","breadcrumb":{"@id":"https:\/\/glyngore-camping.dk\/de\/ueber-uns\/#breadcrumb"},"inLanguage":"de","potentialAction":[{"@type":"ReadAction","target":["https:\/\/glyngore-camping.dk\/de\/ueber-uns\/"]}]},{"@type":"BreadcrumbList","@id":"https:\/\/glyngore-camping.dk\/de\/ueber-uns\/#breadcrumb","itemListElement":[{"@type":"ListItem","position":1,"name":"Hjem","item":"https:\/\/glyngore-camping.dk\/de\/hauptseite\/"},{"@type":"ListItem","position":2,"name":"\u00dcber uns"}]},{"@type":"WebSite","@id":"https:\/\/glyngore-camping.dk\/de\/#website","url":"https:\/\/glyngore-camping.dk\/de\/","name":"Glyng\u00f8re Camping","description":"En oase ved limfjorden","potentialAction":[{"@type":"SearchAction","target":{"@type":"EntryPoint","urlTemplate":"https:\/\/glyngore-camping.dk\/de\/?s={search_term_string}"},"query-input":{"@type":"PropertyValueSpecification","valueRequired":true,"valueName":"search_term_string"}}],"inLanguage":"de"}]}},"ticketed":false,"_links":{"self":[{"href":"https:\/\/glyngore-camping.dk\/de\/wp-json\/wp\/v2\/pages\/35622","targetHints":{"allow":["GET"]}}],"collection":[{"href":"https:\/\/glyngore-camping.dk\/de\/wp-json\/wp\/v2\/pages"}],"about":[{"href":"https:\/\/glyngore-camping.dk\/de\/wp-json\/wp\/v2\/types\/page"}],"author":[{"embeddable":true,"href":"https:\/\/glyngore-camping.dk\/de\/wp-json\/wp\/v2\/users\/1"}],"replies":[{"embeddable":true,"href":"https:\/\/glyngore-camping.dk\/de\/wp-json\/wp\/v2\/comments?post=35622"}],"version-history":[{"count":3,"href":"https:\/\/glyngore-camping.dk\/de\/wp-json\/wp\/v2\/pages\/35622\/revisions"}],"predecessor-version":[{"id":35627,"href":"https:\/\/glyngore-camping.dk\/de\/wp-json\/wp\/v2\/pages\/35622\/revisions\/35627"}],"wp:attachment":[{"href":"https:\/\/glyngore-camping.dk\/de\/wp-json\/wp\/v2\/media?parent=35622"}],"wp:term":[{"taxonomy":"folder","embeddable":true,"href":"https:\/\/glyngore-camping.dk\/de\/wp-json\/wp\/v2\/folder?post=35622"}],"curies":[{"name":"wp","href":"https:\/\/api.w.org\/{rel}","templated":true}]}}