{"id":35573,"date":"2025-09-14T15:51:28","date_gmt":"2025-09-14T14:51:28","guid":{"rendered":"https:\/\/glyngore-camping.dk\/sehenswertes\/angeln\/"},"modified":"2025-12-16T21:11:33","modified_gmt":"2025-12-16T20:11:33","slug":"angeln","status":"publish","type":"page","link":"https:\/\/glyngore-camping.dk\/de\/sehenswertes\/angeln\/","title":{"rendered":"Angeln"},"content":{"rendered":"<p>[et_pb_section fb_built=&#8220;1&#8243; custom_padding_last_edited=&#8220;on|tablet&#8220; _builder_version=&#8220;4.27.4&#8243; background_image=&#8220;https:\/\/glyngore-camping.dk\/wp-content\/uploads\/2025\/08\/2-scaled.jpeg&#8220; height=&#8220;500px&#8220; height_tablet=&#8220;500px&#8220; height_phone=&#8220;500px&#8220; height_last_edited=&#8220;on|phone&#8220; custom_padding=&#8220;0px||350px||false|false&#8220; custom_padding_tablet=&#8220;||150px||false|false&#8220; custom_padding_phone=&#8220;||25px&#8220; bottom_divider_style=&#8220;waves2&#8243; bottom_divider_color=&#8220;#ffffff&#8220; bottom_divider_height=&#8220;150px&#8220; bottom_divider_height_tablet=&#8220;&#8220; bottom_divider_height_phone=&#8220;63px&#8220; bottom_divider_height_last_edited=&#8220;on|phone&#8220; box_shadow_style=&#8220;preset1&#8243; box_shadow_position=&#8220;inner&#8220; global_colors_info=&#8220;{%22gcid-primary-color%22:%91%22background_color_gradient_stops%22%93,%22gcid-secondary-color%22:%91%22background_color_gradient_stops%22%93,%22gcid-7360370f-bdf0-493f-b1f5-2887d5b68e17%22:%91%22background_color_gradient_stops%22%93,%22gcid-ffc7ad8e-ca9f-4ff9-9684-db89d03277e3%22:%91%22background_color_gradient_stops%22%93}&#8220;][et_pb_row _builder_version=&#8220;4.16&#8243; background_size=&#8220;initial&#8220; background_position=&#8220;top_left&#8220; background_repeat=&#8220;repeat&#8220; custom_padding=&#8220;50px|0px|65px|0px||&#8220; global_colors_info=&#8220;{}&#8220;][et_pb_column type=&#8220;4_4&#8243; _builder_version=&#8220;4.16&#8243; custom_padding=&#8220;|||&#8220; global_colors_info=&#8220;{}&#8220; custom_padding__hover=&#8220;|||&#8220;][et_pb_text _builder_version=&#8220;4.27.4&#8243; header_2_font=&#8220;|800|||||||&#8220; header_2_text_align=&#8220;center&#8220; header_2_text_color=&#8220;#ffffff&#8220; header_2_font_size=&#8220;60px&#8220; background_layout=&#8220;dark&#8220; custom_margin=&#8220;||20px|&#8220; animation_style=&#8220;slide&#8220; animation_direction=&#8220;bottom&#8220; header_2_font_size_tablet=&#8220;&#8220; header_2_font_size_phone=&#8220;30px&#8220; header_2_font_size_last_edited=&#8220;on|phone&#8220; header_2_text_shadow_style=&#8220;preset2&#8243; header_2_text_shadow_horizontal_length=&#8220;0em&#8220; header_2_text_shadow_vertical_length=&#8220;0.1em&#8220; header_2_text_shadow_blur_strength=&#8220;0.1em&#8220; header_2_text_shadow_color=&#8220;rgba(0,0,0,0.3)&#8220; global_colors_info=&#8220;{}&#8220;]<\/p>\n<h2>LEICHTES FISCHERN<\/h2>\n<p>[\/et_pb_text][\/et_pb_column][\/et_pb_row][\/et_pb_section][et_pb_section fb_built=&#8220;1&#8243; _builder_version=&#8220;4.16&#8243; custom_padding=&#8220;100px|0px|100px|0px&#8220; global_colors_info=&#8220;{}&#8220;][et_pb_row _builder_version=&#8220;4.27.4&#8243; _module_preset=&#8220;default&#8220; global_colors_info=&#8220;{}&#8220;][et_pb_column type=&#8220;4_4&#8243; _builder_version=&#8220;4.27.4&#8243; _module_preset=&#8220;default&#8220; global_colors_info=&#8220;{}&#8220;][et_pb_text _builder_version=&#8220;4.27.4&#8243; _module_preset=&#8220;default&#8220; link_option_url=&#8220;https:\/\/onlinebooking.camp\/himmerlandcamping?lang=da&#8220; global_colors_info=&#8220;{}&#8220;]<\/p>\n<h2>Anglerfreundliche Unterkunft<\/h2>\n<p>Die lokale Fischerei<\/p>\n<p>Sowohl Salling als auch Mors sind f\u00fcr das <a href=\"https:\/\/havorredlimfjorden.dk\/\">Angeln von Meerforellen<\/a> bekannt und einige der besten K\u00fcstenpl\u00e4tze des Limfjords befinden sich hier.<\/p>\n<p>Der zentrale und s\u00fcd\u00f6stliche Teil des Limfjords ist ein ausgedehntes System von kleinen Fjorden, Ufern, Meerengen und Buchten, die abwechslungsreiche und malerische Angelpl\u00e4tze bieten. Der Campingplatz liegt in Salling, direkt an der Sallingsundbr\u00fccke, also nur ein paar Minuten entfernt. k\u00f6nnen Sie die gr\u00f6\u00dfte Insel des Limfjords, Mors, besuchen, die mit ihren steilen Klippen eine einzigartige Kulisse f\u00fcr das Naturerlebnis bietet. Sie k\u00f6nnen im Fjord in unmittelbarer N\u00e4he des Campingplatzes angeln oder in wenigen Autominuten viele andere ber\u00fchmte K\u00fcstenorte erreichen. Im Fjord ist das Angeln auf Meerforellen zweifellos am beliebtesten, aber es gibt auch unterhaltsame Angelm\u00f6glichkeiten auf Hornhecht und Hering. Wenn Sie an die Westk\u00fcste fahren, k\u00f6nnen Sie in der rauen Natur angeln und einige der besten Molen und Wellenbrecher D\u00e4nemarks erleben. Die Westk\u00fcste ist auch der Ausgangspunkt f\u00fcr die Hochseefischerei am Gelben Riff.<\/p>\n<p>Als zertifizierte Unterkunft f\u00fcr Angler bieten wir Beratung zum Angeln vor Ort, Hilfe beim Kauf von Angelscheinen, Reinigungs- und Gefrierm\u00f6glichkeiten und mehr.<\/p>\n<p>Weitere Informationen \u00fcber das Angeln im Limfjord, Beschreibungen der einzelnen Angelpl\u00e4tze, Angeltipps und vieles mehr finden Sie unter <a href=\"https:\/\/havorredlimfjorden.dk\/\">www.havorredlimfjorden.dk<\/a> oder im F\u00fchrer &#8222;Angeln im Limfjord&#8220;, den Sie online erwerben k\u00f6nnen.<\/p>\n<p><strong>Angelschein<\/strong><\/p>\n<p>Wenn Sie zwischen 18 und 65 Jahre alt sind, ben\u00f6tigen Sie einen Angelschein, um in D\u00e4nemark mit Ruten und anderem Ger\u00e4t zu fischen. Der Angelschein kann online unter <a href=\"https:\/\/fisketegn.dk\/\">www.fisketegn.dk<\/a> erworben werden oder wir helfen Ihnen bei Ihrer Ankunft.<\/p>\n<p>&nbsp;<\/p>\n<p><strong>Angelpl\u00e4tze<\/strong><\/p>\n<p><em>Auf der Karte sind die bekannten Angelpl\u00e4tze im Limfjord mit einer Linie markiert.  <\/em><\/p>\n<p>[\/et_pb_text][et_pb_image src=&#8220;https:\/\/glyngore-camping.dk\/wp-content\/uploads\/2025\/09\/Fiskepladser-i-limfjorden.jpg&#8220; title_text=&#8220;Angelpl\u00e4tze im Limfjord&#8220; url=&#8220;https:\/\/havorredlimfjorden.dk\/&#8220; align=&#8220;center&#8220; _builder_version=&#8220;4.27.4&#8243; _module_preset=&#8220;default&#8220; global_colors_info=&#8220;{}&#8220;][\/et_pb_image][\/et_pb_column][\/et_pb_row][\/et_pb_section][et_pb_section fb_built=&#8220;1&#8243; _builder_version=&#8220;4.27.4&#8243; background_enable_color=&#8220;off&#8220; custom_padding=&#8220;0px|0px|0px|0px&#8220; top_divider_height=&#8220;0px&#8220; top_divider_flip=&#8220;vertical&#8220; bottom_divider_style=&#8220;wave2&#8243; bottom_divider_color=&#8220;gcid-7360370f-bdf0-493f-b1f5-2887d5b68e17&#8243; bottom_divider_height_tablet=&#8220;&#8220; bottom_divider_height_phone=&#8220;44px&#8220; bottom_divider_height_last_edited=&#8220;on|phone&#8220; global_colors_info=&#8220;{%22gcid-7360370f-bdf0-493f-b1f5-2887d5b68e17%22:%91%22bottom_divider_color%22%93}&#8220;][\/et_pb_section]<\/p>\n","protected":false},"excerpt":{"rendered":"<p>LEICHTES FISCHERNAnglerfreundliche Unterkunft Die lokale Fischerei Sowohl Salling als auch Mors sind f\u00fcr das Angeln von Meerforellen bekannt und einige der besten K\u00fcstenpl\u00e4tze des Limfjords befinden sich hier. Der zentrale [&hellip;]<\/p>\n","protected":false},"author":1,"featured_media":0,"parent":35535,"menu_order":0,"comment_status":"closed","ping_status":"closed","template":"","meta":{"_et_pb_use_builder":"on","_et_pb_old_content":"","_et_gb_content_width":"","_price":"","_stock":"","_tribe_ticket_header":"","_tribe_default_ticket_provider":"","_tribe_ticket_capacity":"0","_ticket_start_date":"","_ticket_end_date":"","_tribe_ticket_show_description":"","_tribe_ticket_show_not_going":false,"_tribe_ticket_use_global_stock":"","_tribe_ticket_global_stock_level":"","_global_stock_mode":"","_global_stock_cap":"","_tribe_rsvp_for_event":"","_tribe_ticket_going_count":"","_tribe_ticket_not_going_count":"","_tribe_tickets_list":"[]","_tribe_ticket_has_attendee_info_fields":false,"footnotes":"","_tec_slr_enabled":"","_tec_slr_layout":""},"folder":[],"class_list":["post-35573","page","type-page","status-publish","hentry"],"yoast_head":"<!-- This site is optimized with the Yoast SEO plugin v27.2 - https:\/\/yoast.com\/product\/yoast-seo-wordpress\/ -->\n<title>Angeln - Glyng\u00f8re Camping<\/title>\n<meta name=\"robots\" content=\"index, follow, max-snippet:-1, max-image-preview:large, max-video-preview:-1\" \/>\n<link rel=\"canonical\" href=\"https:\/\/glyngore-camping.dk\/de\/sehenswertes\/angeln\/\" \/>\n<meta property=\"og:locale\" content=\"de_DE\" \/>\n<meta property=\"og:type\" content=\"article\" \/>\n<meta property=\"og:title\" content=\"Angeln - Glyng\u00f8re Camping\" \/>\n<meta property=\"og:description\" content=\"LEICHTES FISCHERNAnglerfreundliche Unterkunft Die lokale Fischerei Sowohl Salling als auch Mors sind f\u00fcr das Angeln von Meerforellen bekannt und einige der besten K\u00fcstenpl\u00e4tze des Limfjords befinden sich hier. Der zentrale [&hellip;]\" \/>\n<meta property=\"og:url\" content=\"https:\/\/glyngore-camping.dk\/de\/sehenswertes\/angeln\/\" \/>\n<meta property=\"og:site_name\" content=\"Glyng\u00f8re Camping\" \/>\n<meta property=\"article:modified_time\" content=\"2025-12-16T20:11:33+00:00\" \/>\n<meta name=\"twitter:card\" content=\"summary_large_image\" \/>\n<meta name=\"twitter:label1\" content=\"Gesch\u00e4tzte Lesezeit\" \/>\n\t<meta name=\"twitter:data1\" content=\"4\u00a0Minuten\" \/>\n<script type=\"application\/ld+json\" class=\"yoast-schema-graph\">{\"@context\":\"https:\/\/schema.org\",\"@graph\":[{\"@type\":\"WebPage\",\"@id\":\"https:\/\/glyngore-camping.dk\/de\/sehenswertes\/angeln\/\",\"url\":\"https:\/\/glyngore-camping.dk\/de\/sehenswertes\/angeln\/\",\"name\":\"Angeln - Glyng\u00f8re Camping\",\"isPartOf\":{\"@id\":\"https:\/\/glyngore-camping.dk\/de\/#website\"},\"datePublished\":\"2025-09-14T14:51:28+00:00\",\"dateModified\":\"2025-12-16T20:11:33+00:00\",\"breadcrumb\":{\"@id\":\"https:\/\/glyngore-camping.dk\/de\/sehenswertes\/angeln\/#breadcrumb\"},\"inLanguage\":\"de\",\"potentialAction\":[{\"@type\":\"ReadAction\",\"target\":[\"https:\/\/glyngore-camping.dk\/de\/sehenswertes\/angeln\/\"]}]},{\"@type\":\"BreadcrumbList\",\"@id\":\"https:\/\/glyngore-camping.dk\/de\/sehenswertes\/angeln\/#breadcrumb\",\"itemListElement\":[{\"@type\":\"ListItem\",\"position\":1,\"name\":\"Hjem\",\"item\":\"https:\/\/glyngore-camping.dk\/de\/hauptseite\/\"},{\"@type\":\"ListItem\",\"position\":2,\"name\":\"Sehenswertes\",\"item\":\"https:\/\/glyngore-camping.dk\/de\/sehenswertes\/\"},{\"@type\":\"ListItem\",\"position\":3,\"name\":\"Angeln\"}]},{\"@type\":\"WebSite\",\"@id\":\"https:\/\/glyngore-camping.dk\/de\/#website\",\"url\":\"https:\/\/glyngore-camping.dk\/de\/\",\"name\":\"Glyng\u00f8re Camping\",\"description\":\"En oase ved limfjorden\",\"potentialAction\":[{\"@type\":\"SearchAction\",\"target\":{\"@type\":\"EntryPoint\",\"urlTemplate\":\"https:\/\/glyngore-camping.dk\/de\/?s={search_term_string}\"},\"query-input\":{\"@type\":\"PropertyValueSpecification\",\"valueRequired\":true,\"valueName\":\"search_term_string\"}}],\"inLanguage\":\"de\"}]}<\/script>\n<!-- \/ Yoast SEO plugin. -->","yoast_head_json":{"title":"Angeln - Glyng\u00f8re Camping","robots":{"index":"index","follow":"follow","max-snippet":"max-snippet:-1","max-image-preview":"max-image-preview:large","max-video-preview":"max-video-preview:-1"},"canonical":"https:\/\/glyngore-camping.dk\/de\/sehenswertes\/angeln\/","og_locale":"de_DE","og_type":"article","og_title":"Angeln - Glyng\u00f8re Camping","og_description":"LEICHTES FISCHERNAnglerfreundliche Unterkunft Die lokale Fischerei Sowohl Salling als auch Mors sind f\u00fcr das Angeln von Meerforellen bekannt und einige der besten K\u00fcstenpl\u00e4tze des Limfjords befinden sich hier. Der zentrale [&hellip;]","og_url":"https:\/\/glyngore-camping.dk\/de\/sehenswertes\/angeln\/","og_site_name":"Glyng\u00f8re Camping","article_modified_time":"2025-12-16T20:11:33+00:00","twitter_card":"summary_large_image","twitter_misc":{"Gesch\u00e4tzte Lesezeit":"4\u00a0Minuten"},"schema":{"@context":"https:\/\/schema.org","@graph":[{"@type":"WebPage","@id":"https:\/\/glyngore-camping.dk\/de\/sehenswertes\/angeln\/","url":"https:\/\/glyngore-camping.dk\/de\/sehenswertes\/angeln\/","name":"Angeln - Glyng\u00f8re Camping","isPartOf":{"@id":"https:\/\/glyngore-camping.dk\/de\/#website"},"datePublished":"2025-09-14T14:51:28+00:00","dateModified":"2025-12-16T20:11:33+00:00","breadcrumb":{"@id":"https:\/\/glyngore-camping.dk\/de\/sehenswertes\/angeln\/#breadcrumb"},"inLanguage":"de","potentialAction":[{"@type":"ReadAction","target":["https:\/\/glyngore-camping.dk\/de\/sehenswertes\/angeln\/"]}]},{"@type":"BreadcrumbList","@id":"https:\/\/glyngore-camping.dk\/de\/sehenswertes\/angeln\/#breadcrumb","itemListElement":[{"@type":"ListItem","position":1,"name":"Hjem","item":"https:\/\/glyngore-camping.dk\/de\/hauptseite\/"},{"@type":"ListItem","position":2,"name":"Sehenswertes","item":"https:\/\/glyngore-camping.dk\/de\/sehenswertes\/"},{"@type":"ListItem","position":3,"name":"Angeln"}]},{"@type":"WebSite","@id":"https:\/\/glyngore-camping.dk\/de\/#website","url":"https:\/\/glyngore-camping.dk\/de\/","name":"Glyng\u00f8re Camping","description":"En oase ved limfjorden","potentialAction":[{"@type":"SearchAction","target":{"@type":"EntryPoint","urlTemplate":"https:\/\/glyngore-camping.dk\/de\/?s={search_term_string}"},"query-input":{"@type":"PropertyValueSpecification","valueRequired":true,"valueName":"search_term_string"}}],"inLanguage":"de"}]}},"ticketed":false,"_links":{"self":[{"href":"https:\/\/glyngore-camping.dk\/de\/wp-json\/wp\/v2\/pages\/35573","targetHints":{"allow":["GET"]}}],"collection":[{"href":"https:\/\/glyngore-camping.dk\/de\/wp-json\/wp\/v2\/pages"}],"about":[{"href":"https:\/\/glyngore-camping.dk\/de\/wp-json\/wp\/v2\/types\/page"}],"author":[{"embeddable":true,"href":"https:\/\/glyngore-camping.dk\/de\/wp-json\/wp\/v2\/users\/1"}],"replies":[{"embeddable":true,"href":"https:\/\/glyngore-camping.dk\/de\/wp-json\/wp\/v2\/comments?post=35573"}],"version-history":[{"count":1,"href":"https:\/\/glyngore-camping.dk\/de\/wp-json\/wp\/v2\/pages\/35573\/revisions"}],"predecessor-version":[{"id":35587,"href":"https:\/\/glyngore-camping.dk\/de\/wp-json\/wp\/v2\/pages\/35573\/revisions\/35587"}],"up":[{"embeddable":true,"href":"https:\/\/glyngore-camping.dk\/de\/wp-json\/wp\/v2\/pages\/35535"}],"wp:attachment":[{"href":"https:\/\/glyngore-camping.dk\/de\/wp-json\/wp\/v2\/media?parent=35573"}],"wp:term":[{"taxonomy":"folder","embeddable":true,"href":"https:\/\/glyngore-camping.dk\/de\/wp-json\/wp\/v2\/folder?post=35573"}],"curies":[{"name":"wp","href":"https:\/\/api.w.org\/{rel}","templated":true}]}}