{"id":35409,"date":"2025-09-14T15:47:48","date_gmt":"2025-09-14T14:47:48","guid":{"rendered":"https:\/\/glyngore-camping.dk\/glyngoere\/"},"modified":"2025-12-16T21:11:10","modified_gmt":"2025-12-16T20:11:10","slug":"glyngoere","status":"publish","type":"page","link":"https:\/\/glyngore-camping.dk\/de\/glyngoere\/","title":{"rendered":"GLYNG\u00d8RE"},"content":{"rendered":"<p>[et_pb_section fb_built=&#8220;1&#8243; custom_padding_last_edited=&#8220;on|tablet&#8220; _builder_version=&#8220;4.27.4&#8243; background_image=&#8220;https:\/\/glyngore-camping.dk\/wp-content\/uploads\/2025\/09\/3-1.jpeg&#8220; height=&#8220;500px&#8220; height_tablet=&#8220;500px&#8220; height_phone=&#8220;500px&#8220; height_last_edited=&#8220;on|phone&#8220; custom_padding=&#8220;0px||350px||false|false&#8220; custom_padding_tablet=&#8220;||150px||false|false&#8220; custom_padding_phone=&#8220;||25px&#8220; bottom_divider_style=&#8220;waves2&#8243; bottom_divider_color=&#8220;#ffffff&#8220; bottom_divider_height=&#8220;150px&#8220; bottom_divider_height_tablet=&#8220;&#8220; bottom_divider_height_phone=&#8220;63px&#8220; bottom_divider_height_last_edited=&#8220;on|phone&#8220; box_shadow_style=&#8220;preset1&#8243; box_shadow_position=&#8220;inner&#8220; global_colors_info=&#8220;{%22gcid-primary-color%22:%91%22background_color_gradient_stops%22%93,%22gcid-secondary-color%22:%91%22background_color_gradient_stops%22%93,%22gcid-7360370f-bdf0-493f-b1f5-2887d5b68e17%22:%91%22background_color_gradient_stops%22%93,%22gcid-ffc7ad8e-ca9f-4ff9-9684-db89d03277e3%22:%91%22background_color_gradient_stops%22%93}&#8220;][et_pb_row _builder_version=&#8220;4.16&#8243; background_size=&#8220;initial&#8220; background_position=&#8220;top_left&#8220; background_repeat=&#8220;repeat&#8220; custom_padding=&#8220;50px|0px|65px|0px||&#8220; global_colors_info=&#8220;{}&#8220;][et_pb_column type=&#8220;4_4&#8243; _builder_version=&#8220;4.16&#8243; custom_padding=&#8220;|||&#8220; global_colors_info=&#8220;{}&#8220; custom_padding__hover=&#8220;|||&#8220;][et_pb_text _builder_version=&#8220;4.27.4&#8243; header_2_font=&#8220;|800|||||||&#8220; header_2_text_align=&#8220;center&#8220; header_2_text_color=&#8220;#ffffff&#8220; header_2_font_size=&#8220;60px&#8220; background_layout=&#8220;dark&#8220; custom_margin=&#8220;||20px|&#8220; animation_style=&#8220;slide&#8220; animation_direction=&#8220;bottom&#8220; header_2_font_size_tablet=&#8220;&#8220; header_2_font_size_phone=&#8220;30px&#8220; header_2_font_size_last_edited=&#8220;on|phone&#8220; header_2_text_shadow_style=&#8220;preset2&#8243; header_2_text_shadow_horizontal_length=&#8220;0em&#8220; header_2_text_shadow_vertical_length=&#8220;0.1em&#8220; header_2_text_shadow_blur_strength=&#8220;0.1em&#8220; header_2_text_shadow_color=&#8220;rgba(0,0,0,0.3)&#8220; global_colors_info=&#8220;{}&#8220;]<\/p>\n<h2>GLYNG\u00d8RE<\/h2>\n<p>[\/et_pb_text][\/et_pb_column][\/et_pb_row][\/et_pb_section][et_pb_section fb_built=&#8220;1&#8243; _builder_version=&#8220;4.27.4&#8243; custom_padding=&#8220;100px|0px|100px|0px&#8220; hover_enabled=&#8220;0&#8243; global_colors_info=&#8220;{}&#8220; custom_padding_last_edited=&#8220;on|tablet&#8220; sticky_enabled=&#8220;0&#8243; custom_padding_tablet=&#8220;25px||||false|false&#8220; custom_padding_phone=&#8220;25px||||false|false&#8220;][et_pb_row column_structure=&#8220;1_2,1_2&#8243; make_equal=&#8220;on&#8220; _builder_version=&#8220;4.27.4&#8243; _module_preset=&#8220;default&#8220; width=&#8220;100%&#8220; max_width=&#8220;1400px&#8220; global_colors_info=&#8220;{}&#8220;][et_pb_column type=&#8220;1_2&#8243; _builder_version=&#8220;4.27.4&#8243; _module_preset=&#8220;default&#8220; global_colors_info=&#8220;{}&#8220;][et_pb_text _builder_version=&#8220;4.27.4&#8243; _module_preset=&#8220;default&#8220; custom_padding=&#8220;||0px|||&#8220; hover_enabled=&#8220;0&#8243; global_colors_info=&#8220;{}&#8220; custom_padding_last_edited=&#8220;on|tablet&#8220; sticky_enabled=&#8220;0&#8243; custom_padding_tablet=&#8220;|15px||15px|false|true&#8220; custom_padding_phone=&#8220;|15px||15px|false|true&#8220;]<\/p>\n<h2>Glyng\u00f8re h\u00e4lt Wasser!!!<\/h2>\n<p>&nbsp;<\/p>\n<div class=\"wpb_text_column wpb_content_element \">\n<div class=\"wpb_wrapper\">\n<p data-start=\"216\" data-end=\"304\">Entdecken Sie die Natur, den Strand und die Kultur am Limfjord &#8211; und einige lustige und einzigartige Aspekte der Stadt.<\/p>\n<p data-start=\"306\" data-end=\"555\">Glyng\u00f8re bietet einiges vom Besten, was die Limfjord-Region zu bieten hat &#8211; von sch\u00f6nen Str\u00e4nden und herrlicher Natur bis hin zu spannender Kultur und Geschichte. Hier werden Sie eine authentische Begegnung mit dem Charme des Limfjords und dem besonderen Licht haben, das nur Nordj\u00fctland bieten kann. <\/p>\n<p data-start=\"557\" data-end=\"861\"><strong data-start=\"557\" data-end=\"593\">Einer der besten Str\u00e4nde des Limfjords<\/strong><br data-start=\"593\" data-end=\"596\">Glyng\u00f8re Strand ist bekannt f\u00fcr seinen kinderfreundlichen und sauberen Strand, der jedes Jahr mit der Blauen Flagge ausgezeichnet wird. Der Strand erstreckt sich \u00fcber 3 Kilometer und ist bis zu 75 Meter breit &#8211; mit weichem Sand, klarem Wasser und seichtem, ruhigem Meer, perfekt f\u00fcr Badeg\u00e4ste jeden Alters. <\/p>\n<p data-start=\"863\" data-end=\"893\"><strong data-start=\"863\" data-end=\"891\">Einzigartige Erlebnisse in der N\u00e4he<\/strong><\/p>\n<ul data-start=\"894\" data-end=\"1241\">\n<li data-start=\"894\" data-end=\"1016\">\n<p data-start=\"896\" data-end=\"1016\">Der Wasserpark Glyng\u00f8re ist Skandinaviens gr\u00f6\u00dfter Wasserspielplatz im Limfjord mit Trampolinen, Wasserrutschen und Kletterw\u00e4nden.<\/p>\n<\/li>\n<li data-start=\"1017\" data-end=\"1122\">\n<p data-start=\"1019\" data-end=\"1122\">Der Hafen in Glyng\u00f8re, im Volksmund &#8222;Lille Skagen&#8220; genannt, verf\u00fcgt \u00fcber rund 100 Liegepl\u00e4tze f\u00fcr Yachten und Fischer.<\/p>\n<\/li>\n<li data-start=\"1123\" data-end=\"1241\">\n<p data-start=\"1125\" data-end=\"1241\">Der Kulturbahnhof Glyng\u00f8re im alten Bahnhofsgeb\u00e4ude von 1884 erz\u00e4hlt von der Eisenbahn, der Fischerei und der Industrie in der Region.<\/p>\n<\/li>\n<\/ul>\n<p data-start=\"1243\" data-end=\"1478\"><strong data-start=\"1243\" data-end=\"1266\">Ein wenig Lokalstolz<\/strong><br data-start=\"1266\" data-end=\"1269\">Die Stadt ist auch als Heimat des Radsportstars Jonas Vingegaard bekannt, der hier lebt. Seine Schwiegermutter, Rosa Kildahl, lebt ebenfalls noch in der Gegend und hat oft Geschichten \u00fcber die lokale Gemeinschaft erz\u00e4hlt. <\/p>\n<p data-start=\"1480\" data-end=\"1578\"><strong data-start=\"1480\" data-end=\"1504\">Natur und Aktivit\u00e4ten<\/strong><br data-start=\"1504\" data-end=\"1507\">Glyng\u00f8re ist der perfekte Ausgangspunkt f\u00fcr Naturliebhaber und Abenteurer:<\/p>\n<ul data-start=\"1579\" data-end=\"1785\">\n<li data-start=\"1579\" data-end=\"1644\">\n<p data-start=\"1581\" data-end=\"1644\">Fur &#8211; Die faszinierende Insel im Limfjord mit Moler-Klippen und Fossilien<\/p>\n<\/li>\n<li data-start=\"1645\" data-end=\"1705\">\n<p data-start=\"1647\" data-end=\"1705\">Legind Bjerge auf Mors &#8211; h\u00fcgeliger Wald mit sch\u00f6ner Aussicht<\/p>\n<\/li>\n<li data-start=\"1706\" data-end=\"1785\">\n<p data-start=\"1708\" data-end=\"1785\">Limfjord &#8211; ideal zum Windsurfen, Kajakfahren, Segeln mit kleinen Booten und Angeln<\/p>\n<\/li>\n<\/ul>\n<p data-start=\"1787\" data-end=\"2040\"><strong data-start=\"1787\" data-end=\"1809\">Kultur und Geschichte<\/strong><br data-start=\"1809\" data-end=\"1812\">Besuchen Sie das Glyng\u00f8re-Museum und entdecken Sie die maritime Vergangenheit der Region, oder machen Sie einen Ausflug zum Schloss Sp\u00f8ttrup, nach Hjerl Hede oder Fur. Glyng\u00f8re und die Umgebung bieten gem\u00fctliche Fischerd\u00f6rfer, authentische K\u00fcstenkultur und einige der sch\u00f6nsten Str\u00e4nde D\u00e4nemarks. <\/p>\n<p data-start=\"2042\" data-end=\"2200\">Mit den meisten Sonnenstunden in D\u00e4nemark ist Nordj\u00fctland die offensichtliche Wahl f\u00fcr Ihren n\u00e4chsten Urlaub &#8211; ganz gleich, ob Sie auf der Suche nach Entspannung, Aktivit\u00e4t oder Naturerlebnissen sind.<\/p>\n<hr data-start=\"2597\" data-end=\"2600\">\n<p data-start=\"2602\" data-end=\"2711\"><strong data-start=\"2602\" data-end=\"2711\">Wir freuen uns darauf, Sie in Glyng\u00f8re begr\u00fc\u00dfen zu d\u00fcrfen &#8211; wo Fjord, Strand und Geschichte in sch\u00f6ner Harmonie aufeinandertreffen.<\/strong><\/p>\n<\/div>\n<\/div>\n<p>[\/et_pb_text][\/et_pb_column][et_pb_column type=&#8220;1_2&#8243; _builder_version=&#8220;4.27.4&#8243; _module_preset=&#8220;default&#8220; custom_css_main_element=&#8220;margin:auto;&#8220; global_colors_info=&#8220;{}&#8220;][et_pb_video src=&#8220;https:\/\/youtu.be\/VxgPCYhSMwM&#8220; _builder_version=&#8220;4.27.4&#8243; _module_preset=&#8220;default&#8220; global_colors_info=&#8220;{}&#8220;][\/et_pb_video][et_pb_gallery gallery_ids=&#8220;35411,35412,35413,35414&#8243; fullwidth=&#8220;on&#8220; _builder_version=&#8220;4.27.4&#8243; _module_preset=&#8220;default&#8220; global_colors_info=&#8220;{}&#8220;][\/et_pb_gallery][\/et_pb_column][\/et_pb_row][\/et_pb_section][et_pb_section fb_built=&#8220;1&#8243; _builder_version=&#8220;4.27.4&#8243; background_enable_color=&#8220;off&#8220; custom_padding=&#8220;0px|0px|0px|0px&#8220; top_divider_height=&#8220;0px&#8220; top_divider_flip=&#8220;vertical&#8220; bottom_divider_style=&#8220;wave2&#8243; bottom_divider_color=&#8220;gcid-7360370f-bdf0-493f-b1f5-2887d5b68e17&#8243; bottom_divider_height_tablet=&#8220;&#8220; bottom_divider_height_phone=&#8220;44px&#8220; bottom_divider_height_last_edited=&#8220;on|phone&#8220; global_colors_info=&#8220;{%22gcid-7360370f-bdf0-493f-b1f5-2887d5b68e17%22:%91%22bottom_divider_color%22%93}&#8220;][\/et_pb_section]<\/p>\n","protected":false},"excerpt":{"rendered":"<p>GLYNG\u00d8REGlyng\u00f8re h\u00e4lt Wasser!!! &nbsp; Entdecken Sie die Natur, den Strand und die Kultur am Limfjord &#8211; und einige lustige und einzigartige Aspekte der Stadt. Glyng\u00f8re bietet einiges vom Besten, was [&hellip;]<\/p>\n","protected":false},"author":1,"featured_media":0,"parent":0,"menu_order":0,"comment_status":"closed","ping_status":"closed","template":"","meta":{"_et_pb_use_builder":"on","_et_pb_old_content":"","_et_gb_content_width":"","_price":"","_stock":"","_tribe_ticket_header":"","_tribe_default_ticket_provider":"","_tribe_ticket_capacity":"0","_ticket_start_date":"","_ticket_end_date":"","_tribe_ticket_show_description":"","_tribe_ticket_show_not_going":false,"_tribe_ticket_use_global_stock":"","_tribe_ticket_global_stock_level":"","_global_stock_mode":"","_global_stock_cap":"","_tribe_rsvp_for_event":"","_tribe_ticket_going_count":"","_tribe_ticket_not_going_count":"","_tribe_tickets_list":"[]","_tribe_ticket_has_attendee_info_fields":false,"footnotes":"","_tec_slr_enabled":"","_tec_slr_layout":""},"folder":[],"class_list":["post-35409","page","type-page","status-publish","hentry"],"yoast_head":"<!-- This site is optimized with the Yoast SEO plugin v27.2 - https:\/\/yoast.com\/product\/yoast-seo-wordpress\/ -->\n<title>GLYNG\u00d8RE - Glyng\u00f8re Camping<\/title>\n<meta name=\"robots\" content=\"index, follow, max-snippet:-1, max-image-preview:large, max-video-preview:-1\" \/>\n<link rel=\"canonical\" href=\"https:\/\/glyngore-camping.dk\/de\/glyngoere\/\" \/>\n<meta property=\"og:locale\" content=\"de_DE\" \/>\n<meta property=\"og:type\" content=\"article\" \/>\n<meta property=\"og:title\" content=\"GLYNG\u00d8RE - Glyng\u00f8re Camping\" \/>\n<meta property=\"og:description\" content=\"GLYNG\u00d8REGlyng\u00f8re h\u00e4lt Wasser!!! &nbsp; Entdecken Sie die Natur, den Strand und die Kultur am Limfjord - und einige lustige und einzigartige Aspekte der Stadt. Glyng\u00f8re bietet einiges vom Besten, was [&hellip;]\" \/>\n<meta property=\"og:url\" content=\"https:\/\/glyngore-camping.dk\/de\/glyngoere\/\" \/>\n<meta property=\"og:site_name\" content=\"Glyng\u00f8re Camping\" \/>\n<meta property=\"article:modified_time\" content=\"2025-12-16T20:11:10+00:00\" \/>\n<meta name=\"twitter:card\" content=\"summary_large_image\" \/>\n<meta name=\"twitter:label1\" content=\"Gesch\u00e4tzte Lesezeit\" \/>\n\t<meta name=\"twitter:data1\" content=\"5\u00a0Minuten\" \/>\n<script type=\"application\/ld+json\" class=\"yoast-schema-graph\">{\"@context\":\"https:\/\/schema.org\",\"@graph\":[{\"@type\":\"WebPage\",\"@id\":\"https:\/\/glyngore-camping.dk\/de\/glyngoere\/\",\"url\":\"https:\/\/glyngore-camping.dk\/de\/glyngoere\/\",\"name\":\"GLYNG\u00d8RE - Glyng\u00f8re Camping\",\"isPartOf\":{\"@id\":\"https:\/\/glyngore-camping.dk\/de\/#website\"},\"datePublished\":\"2025-09-14T14:47:48+00:00\",\"dateModified\":\"2025-12-16T20:11:10+00:00\",\"breadcrumb\":{\"@id\":\"https:\/\/glyngore-camping.dk\/de\/glyngoere\/#breadcrumb\"},\"inLanguage\":\"de\",\"potentialAction\":[{\"@type\":\"ReadAction\",\"target\":[\"https:\/\/glyngore-camping.dk\/de\/glyngoere\/\"]}]},{\"@type\":\"BreadcrumbList\",\"@id\":\"https:\/\/glyngore-camping.dk\/de\/glyngoere\/#breadcrumb\",\"itemListElement\":[{\"@type\":\"ListItem\",\"position\":1,\"name\":\"Hjem\",\"item\":\"https:\/\/glyngore-camping.dk\/de\/hauptseite\/\"},{\"@type\":\"ListItem\",\"position\":2,\"name\":\"GLYNG\u00d8RE\"}]},{\"@type\":\"WebSite\",\"@id\":\"https:\/\/glyngore-camping.dk\/de\/#website\",\"url\":\"https:\/\/glyngore-camping.dk\/de\/\",\"name\":\"Glyng\u00f8re Camping\",\"description\":\"En oase ved limfjorden\",\"potentialAction\":[{\"@type\":\"SearchAction\",\"target\":{\"@type\":\"EntryPoint\",\"urlTemplate\":\"https:\/\/glyngore-camping.dk\/de\/?s={search_term_string}\"},\"query-input\":{\"@type\":\"PropertyValueSpecification\",\"valueRequired\":true,\"valueName\":\"search_term_string\"}}],\"inLanguage\":\"de\"}]}<\/script>\n<!-- \/ Yoast SEO plugin. -->","yoast_head_json":{"title":"GLYNG\u00d8RE - Glyng\u00f8re Camping","robots":{"index":"index","follow":"follow","max-snippet":"max-snippet:-1","max-image-preview":"max-image-preview:large","max-video-preview":"max-video-preview:-1"},"canonical":"https:\/\/glyngore-camping.dk\/de\/glyngoere\/","og_locale":"de_DE","og_type":"article","og_title":"GLYNG\u00d8RE - Glyng\u00f8re Camping","og_description":"GLYNG\u00d8REGlyng\u00f8re h\u00e4lt Wasser!!! &nbsp; Entdecken Sie die Natur, den Strand und die Kultur am Limfjord - und einige lustige und einzigartige Aspekte der Stadt. Glyng\u00f8re bietet einiges vom Besten, was [&hellip;]","og_url":"https:\/\/glyngore-camping.dk\/de\/glyngoere\/","og_site_name":"Glyng\u00f8re Camping","article_modified_time":"2025-12-16T20:11:10+00:00","twitter_card":"summary_large_image","twitter_misc":{"Gesch\u00e4tzte Lesezeit":"5\u00a0Minuten"},"schema":{"@context":"https:\/\/schema.org","@graph":[{"@type":"WebPage","@id":"https:\/\/glyngore-camping.dk\/de\/glyngoere\/","url":"https:\/\/glyngore-camping.dk\/de\/glyngoere\/","name":"GLYNG\u00d8RE - Glyng\u00f8re Camping","isPartOf":{"@id":"https:\/\/glyngore-camping.dk\/de\/#website"},"datePublished":"2025-09-14T14:47:48+00:00","dateModified":"2025-12-16T20:11:10+00:00","breadcrumb":{"@id":"https:\/\/glyngore-camping.dk\/de\/glyngoere\/#breadcrumb"},"inLanguage":"de","potentialAction":[{"@type":"ReadAction","target":["https:\/\/glyngore-camping.dk\/de\/glyngoere\/"]}]},{"@type":"BreadcrumbList","@id":"https:\/\/glyngore-camping.dk\/de\/glyngoere\/#breadcrumb","itemListElement":[{"@type":"ListItem","position":1,"name":"Hjem","item":"https:\/\/glyngore-camping.dk\/de\/hauptseite\/"},{"@type":"ListItem","position":2,"name":"GLYNG\u00d8RE"}]},{"@type":"WebSite","@id":"https:\/\/glyngore-camping.dk\/de\/#website","url":"https:\/\/glyngore-camping.dk\/de\/","name":"Glyng\u00f8re Camping","description":"En oase ved limfjorden","potentialAction":[{"@type":"SearchAction","target":{"@type":"EntryPoint","urlTemplate":"https:\/\/glyngore-camping.dk\/de\/?s={search_term_string}"},"query-input":{"@type":"PropertyValueSpecification","valueRequired":true,"valueName":"search_term_string"}}],"inLanguage":"de"}]}},"ticketed":false,"_links":{"self":[{"href":"https:\/\/glyngore-camping.dk\/de\/wp-json\/wp\/v2\/pages\/35409","targetHints":{"allow":["GET"]}}],"collection":[{"href":"https:\/\/glyngore-camping.dk\/de\/wp-json\/wp\/v2\/pages"}],"about":[{"href":"https:\/\/glyngore-camping.dk\/de\/wp-json\/wp\/v2\/types\/page"}],"author":[{"embeddable":true,"href":"https:\/\/glyngore-camping.dk\/de\/wp-json\/wp\/v2\/users\/1"}],"replies":[{"embeddable":true,"href":"https:\/\/glyngore-camping.dk\/de\/wp-json\/wp\/v2\/comments?post=35409"}],"version-history":[{"count":11,"href":"https:\/\/glyngore-camping.dk\/de\/wp-json\/wp\/v2\/pages\/35409\/revisions"}],"predecessor-version":[{"id":35481,"href":"https:\/\/glyngore-camping.dk\/de\/wp-json\/wp\/v2\/pages\/35409\/revisions\/35481"}],"wp:attachment":[{"href":"https:\/\/glyngore-camping.dk\/de\/wp-json\/wp\/v2\/media?parent=35409"}],"wp:term":[{"taxonomy":"folder","embeddable":true,"href":"https:\/\/glyngore-camping.dk\/de\/wp-json\/wp\/v2\/folder?post=35409"}],"curies":[{"name":"wp","href":"https:\/\/api.w.org\/{rel}","templated":true}]}}