{"id":35291,"date":"2025-09-28T14:53:22","date_gmt":"2025-09-28T13:53:22","guid":{"rendered":"https:\/\/glyngore-camping.dk\/wander-und-radfahrrouten\/"},"modified":"2025-12-16T21:11:33","modified_gmt":"2025-12-16T20:11:33","slug":"wander-und-radfahrrouten","status":"publish","type":"page","link":"https:\/\/glyngore-camping.dk\/de\/sehenswertes\/wander-und-radfahrrouten\/","title":{"rendered":"Wander- und Radfahrrouten"},"content":{"rendered":"<p>[et_pb_section fb_built=&#8220;1&#8243; custom_padding_last_edited=&#8220;on|tablet&#8220; _builder_version=&#8220;4.27.4&#8243; background_image=&#8220;https:\/\/glyngore-camping.dk\/wp-content\/uploads\/2025\/10\/20240526_075548-e1760425623215.jpg&#8220; height=&#8220;500px&#8220; height_tablet=&#8220;500px&#8220; height_phone=&#8220;500px&#8220; height_last_edited=&#8220;on|phone&#8220; custom_padding=&#8220;0px||350px||false|false&#8220; custom_padding_tablet=&#8220;||150px||false|false&#8220; custom_padding_phone=&#8220;||25px&#8220; bottom_divider_style=&#8220;waves2&#8243; bottom_divider_color=&#8220;#ffffff&#8220; bottom_divider_height=&#8220;150px&#8220; bottom_divider_height_tablet=&#8220;&#8220; bottom_divider_height_phone=&#8220;63px&#8220; bottom_divider_height_last_edited=&#8220;on|phone&#8220; hover_enabled=&#8220;0&#8243; box_shadow_style=&#8220;preset1&#8243; box_shadow_position=&#8220;inner&#8220; global_colors_info=&#8220;{%22gcid-primary-color%22:%91%22background_color_gradient_stops%22%93,%22gcid-secondary-color%22:%91%22background_color_gradient_stops%22%93,%22gcid-7360370f-bdf0-493f-b1f5-2887d5b68e17%22:%91%22background_color_gradient_stops%22%93,%22gcid-ffc7ad8e-ca9f-4ff9-9684-db89d03277e3%22:%91%22background_color_gradient_stops%22%93}&#8220; title_text=&#8220;20240526_075548&#8243; sticky_enabled=&#8220;0&#8243;][et_pb_row _builder_version=&#8220;4.16&#8243; background_size=&#8220;initial&#8220; background_position=&#8220;top_left&#8220; background_repeat=&#8220;repeat&#8220; custom_padding=&#8220;50px|0px|65px|0px||&#8220; global_colors_info=&#8220;{}&#8220;][et_pb_column type=&#8220;4_4&#8243; _builder_version=&#8220;4.16&#8243; custom_padding=&#8220;|||&#8220; global_colors_info=&#8220;{}&#8220; custom_padding__hover=&#8220;|||&#8220;][et_pb_text _builder_version=&#8220;4.27.4&#8243; header_2_font=&#8220;|800|||||||&#8220; header_2_text_align=&#8220;center&#8220; header_2_text_color=&#8220;#ffffff&#8220; header_2_font_size=&#8220;60px&#8220; background_layout=&#8220;dark&#8220; custom_margin=&#8220;||20px|&#8220; animation_style=&#8220;slide&#8220; animation_direction=&#8220;bottom&#8220; header_2_font_size_tablet=&#8220;&#8220; header_2_font_size_phone=&#8220;30px&#8220; header_2_font_size_last_edited=&#8220;on|phone&#8220; header_2_text_shadow_style=&#8220;preset2&#8243; header_2_text_shadow_horizontal_length=&#8220;0em&#8220; header_2_text_shadow_vertical_length=&#8220;0.1em&#8220; header_2_text_shadow_blur_strength=&#8220;0.1em&#8220; header_2_text_shadow_color=&#8220;rgba(0,0,0,0.3)&#8220; global_colors_info=&#8220;{}&#8220;]<\/p>\n<h2>WANDER- UND FAHRRADROUTEN<\/h2>\n<p>[\/et_pb_text][\/et_pb_column][\/et_pb_row][\/et_pb_section][et_pb_section fb_built=&#8220;1&#8243; _builder_version=&#8220;4.16&#8243; custom_padding=&#8220;100px|0px|100px|0px&#8220; global_colors_info=&#8220;{}&#8220;][et_pb_row _builder_version=&#8220;4.27.4&#8243; _module_preset=&#8220;default&#8220; global_colors_info=&#8220;{}&#8220;][et_pb_column type=&#8220;4_4&#8243; _builder_version=&#8220;4.27.4&#8243; _module_preset=&#8220;default&#8220; global_colors_info=&#8220;{}&#8220;][et_pb_text _builder_version=&#8220;4.27.4&#8243; _module_preset=&#8220;default&#8220; custom_padding=&#8220;||1px|||&#8220; global_colors_info=&#8220;{}&#8220;]<\/p>\n<h2 data-start=\"200\" data-end=\"243\">Entdecken Sie die Natur zu Fu\u00df oder mit dem Fahrrad<\/h2>\n<p>&nbsp;<\/p>\n<h1><\/h1>\n<p data-start=\"244\" data-end=\"527\">Vom Glyng\u00f8re Camping aus haben Sie die besten Voraussetzungen, die abwechslungsreiche Landschaft des Limfjords mit dem Fahrrad oder zu Fu\u00df zu erkunden. Die Gegend bietet eine einzigartige Mischung aus Fjord, Wald, Moor und offener Landschaft &#8211; mit herrlichen Aussichten und ruhigen Wegen, die dazu einladen, der Natur nahe zu sein. <\/p>\n<p data-start=\"529\" data-end=\"781\">Entlang der K\u00fcste k\u00f6nnen Sie Wanderungen mit Blick auf den Sallingsund und die markanten Steilk\u00fcsten von Mors unternehmen. Mehrere Routen f\u00fchren direkt vom Campingplatz aus in die h\u00fcgelige Landschaft von Salling, wo Sie kleine D\u00f6rfer, Felder und Hecken hautnah erleben k\u00f6nnen. <\/p>\n<h3 data-start=\"783\" data-end=\"799\">Fahrradrouten<\/h3>\n<p data-start=\"800\" data-end=\"948\">Die Limfjord-Region ist ein Paradies f\u00fcr Radfahrer &#8211; sowohl f\u00fcr Sportler als auch f\u00fcr Urlauber, die es ruhig angehen lassen wollen. Unter anderem k\u00f6nnen Sie hier radeln: <\/p>\n<ul data-start=\"949\" data-end=\"1381\">\n<li data-start=\"949\" data-end=\"1074\">\n<p data-start=\"951\" data-end=\"1074\"><strong data-start=\"951\" data-end=\"971\">Salling Nature Trail<\/strong> &#8211; eine landschaftlich reizvolle Route auf der alten Eisenbahnstrecke zwischen Skive und Glyng\u00f8re, die sich sowohl zum Radfahren als auch zum Wandern eignet.<\/p>\n<\/li>\n<li data-start=\"1075\" data-end=\"1250\">\n<p data-start=\"1077\" data-end=\"1250\"><strong data-start=\"1077\" data-end=\"1119\">Die Limfjord-Route (Nationale Radroute 12)<\/strong> &#8211; eine der sch\u00f6nsten Radrouten D\u00e4nemarks, die Sie rund um den Limfjord f\u00fchrt, mit Glyng\u00f8re als nat\u00fcrlichem Zwischenstopp auf dem Weg.<\/p>\n<\/li>\n<li data-start=\"1251\" data-end=\"1381\">\n<p data-start=\"1253\" data-end=\"1381\"><strong data-start=\"1253\" data-end=\"1267\">Mors Rundt<\/strong> &#8211; ein sch\u00f6ner Tagesausflug, bei dem Sie Mors \u00fcber die Sallingsundbr\u00fccke schnell erreichen und die charakteristische Landschaft der Insel erleben k\u00f6nnen.<\/p>\n<\/li>\n<\/ul>\n<h3 data-start=\"1383\" data-end=\"1400\">Wanderrouten<\/h3>\n<p data-start=\"1401\" data-end=\"1495\">Wenn Sie lieber wandern m\u00f6chten, bietet die Gegend viele M\u00f6glichkeiten f\u00fcr kurze und l\u00e4ngere Ausfl\u00fcge:<\/p>\n<ul data-start=\"1496\" data-end=\"1871\">\n<li data-start=\"1496\" data-end=\"1612\">\n<p data-start=\"1498\" data-end=\"1612\"><strong data-start=\"1498\" data-end=\"1524\">Der K\u00fcstenpfad bei Glyng\u00f8re<\/strong> &#8211; folgt dem Fjord mit fantastischen Aussichten und tollen M\u00f6glichkeiten f\u00fcr Strandpausen.<\/p>\n<\/li>\n<li data-start=\"1613\" data-end=\"1756\">\n<p data-start=\"1615\" data-end=\"1756\"><strong data-start=\"1615\" data-end=\"1640\">Legind Bjerge auf Mors<\/strong> &#8211; nur ein paar Autominuten entfernt und ideal f\u00fcr einen Tagesausflug mit markierten Routen durch W\u00e4lder, H\u00fcgel und Aussichtspunkte.<\/p>\n<\/li>\n<li data-start=\"1757\" data-end=\"1871\">\n<p data-start=\"1759\" data-end=\"1871\"><strong data-start=\"1759\" data-end=\"1782\">Fur und Sallingruten<\/strong> &#8211; f\u00fcr die Abenteuerlustigen, die mehr von den Natursch\u00e4tzen des Limfjords zu Fu\u00df erleben m\u00f6chten.<\/p>\n<\/li>\n<\/ul>\n<h3 data-start=\"1873\" data-end=\"1912\">Services f\u00fcr Wanderer und Radfahrer<\/h3>\n<p data-start=\"1913\" data-end=\"1967\">Als wander- und fahrradfreundlicher Campingplatz bieten wir:<\/p>\n<ul data-start=\"1968\" data-end=\"2126\">\n<li data-start=\"1968\" data-end=\"2007\">\n<p data-start=\"1970\" data-end=\"2007\">Karten und Informationen \u00fcber lokale Routen<\/p>\n<\/li>\n<li data-start=\"2008\" data-end=\"2045\">\n<p data-start=\"2010\" data-end=\"2045\">M\u00f6glichkeit zur Unterbringung von Fahrr\u00e4dern<\/p>\n<\/li>\n<li data-start=\"2046\" data-end=\"2093\">\n<p data-start=\"2048\" data-end=\"2093\">Trocknungs- und Waschm\u00f6glichkeiten f\u00fcr Kleidung und Ausr\u00fcstung<\/p>\n<\/li>\n<\/ul>\n<p data-start=\"2128\" data-end=\"2259\">Vom Campingplatz aus k\u00f6nnen Sie sowohl kurze Abendtouren als auch l\u00e4ngere Ausfl\u00fcge planen &#8211; immer mit der frischen Luft des Limfjords als Begleiter.<\/p>\n<p>[\/et_pb_text][et_pb_image src=&#8220;https:\/\/glyngore-camping.dk\/wp-content\/uploads\/2025\/09\/Kort-Glyngoere.jpg&#8220; title_text=&#8220;Layout 1&#8243; show_in_lightbox=&#8220;on&#8220; align=&#8220;center&#8220; _builder_version=&#8220;4.27.4&#8243; _module_preset=&#8220;default&#8220; global_colors_info=&#8220;{}&#8220;][\/et_pb_image][\/et_pb_column][\/et_pb_row][\/et_pb_section][et_pb_section fb_built=&#8220;1&#8243; _builder_version=&#8220;4.27.4&#8243; background_enable_color=&#8220;off&#8220; custom_padding=&#8220;0px|0px|0px|0px&#8220; top_divider_height=&#8220;0px&#8220; top_divider_flip=&#8220;vertical&#8220; bottom_divider_style=&#8220;wave2&#8243; bottom_divider_color=&#8220;gcid-7360370f-bdf0-493f-b1f5-2887d5b68e17&#8243; bottom_divider_height_tablet=&#8220;&#8220; bottom_divider_height_phone=&#8220;44px&#8220; bottom_divider_height_last_edited=&#8220;on|phone&#8220; global_colors_info=&#8220;{%22gcid-7360370f-bdf0-493f-b1f5-2887d5b68e17%22:%91%22bottom_divider_color%22%93}&#8220;][\/et_pb_section]<\/p>\n","protected":false},"excerpt":{"rendered":"<p>WANDER- UND FAHRRADROUTENEntdecken Sie die Natur zu Fu\u00df oder mit dem Fahrrad &nbsp; Vom Glyng\u00f8re Camping aus haben Sie die besten Voraussetzungen, die abwechslungsreiche Landschaft des Limfjords mit dem Fahrrad [&hellip;]<\/p>\n","protected":false},"author":1,"featured_media":0,"parent":35535,"menu_order":0,"comment_status":"closed","ping_status":"closed","template":"","meta":{"_et_pb_use_builder":"on","_et_pb_old_content":"","_et_gb_content_width":"","_price":"","_stock":"","_tribe_ticket_header":"","_tribe_default_ticket_provider":"","_tribe_ticket_capacity":"0","_ticket_start_date":"","_ticket_end_date":"","_tribe_ticket_show_description":"","_tribe_ticket_show_not_going":false,"_tribe_ticket_use_global_stock":"","_tribe_ticket_global_stock_level":"","_global_stock_mode":"","_global_stock_cap":"","_tribe_rsvp_for_event":"","_tribe_ticket_going_count":"","_tribe_ticket_not_going_count":"","_tribe_tickets_list":"[]","_tribe_ticket_has_attendee_info_fields":false,"footnotes":"","_tec_slr_enabled":"","_tec_slr_layout":""},"folder":[],"class_list":["post-35291","page","type-page","status-publish","hentry"],"yoast_head":"<!-- This site is optimized with the Yoast SEO plugin v27.2 - https:\/\/yoast.com\/product\/yoast-seo-wordpress\/ -->\n<title>Wander- und Radfahrrouten - Glyng\u00f8re Camping<\/title>\n<meta name=\"robots\" content=\"index, follow, max-snippet:-1, max-image-preview:large, max-video-preview:-1\" \/>\n<link rel=\"canonical\" href=\"https:\/\/glyngore-camping.dk\/de\/sehenswertes\/wander-und-radfahrrouten\/\" \/>\n<meta property=\"og:locale\" content=\"de_DE\" \/>\n<meta property=\"og:type\" content=\"article\" \/>\n<meta property=\"og:title\" content=\"Wander- und Radfahrrouten - Glyng\u00f8re Camping\" \/>\n<meta property=\"og:description\" content=\"WANDER- UND FAHRRADROUTENEntdecken Sie die Natur zu Fu\u00df oder mit dem Fahrrad &nbsp; Vom Glyng\u00f8re Camping aus haben Sie die besten Voraussetzungen, die abwechslungsreiche Landschaft des Limfjords mit dem Fahrrad [&hellip;]\" \/>\n<meta property=\"og:url\" content=\"https:\/\/glyngore-camping.dk\/de\/sehenswertes\/wander-und-radfahrrouten\/\" \/>\n<meta property=\"og:site_name\" content=\"Glyng\u00f8re Camping\" \/>\n<meta property=\"article:modified_time\" content=\"2025-12-16T20:11:33+00:00\" \/>\n<meta name=\"twitter:card\" content=\"summary_large_image\" \/>\n<meta name=\"twitter:label1\" content=\"Gesch\u00e4tzte Lesezeit\" \/>\n\t<meta name=\"twitter:data1\" content=\"4\u00a0Minuten\" \/>\n<script type=\"application\/ld+json\" class=\"yoast-schema-graph\">{\"@context\":\"https:\/\/schema.org\",\"@graph\":[{\"@type\":\"WebPage\",\"@id\":\"https:\/\/glyngore-camping.dk\/de\/sehenswertes\/wander-und-radfahrrouten\/\",\"url\":\"https:\/\/glyngore-camping.dk\/de\/sehenswertes\/wander-und-radfahrrouten\/\",\"name\":\"Wander- und Radfahrrouten - Glyng\u00f8re Camping\",\"isPartOf\":{\"@id\":\"https:\/\/glyngore-camping.dk\/de\/#website\"},\"datePublished\":\"2025-09-28T13:53:22+00:00\",\"dateModified\":\"2025-12-16T20:11:33+00:00\",\"breadcrumb\":{\"@id\":\"https:\/\/glyngore-camping.dk\/de\/sehenswertes\/wander-und-radfahrrouten\/#breadcrumb\"},\"inLanguage\":\"de\",\"potentialAction\":[{\"@type\":\"ReadAction\",\"target\":[\"https:\/\/glyngore-camping.dk\/de\/sehenswertes\/wander-und-radfahrrouten\/\"]}]},{\"@type\":\"BreadcrumbList\",\"@id\":\"https:\/\/glyngore-camping.dk\/de\/sehenswertes\/wander-und-radfahrrouten\/#breadcrumb\",\"itemListElement\":[{\"@type\":\"ListItem\",\"position\":1,\"name\":\"Hjem\",\"item\":\"https:\/\/glyngore-camping.dk\/de\/hauptseite\/\"},{\"@type\":\"ListItem\",\"position\":2,\"name\":\"Sehenswertes\",\"item\":\"https:\/\/glyngore-camping.dk\/de\/sehenswertes\/\"},{\"@type\":\"ListItem\",\"position\":3,\"name\":\"Wander- und Radfahrrouten\"}]},{\"@type\":\"WebSite\",\"@id\":\"https:\/\/glyngore-camping.dk\/de\/#website\",\"url\":\"https:\/\/glyngore-camping.dk\/de\/\",\"name\":\"Glyng\u00f8re Camping\",\"description\":\"En oase ved limfjorden\",\"potentialAction\":[{\"@type\":\"SearchAction\",\"target\":{\"@type\":\"EntryPoint\",\"urlTemplate\":\"https:\/\/glyngore-camping.dk\/de\/?s={search_term_string}\"},\"query-input\":{\"@type\":\"PropertyValueSpecification\",\"valueRequired\":true,\"valueName\":\"search_term_string\"}}],\"inLanguage\":\"de\"}]}<\/script>\n<!-- \/ Yoast SEO plugin. -->","yoast_head_json":{"title":"Wander- und Radfahrrouten - Glyng\u00f8re Camping","robots":{"index":"index","follow":"follow","max-snippet":"max-snippet:-1","max-image-preview":"max-image-preview:large","max-video-preview":"max-video-preview:-1"},"canonical":"https:\/\/glyngore-camping.dk\/de\/sehenswertes\/wander-und-radfahrrouten\/","og_locale":"de_DE","og_type":"article","og_title":"Wander- und Radfahrrouten - Glyng\u00f8re Camping","og_description":"WANDER- UND FAHRRADROUTENEntdecken Sie die Natur zu Fu\u00df oder mit dem Fahrrad &nbsp; Vom Glyng\u00f8re Camping aus haben Sie die besten Voraussetzungen, die abwechslungsreiche Landschaft des Limfjords mit dem Fahrrad [&hellip;]","og_url":"https:\/\/glyngore-camping.dk\/de\/sehenswertes\/wander-und-radfahrrouten\/","og_site_name":"Glyng\u00f8re Camping","article_modified_time":"2025-12-16T20:11:33+00:00","twitter_card":"summary_large_image","twitter_misc":{"Gesch\u00e4tzte Lesezeit":"4\u00a0Minuten"},"schema":{"@context":"https:\/\/schema.org","@graph":[{"@type":"WebPage","@id":"https:\/\/glyngore-camping.dk\/de\/sehenswertes\/wander-und-radfahrrouten\/","url":"https:\/\/glyngore-camping.dk\/de\/sehenswertes\/wander-und-radfahrrouten\/","name":"Wander- und Radfahrrouten - Glyng\u00f8re Camping","isPartOf":{"@id":"https:\/\/glyngore-camping.dk\/de\/#website"},"datePublished":"2025-09-28T13:53:22+00:00","dateModified":"2025-12-16T20:11:33+00:00","breadcrumb":{"@id":"https:\/\/glyngore-camping.dk\/de\/sehenswertes\/wander-und-radfahrrouten\/#breadcrumb"},"inLanguage":"de","potentialAction":[{"@type":"ReadAction","target":["https:\/\/glyngore-camping.dk\/de\/sehenswertes\/wander-und-radfahrrouten\/"]}]},{"@type":"BreadcrumbList","@id":"https:\/\/glyngore-camping.dk\/de\/sehenswertes\/wander-und-radfahrrouten\/#breadcrumb","itemListElement":[{"@type":"ListItem","position":1,"name":"Hjem","item":"https:\/\/glyngore-camping.dk\/de\/hauptseite\/"},{"@type":"ListItem","position":2,"name":"Sehenswertes","item":"https:\/\/glyngore-camping.dk\/de\/sehenswertes\/"},{"@type":"ListItem","position":3,"name":"Wander- und Radfahrrouten"}]},{"@type":"WebSite","@id":"https:\/\/glyngore-camping.dk\/de\/#website","url":"https:\/\/glyngore-camping.dk\/de\/","name":"Glyng\u00f8re Camping","description":"En oase ved limfjorden","potentialAction":[{"@type":"SearchAction","target":{"@type":"EntryPoint","urlTemplate":"https:\/\/glyngore-camping.dk\/de\/?s={search_term_string}"},"query-input":{"@type":"PropertyValueSpecification","valueRequired":true,"valueName":"search_term_string"}}],"inLanguage":"de"}]}},"ticketed":false,"_links":{"self":[{"href":"https:\/\/glyngore-camping.dk\/de\/wp-json\/wp\/v2\/pages\/35291","targetHints":{"allow":["GET"]}}],"collection":[{"href":"https:\/\/glyngore-camping.dk\/de\/wp-json\/wp\/v2\/pages"}],"about":[{"href":"https:\/\/glyngore-camping.dk\/de\/wp-json\/wp\/v2\/types\/page"}],"author":[{"embeddable":true,"href":"https:\/\/glyngore-camping.dk\/de\/wp-json\/wp\/v2\/users\/1"}],"replies":[{"embeddable":true,"href":"https:\/\/glyngore-camping.dk\/de\/wp-json\/wp\/v2\/comments?post=35291"}],"version-history":[{"count":5,"href":"https:\/\/glyngore-camping.dk\/de\/wp-json\/wp\/v2\/pages\/35291\/revisions"}],"predecessor-version":[{"id":35305,"href":"https:\/\/glyngore-camping.dk\/de\/wp-json\/wp\/v2\/pages\/35291\/revisions\/35305"}],"up":[{"embeddable":true,"href":"https:\/\/glyngore-camping.dk\/de\/wp-json\/wp\/v2\/pages\/35535"}],"wp:attachment":[{"href":"https:\/\/glyngore-camping.dk\/de\/wp-json\/wp\/v2\/media?parent=35291"}],"wp:term":[{"taxonomy":"folder","embeddable":true,"href":"https:\/\/glyngore-camping.dk\/de\/wp-json\/wp\/v2\/folder?post=35291"}],"curies":[{"name":"wp","href":"https:\/\/api.w.org\/{rel}","templated":true}]}}