{"id":35260,"date":"2025-09-24T16:39:12","date_gmt":"2025-09-24T15:39:12","guid":{"rendered":"https:\/\/glyngore-camping.dk\/safari-zelt\/"},"modified":"2025-12-16T21:12:28","modified_gmt":"2025-12-16T20:12:28","slug":"safari-zelt","status":"publish","type":"page","link":"https:\/\/glyngore-camping.dk\/de\/wenn-sie-mieten\/safari-zelt\/","title":{"rendered":"Safari Zelt"},"content":{"rendered":"<p>[et_pb_section fb_built=&#8220;1&#8243; custom_padding_last_edited=&#8220;on|tablet&#8220; _builder_version=&#8220;4.27.4&#8243; background_image=&#8220;https:\/\/glyngore-camping.dk\/wp-content\/uploads\/2025\/09\/20250415_104355-e1760449867890.jpg&#8220; height=&#8220;500px&#8220; height_tablet=&#8220;500px&#8220; height_phone=&#8220;500px&#8220; height_last_edited=&#8220;on|phone&#8220; custom_padding=&#8220;0px||350px||false|false&#8220; custom_padding_tablet=&#8220;||150px||false|false&#8220; custom_padding_phone=&#8220;||25px&#8220; bottom_divider_style=&#8220;waves2&#8243; bottom_divider_color=&#8220;#ffffff&#8220; bottom_divider_height=&#8220;150px&#8220; bottom_divider_height_tablet=&#8220;&#8220; bottom_divider_height_phone=&#8220;63px&#8220; bottom_divider_height_last_edited=&#8220;on|phone&#8220; box_shadow_style=&#8220;preset1&#8243; box_shadow_position=&#8220;inner&#8220; global_colors_info=&#8220;{%22gcid-primary-color%22:%91%22background_color_gradient_stops%22%93,%22gcid-secondary-color%22:%91%22background_color_gradient_stops%22%93,%22gcid-7360370f-bdf0-493f-b1f5-2887d5b68e17%22:%91%22background_color_gradient_stops%22%93,%22gcid-ffc7ad8e-ca9f-4ff9-9684-db89d03277e3%22:%91%22background_color_gradient_stops%22%93}&#8220;][et_pb_row _builder_version=&#8220;4.27.4&#8243; background_size=&#8220;initial&#8220; background_position=&#8220;top_left&#8220; background_repeat=&#8220;repeat&#8220; custom_padding=&#8220;50px|0px|65px|0px||&#8220; global_colors_info=&#8220;{}&#8220;][et_pb_column type=&#8220;4_4&#8243; _builder_version=&#8220;4.16&#8243; custom_padding=&#8220;|||&#8220; global_colors_info=&#8220;{}&#8220; custom_padding__hover=&#8220;|||&#8220;][et_pb_text _builder_version=&#8220;4.27.4&#8243; header_2_font=&#8220;|800|||||||&#8220; header_2_text_align=&#8220;center&#8220; header_2_text_color=&#8220;#ffffff&#8220; header_2_font_size=&#8220;60px&#8220; background_layout=&#8220;dark&#8220; custom_margin=&#8220;||20px|&#8220; animation_style=&#8220;slide&#8220; animation_direction=&#8220;bottom&#8220; header_2_font_size_tablet=&#8220;&#8220; header_2_font_size_phone=&#8220;30px&#8220; header_2_font_size_last_edited=&#8220;on|phone&#8220; header_2_text_shadow_style=&#8220;preset2&#8243; header_2_text_shadow_horizontal_length=&#8220;0em&#8220; header_2_text_shadow_vertical_length=&#8220;0.1em&#8220; header_2_text_shadow_blur_strength=&#8220;0.1em&#8220; header_2_text_shadow_color=&#8220;rgba(0,0,0,0.3)&#8220; global_colors_info=&#8220;{}&#8220;]<\/p>\n<h2>SAFARI-ZELT<\/h2>\n<p>[\/et_pb_text][\/et_pb_column][\/et_pb_row][\/et_pb_section][et_pb_section fb_built=&#8220;1&#8243; _builder_version=&#8220;4.27.4&#8243; z_index=&#8220;-20&#8243; custom_padding=&#8220;20px|0px|20px|0px|true|false&#8220; bottom_divider_color=&#8220;gcid-7360370f-bdf0-493f-b1f5-2887d5b68e17&#8243; global_colors_info=&#8220;{%22gcid-7360370f-bdf0-493f-b1f5-2887d5b68e17%22:%91%22bottom_divider_color%22%93}&#8220; admin_label=&#8220;Sektion&#8220;][et_pb_row column_structure=&#8220;3_5,2_5&#8243; make_equal=&#8220;on&#8220; module_class=&#8220;custom_row_95&#8243; _builder_version=&#8220;4.27.4&#8243; width=&#8220;100%&#8220; custom_padding=&#8220;0px||0px|&#8220; animation_style=&#8220;zoom&#8220; animation_delay=&#8220;250ms&#8220; hover_enabled=&#8220;0&#8243; border_radii=&#8220;on|5px|5px|5px|5px&#8220; global_colors_info=&#8220;{}&#8220; custom_padding_last_edited=&#8220;on|phone&#8220; sticky_enabled=&#8220;0&#8243; custom_padding_phone=&#8220;||30px||false|false&#8220; custom_padding_tablet=&#8220;0px||0px|&#8220;][et_pb_column type=&#8220;3_5&#8243; _builder_version=&#8220;4.16&#8243; background_color=&#8220;#ffffff&#8220; custom_padding=&#8220;50px|50px|50px|50px&#8220; custom_padding_tablet=&#8220;50px|25px|50px|25px&#8220; custom_padding_phone=&#8220;&#8220; custom_padding_last_edited=&#8220;on|phone&#8220; global_colors_info=&#8220;{}&#8220; padding_tablet=&#8220;50px|25px|50px|25px&#8220; padding_last_edited=&#8220;on|phone&#8220; custom_padding__hover=&#8220;|||&#8220; padding_phone=&#8220;50px|25px|50px|25px&#8220;][et_pb_text _builder_version=&#8220;4.27.4&#8243; global_colors_info=&#8220;{}&#8220;]<\/p>\n<h3>Willkommen bei unseren erstaunlichen &#8211; &#8222;Safari-Zelten&#8220;<\/h3>\n<p>&nbsp;<\/p>\n<p data-start=\"305\" data-end=\"515\">Unsere Safarizelte sind <strong data-start=\"326\" data-end=\"368\">bei Familien mit Kindern \u00e4u\u00dferst beliebt<\/strong>. Die Kinder erleben den Campingausflug ihrer Tr\u00e4ume, w\u00e4hrend die Eltern den Komfort eines richtigen Bettes genie\u00dfen und in einer ger\u00e4umigen Umgebung aufrecht stehen k\u00f6nnen. <\/p>\n<p data-start=\"517\" data-end=\"571\">Die Zelte haben einen festen Boden und Platz f\u00fcr <strong data-start=\"554\" data-end=\"568\">5 Personen<\/strong>:<\/p>\n<ul data-start=\"572\" data-end=\"660\">\n<li data-start=\"572\" data-end=\"610\">\n<p data-start=\"574\" data-end=\"610\"><strong data-start=\"574\" data-end=\"608\">Ein Schlafzimmer mit Doppelbett<\/strong><\/p>\n<\/li>\n<li data-start=\"611\" data-end=\"660\">\n<p data-start=\"613\" data-end=\"660\"><strong data-start=\"613\" data-end=\"658\">Ein Schlafzimmer mit Etagenbett und Einzelbett<\/strong><\/p>\n<\/li>\n<\/ul>\n<p data-start=\"662\" data-end=\"910\">Es gibt auch ein gem\u00fctliches Wohnzimmer mit Platz f\u00fcr Geselligkeit und Entspannung. Die Zelte verf\u00fcgen \u00fcber eine <strong data-start=\"758\" data-end=\"774\">kleine K\u00fcche<\/strong> mit K\u00fchlschrank, Gasherd, Wasserkocher und Kaffeemaschine. Sie k\u00f6nnen auch unsere <strong data-start=\"878\" data-end=\"896\">Gemeinschaftsk\u00fcchen<\/strong> vor Ort zum Kochen nutzen.  <\/p>\n<p data-start=\"912\" data-end=\"1039\">Alle Zelte haben eine <strong data-start=\"958\" data-end=\"977\">private Terrasse<\/strong>, auf der Sie Ihren Morgenkaffee oder lange Sommerabende genie\u00dfen k\u00f6nnen.<\/p>\n<p data-start=\"1041\" data-end=\"1199\">Wir <strong data-start=\"1051\" data-end=\"1092\">hei\u00dfen die ganze Familie willkommen &#8211; auch den Hund<\/strong>????<br data-start=\"1095\" data-end=\"1098\"><\/p>\n<p><strong>Kaufoptionen<\/strong><\/p>\n<ul>\n<li>\n<div role=\"presentation\">Bettw\u00e4sche: Laken, Bettbezug, Kopfkissenbezug, Handtuch<\/div>\n<\/li>\n<li>\n<div role=\"presentation\">Fr\u00fchst\u00fcckstablett: 2 Br\u00f6tchen, Butter, K\u00e4se, Marmelade, Nutella, Kaffee\/Tee, Saft, Geb\u00e4ck<\/div>\n<\/li>\n<\/ul>\n<p>[\/et_pb_text][\/et_pb_column][et_pb_column type=&#8220;2_5&#8243; _builder_version=&#8220;4.27.4&#8243; background_color=&#8220;gcid-7360370f-bdf0-493f-b1f5-2887d5b68e17&#8243; background_enable_image=&#8220;off&#8220; custom_padding=&#8220;||25px|&#8220; custom_padding_last_edited=&#8220;off|phone&#8220; border_radii=&#8220;on|30px|30px|30px|30px&#8220; box_shadow_style=&#8220;preset1&#8243; global_colors_info=&#8220;{%22gcid-7360370f-bdf0-493f-b1f5-2887d5b68e17%22:%91%22background_color%22%93}&#8220; padding_last_edited=&#8220;off|phone&#8220; custom_padding__hover=&#8220;|||&#8220;][et_pb_image src=&#8220;https:\/\/glyngore-camping.dk\/wp-content\/uploads\/2025\/09\/Safaritelt-1.png&#8220; title_text=&#8220;Safari Zelt&#8220; align_tablet=&#8220;center&#8220; align_phone=&#8220;&#8220; align_last_edited=&#8220;on|desktop&#8220; _builder_version=&#8220;4.27.4&#8243; border_style=&#8220;solid&#8220; global_colors_info=&#8220;{}&#8220;][\/et_pb_image][et_pb_blurb icon_placement=&#8220;left&#8220; image_icon_width=&#8220;20px&#8220; module_class=&#8220;contact_detail_blurb&#8220; _builder_version=&#8220;4.27.4&#8243; header_font=&#8220;|on|||&#8220; header_font_size=&#8220;16&#8243; body_font_size=&#8220;15&#8243; body_line_height=&#8220;1.5em&#8220; background_layout=&#8220;dark&#8220; custom_padding=&#8220;|||50px&#8220; custom_padding_tablet=&#8220;&#8220; custom_padding_phone=&#8220;|||25px&#8220; custom_padding_last_edited=&#8220;on|phone&#8220; animation=&#8220;off&#8220; border_style_all=&#8220;solid&#8220; border_style=&#8220;solid&#8220; icon_font_size=&#8220;20px&#8220; global_colors_info=&#8220;{}&#8220;]<\/p>\n<ul>\n<li>Zimmer f\u00fcr bis zu 5 Personen<\/li>\n<li>K\u00fcche mit K\u00fchlschrank und Gasherd<\/li>\n<li>Essecke  <\/li>\n<li>1 Schlafbereich mit 1 Doppelbett  <\/li>\n<li>1 Schlafbereich mit 1 Etagenbett und <br \/>1 Einzelbett<\/li>\n<li>Alle Matratzen sind 90 cm lang<\/li>\n<li>Bad\/K\u00fcche im Hauptgeb\u00e4ude (60m)<\/li>\n<li>Wifi im Zelt.<\/li>\n<\/ul>\n<p>[\/et_pb_blurb][et_pb_button button_url=&#8220;https:\/\/onlinebooking.camp\/Glyngorecamping?lang=da&#8220; button_text=&#8220;BUCHEN SIE DAS ZELT JETZT&#8220; button_alignment=&#8220;center&#8220; _builder_version=&#8220;4.27.4&#8243; _module_preset=&#8220;default&#8220; global_colors_info=&#8220;{}&#8220;][\/et_pb_button][\/et_pb_column][\/et_pb_row][\/et_pb_section][et_pb_section fb_built=&#8220;1&#8243; _builder_version=&#8220;4.27.4&#8243; background_enable_color=&#8220;off&#8220; z_index=&#8220;0&#8243; custom_padding=&#8220;0px|0px|0px|0px&#8220; top_divider_height=&#8220;0px&#8220; top_divider_flip=&#8220;vertical&#8220; bottom_divider_style=&#8220;wave2&#8243; bottom_divider_color=&#8220;gcid-7360370f-bdf0-493f-b1f5-2887d5b68e17&#8243; bottom_divider_height_tablet=&#8220;&#8220; bottom_divider_height_phone=&#8220;44px&#8220; bottom_divider_height_last_edited=&#8220;on|phone&#8220; global_colors_info=&#8220;{%22gcid-7360370f-bdf0-493f-b1f5-2887d5b68e17%22:%91%22bottom_divider_color%22%93}&#8220;][et_pb_row use_custom_gutter=&#8220;on&#8220; gutter_width=&#8220;1&#8243; disabled_on=&#8220;on|off|off&#8220; _builder_version=&#8220;4.27.4&#8243; _module_preset=&#8220;default&#8220; width=&#8220;100%&#8220; max_width=&#8220;100%&#8220; global_colors_info=&#8220;{}&#8220;][et_pb_column type=&#8220;4_4&#8243; _builder_version=&#8220;4.27.4&#8243; _module_preset=&#8220;default&#8220; global_colors_info=&#8220;{}&#8220;][et_pb_gallery gallery_ids=&#8220;35261,35262,35263,35264,35265,35266,35267,35268&#8243; posts_number=&#8220;8&#8243; show_title_and_caption=&#8220;off&#8220; show_pagination=&#8220;off&#8220; _builder_version=&#8220;4.27.4&#8243; _module_preset=&#8220;default&#8220; z_index=&#8220;-15&#8243; global_colors_info=&#8220;{}&#8220;][\/et_pb_gallery][\/et_pb_column][\/et_pb_row][\/et_pb_section]<\/p>\n","protected":false},"excerpt":{"rendered":"<p>SAFARI-ZELTWillkommen bei unseren erstaunlichen &#8211; &#8222;Safari-Zelten&#8220; &nbsp; Unsere Safarizelte sind bei Familien mit Kindern \u00e4u\u00dferst beliebt. Die Kinder erleben den Campingausflug ihrer Tr\u00e4ume, w\u00e4hrend die Eltern den Komfort eines richtigen [&hellip;]<\/p>\n","protected":false},"author":1,"featured_media":0,"parent":35828,"menu_order":0,"comment_status":"closed","ping_status":"closed","template":"","meta":{"_et_pb_use_builder":"on","_et_pb_old_content":"","_et_gb_content_width":"","_price":"","_stock":"","_tribe_ticket_header":"","_tribe_default_ticket_provider":"","_tribe_ticket_capacity":"0","_ticket_start_date":"","_ticket_end_date":"","_tribe_ticket_show_description":"","_tribe_ticket_show_not_going":false,"_tribe_ticket_use_global_stock":"","_tribe_ticket_global_stock_level":"","_global_stock_mode":"","_global_stock_cap":"","_tribe_rsvp_for_event":"","_tribe_ticket_going_count":"","_tribe_ticket_not_going_count":"","_tribe_tickets_list":"[]","_tribe_ticket_has_attendee_info_fields":false,"footnotes":"","_tec_slr_enabled":"","_tec_slr_layout":""},"folder":[],"class_list":["post-35260","page","type-page","status-publish","hentry"],"yoast_head":"<!-- This site is optimized with the Yoast SEO plugin v27.2 - https:\/\/yoast.com\/product\/yoast-seo-wordpress\/ -->\n<title>Safari Zelt - Glyng\u00f8re Camping<\/title>\n<meta name=\"robots\" content=\"index, follow, max-snippet:-1, max-image-preview:large, max-video-preview:-1\" \/>\n<link rel=\"canonical\" href=\"https:\/\/glyngore-camping.dk\/de\/wenn-sie-mieten\/safari-zelt\/\" \/>\n<meta property=\"og:locale\" content=\"de_DE\" \/>\n<meta property=\"og:type\" content=\"article\" \/>\n<meta property=\"og:title\" content=\"Safari Zelt - Glyng\u00f8re Camping\" \/>\n<meta property=\"og:description\" content=\"SAFARI-ZELTWillkommen bei unseren erstaunlichen - &quot;Safari-Zelten&quot; &nbsp; Unsere Safarizelte sind bei Familien mit Kindern \u00e4u\u00dferst beliebt. Die Kinder erleben den Campingausflug ihrer Tr\u00e4ume, w\u00e4hrend die Eltern den Komfort eines richtigen [&hellip;]\" \/>\n<meta property=\"og:url\" content=\"https:\/\/glyngore-camping.dk\/de\/wenn-sie-mieten\/safari-zelt\/\" \/>\n<meta property=\"og:site_name\" content=\"Glyng\u00f8re Camping\" \/>\n<meta property=\"article:modified_time\" content=\"2025-12-16T20:12:28+00:00\" \/>\n<meta name=\"twitter:card\" content=\"summary_large_image\" \/>\n<meta name=\"twitter:label1\" content=\"Gesch\u00e4tzte Lesezeit\" \/>\n\t<meta name=\"twitter:data1\" content=\"5\u00a0Minuten\" \/>\n<script type=\"application\/ld+json\" class=\"yoast-schema-graph\">{\"@context\":\"https:\/\/schema.org\",\"@graph\":[{\"@type\":\"WebPage\",\"@id\":\"https:\/\/glyngore-camping.dk\/de\/wenn-sie-mieten\/safari-zelt\/\",\"url\":\"https:\/\/glyngore-camping.dk\/de\/wenn-sie-mieten\/safari-zelt\/\",\"name\":\"Safari Zelt - Glyng\u00f8re Camping\",\"isPartOf\":{\"@id\":\"https:\/\/glyngore-camping.dk\/de\/#website\"},\"datePublished\":\"2025-09-24T15:39:12+00:00\",\"dateModified\":\"2025-12-16T20:12:28+00:00\",\"breadcrumb\":{\"@id\":\"https:\/\/glyngore-camping.dk\/de\/wenn-sie-mieten\/safari-zelt\/#breadcrumb\"},\"inLanguage\":\"de\",\"potentialAction\":[{\"@type\":\"ReadAction\",\"target\":[\"https:\/\/glyngore-camping.dk\/de\/wenn-sie-mieten\/safari-zelt\/\"]}]},{\"@type\":\"BreadcrumbList\",\"@id\":\"https:\/\/glyngore-camping.dk\/de\/wenn-sie-mieten\/safari-zelt\/#breadcrumb\",\"itemListElement\":[{\"@type\":\"ListItem\",\"position\":1,\"name\":\"Hjem\",\"item\":\"https:\/\/glyngore-camping.dk\/de\/hauptseite\/\"},{\"@type\":\"ListItem\",\"position\":2,\"name\":\"WENN SIE MIETEN\",\"item\":\"https:\/\/glyngore-camping.dk\/de\/wenn-sie-mieten\/\"},{\"@type\":\"ListItem\",\"position\":3,\"name\":\"Safari Zelt\"}]},{\"@type\":\"WebSite\",\"@id\":\"https:\/\/glyngore-camping.dk\/de\/#website\",\"url\":\"https:\/\/glyngore-camping.dk\/de\/\",\"name\":\"Glyng\u00f8re Camping\",\"description\":\"En oase ved limfjorden\",\"potentialAction\":[{\"@type\":\"SearchAction\",\"target\":{\"@type\":\"EntryPoint\",\"urlTemplate\":\"https:\/\/glyngore-camping.dk\/de\/?s={search_term_string}\"},\"query-input\":{\"@type\":\"PropertyValueSpecification\",\"valueRequired\":true,\"valueName\":\"search_term_string\"}}],\"inLanguage\":\"de\"}]}<\/script>\n<!-- \/ Yoast SEO plugin. -->","yoast_head_json":{"title":"Safari Zelt - Glyng\u00f8re Camping","robots":{"index":"index","follow":"follow","max-snippet":"max-snippet:-1","max-image-preview":"max-image-preview:large","max-video-preview":"max-video-preview:-1"},"canonical":"https:\/\/glyngore-camping.dk\/de\/wenn-sie-mieten\/safari-zelt\/","og_locale":"de_DE","og_type":"article","og_title":"Safari Zelt - Glyng\u00f8re Camping","og_description":"SAFARI-ZELTWillkommen bei unseren erstaunlichen - \"Safari-Zelten\" &nbsp; Unsere Safarizelte sind bei Familien mit Kindern \u00e4u\u00dferst beliebt. Die Kinder erleben den Campingausflug ihrer Tr\u00e4ume, w\u00e4hrend die Eltern den Komfort eines richtigen [&hellip;]","og_url":"https:\/\/glyngore-camping.dk\/de\/wenn-sie-mieten\/safari-zelt\/","og_site_name":"Glyng\u00f8re Camping","article_modified_time":"2025-12-16T20:12:28+00:00","twitter_card":"summary_large_image","twitter_misc":{"Gesch\u00e4tzte Lesezeit":"5\u00a0Minuten"},"schema":{"@context":"https:\/\/schema.org","@graph":[{"@type":"WebPage","@id":"https:\/\/glyngore-camping.dk\/de\/wenn-sie-mieten\/safari-zelt\/","url":"https:\/\/glyngore-camping.dk\/de\/wenn-sie-mieten\/safari-zelt\/","name":"Safari Zelt - Glyng\u00f8re Camping","isPartOf":{"@id":"https:\/\/glyngore-camping.dk\/de\/#website"},"datePublished":"2025-09-24T15:39:12+00:00","dateModified":"2025-12-16T20:12:28+00:00","breadcrumb":{"@id":"https:\/\/glyngore-camping.dk\/de\/wenn-sie-mieten\/safari-zelt\/#breadcrumb"},"inLanguage":"de","potentialAction":[{"@type":"ReadAction","target":["https:\/\/glyngore-camping.dk\/de\/wenn-sie-mieten\/safari-zelt\/"]}]},{"@type":"BreadcrumbList","@id":"https:\/\/glyngore-camping.dk\/de\/wenn-sie-mieten\/safari-zelt\/#breadcrumb","itemListElement":[{"@type":"ListItem","position":1,"name":"Hjem","item":"https:\/\/glyngore-camping.dk\/de\/hauptseite\/"},{"@type":"ListItem","position":2,"name":"WENN SIE MIETEN","item":"https:\/\/glyngore-camping.dk\/de\/wenn-sie-mieten\/"},{"@type":"ListItem","position":3,"name":"Safari Zelt"}]},{"@type":"WebSite","@id":"https:\/\/glyngore-camping.dk\/de\/#website","url":"https:\/\/glyngore-camping.dk\/de\/","name":"Glyng\u00f8re Camping","description":"En oase ved limfjorden","potentialAction":[{"@type":"SearchAction","target":{"@type":"EntryPoint","urlTemplate":"https:\/\/glyngore-camping.dk\/de\/?s={search_term_string}"},"query-input":{"@type":"PropertyValueSpecification","valueRequired":true,"valueName":"search_term_string"}}],"inLanguage":"de"}]}},"ticketed":false,"_links":{"self":[{"href":"https:\/\/glyngore-camping.dk\/de\/wp-json\/wp\/v2\/pages\/35260","targetHints":{"allow":["GET"]}}],"collection":[{"href":"https:\/\/glyngore-camping.dk\/de\/wp-json\/wp\/v2\/pages"}],"about":[{"href":"https:\/\/glyngore-camping.dk\/de\/wp-json\/wp\/v2\/types\/page"}],"author":[{"embeddable":true,"href":"https:\/\/glyngore-camping.dk\/de\/wp-json\/wp\/v2\/users\/1"}],"replies":[{"embeddable":true,"href":"https:\/\/glyngore-camping.dk\/de\/wp-json\/wp\/v2\/comments?post=35260"}],"version-history":[{"count":7,"href":"https:\/\/glyngore-camping.dk\/de\/wp-json\/wp\/v2\/pages\/35260\/revisions"}],"predecessor-version":[{"id":35320,"href":"https:\/\/glyngore-camping.dk\/de\/wp-json\/wp\/v2\/pages\/35260\/revisions\/35320"}],"up":[{"embeddable":true,"href":"https:\/\/glyngore-camping.dk\/de\/wp-json\/wp\/v2\/pages\/35828"}],"wp:attachment":[{"href":"https:\/\/glyngore-camping.dk\/de\/wp-json\/wp\/v2\/media?parent=35260"}],"wp:term":[{"taxonomy":"folder","embeddable":true,"href":"https:\/\/glyngore-camping.dk\/de\/wp-json\/wp\/v2\/folder?post=35260"}],"curies":[{"name":"wp","href":"https:\/\/api.w.org\/{rel}","templated":true}]}}