{"id":35245,"date":"2025-09-29T12:57:19","date_gmt":"2025-09-29T11:57:19","guid":{"rendered":"https:\/\/glyngore-camping.dk\/faq\/"},"modified":"2025-12-16T21:09:33","modified_gmt":"2025-12-16T20:09:33","slug":"faq","status":"publish","type":"page","link":"https:\/\/glyngore-camping.dk\/de\/faq\/","title":{"rendered":"FAQ"},"content":{"rendered":"<p>[et_pb_section fb_built=&#8220;1&#8243; custom_padding_last_edited=&#8220;on|tablet&#8220; _builder_version=&#8220;4.27.4&#8243; background_image=&#8220;https:\/\/glyngore-camping.dk\/wp-content\/uploads\/2025\/08\/DJI_0055-scaled.jpg&#8220; height=&#8220;500px&#8220; height_tablet=&#8220;500px&#8220; height_phone=&#8220;500px&#8220; height_last_edited=&#8220;on|phone&#8220; custom_padding=&#8220;0px||350px||false|false&#8220; custom_padding_tablet=&#8220;||150px||false|false&#8220; custom_padding_phone=&#8220;||25px&#8220; bottom_divider_style=&#8220;waves2&#8243; bottom_divider_color=&#8220;#ffffff&#8220; bottom_divider_height=&#8220;150px&#8220; bottom_divider_height_tablet=&#8220;&#8220; bottom_divider_height_phone=&#8220;63px&#8220; bottom_divider_height_last_edited=&#8220;on|phone&#8220; box_shadow_style=&#8220;preset1&#8243; box_shadow_position=&#8220;inner&#8220; global_colors_info=&#8220;{%22gcid-primary-color%22:%91%22background_color_gradient_stops%22%93,%22gcid-secondary-color%22:%91%22background_color_gradient_stops%22%93,%22gcid-7360370f-bdf0-493f-b1f5-2887d5b68e17%22:%91%22background_color_gradient_stops%22%93,%22gcid-ffc7ad8e-ca9f-4ff9-9684-db89d03277e3%22:%91%22background_color_gradient_stops%22%93}&#8220;][et_pb_row _builder_version=&#8220;4.16&#8243; background_size=&#8220;initial&#8220; background_position=&#8220;top_left&#8220; background_repeat=&#8220;repeat&#8220; custom_padding=&#8220;50px|0px|65px|0px||&#8220; global_colors_info=&#8220;{}&#8220;][et_pb_column type=&#8220;4_4&#8243; _builder_version=&#8220;4.16&#8243; custom_padding=&#8220;|||&#8220; global_colors_info=&#8220;{}&#8220; custom_padding__hover=&#8220;|||&#8220;][et_pb_text _builder_version=&#8220;4.27.4&#8243; header_2_font=&#8220;|800|||||||&#8220; header_2_text_align=&#8220;center&#8220; header_2_text_color=&#8220;#ffffff&#8220; header_2_font_size=&#8220;60px&#8220; background_layout=&#8220;dark&#8220; custom_margin=&#8220;||20px|&#8220; animation_style=&#8220;slide&#8220; animation_direction=&#8220;bottom&#8220; header_2_font_size_tablet=&#8220;&#8220; header_2_font_size_phone=&#8220;30px&#8220; header_2_font_size_last_edited=&#8220;on|phone&#8220; header_2_text_shadow_style=&#8220;preset2&#8243; header_2_text_shadow_horizontal_length=&#8220;0em&#8220; header_2_text_shadow_vertical_length=&#8220;0.1em&#8220; header_2_text_shadow_blur_strength=&#8220;0.1em&#8220; header_2_text_shadow_color=&#8220;rgba(0,0,0,0.3)&#8220; global_colors_info=&#8220;{}&#8220;]<\/p>\n<h2>FAQ<\/h2>\n<p>[\/et_pb_text][\/et_pb_column][\/et_pb_row][\/et_pb_section][et_pb_section fb_built=&#8220;1&#8243; _builder_version=&#8220;4.16&#8243; custom_padding=&#8220;100px|0px|100px|0px&#8220; global_colors_info=&#8220;{}&#8220;][et_pb_row _builder_version=&#8220;4.27.4&#8243; _module_preset=&#8220;default&#8220; global_colors_info=&#8220;{}&#8220;][et_pb_column type=&#8220;4_4&#8243; _builder_version=&#8220;4.27.4&#8243; _module_preset=&#8220;default&#8220; global_colors_info=&#8220;{}&#8220;][et_pb_heading title=&#8220;Haben Sie noch Fragen?&#8220; _builder_version=&#8220;4.27.4&#8243; _module_preset=&#8220;default&#8220; title_level=&#8220;h2&#8243; title_text_align=&#8220;center&#8220; global_colors_info=&#8220;{}&#8220;][\/et_pb_heading][et_pb_text _builder_version=&#8220;4.27.4&#8243; _module_preset=&#8220;default&#8220; global_colors_info=&#8220;{}&#8220;]<\/p>\n<p>Wenn Sie zum ersten Mal bei uns campen, einen neuen Platz besuchen oder einfach nur zum ersten Mal campen, kann es sein, dass Sie viele Fragen haben. Vielleicht waren Sie schon oft bei uns, aber Sie haben etwas, bei dem Sie sich nicht sicher sind.  <\/p>\n<p>Nachfolgend finden Sie eine \u00dcbersicht \u00fcber die am h\u00e4ufigsten gestellten Fragen &#8211; wenn Sie keine Antwort auf Ihre Frage finden, wenden Sie sich bitte an die Rezeption.<\/p>\n<p>&nbsp;<\/p>\n<p>[\/et_pb_text][\/et_pb_column][\/et_pb_row][et_pb_row column_structure=&#8220;1_3,1_3,1_3&#8243; _builder_version=&#8220;4.27.4&#8243; _module_preset=&#8220;default&#8220; global_colors_info=&#8220;{}&#8220;][et_pb_column type=&#8220;1_3&#8243; _builder_version=&#8220;4.27.4&#8243; _module_preset=&#8220;default&#8220; global_colors_info=&#8220;{}&#8220;][et_pb_toggle title=&#8220;Gibt es Wifi vor Ort?&#8220; _builder_version=&#8220;4.27.4&#8243; _module_preset=&#8220;default&#8220; border_radii=&#8220;on|30px|30px|30px|30px&#8220; box_shadow_style=&#8220;preset1&#8243; global_colors_info=&#8220;{}&#8220;]<\/p>\n<p>Auf dem gesamten Campingplatz gibt es kein Wi-Fi, aber in weiten Teilen des Campingplatzes schon. Die Masten befinden sich haupts\u00e4chlich auf den Hauptgeb\u00e4uden.<br \/>In den Glyng\u00f8re-H\u00fctten gibt es Wifi.<\/p>\n<p>Der Code f\u00fcr wifi: 97731788<\/p>\n<p>[\/et_pb_toggle][et_pb_toggle title=&#8220;Wie sieht es mit der Bettw\u00e4sche aus?&#8220; _builder_version=&#8220;4.27.4&#8243; _module_preset=&#8220;default&#8220; border_radii=&#8220;on|30px|30px|30px|30px&#8220; box_shadow_style=&#8220;preset1&#8243; global_colors_info=&#8220;{}&#8220;]<\/p>\n<p>Bettdecken und Kopfkissen sind in allen unseren Mietobjekten vorhanden. Die Betten sind fast alle 80-90 cm breit. In den H\u00fctten 21 und 22 (unten) und im Camp-let sind die Betten etwa 140 cm breit.<\/p>\n<p>Bettw\u00e4sche kann auch gemietet werden &#8211; Preis DKK 125.<br \/>1 Laken, 1 Kopfkissenbezug, 1 Bettbezug und 1 Badetuch.<\/p>\n<p>[\/et_pb_toggle][et_pb_toggle title=&#8220;Sind Hunde willkommen?&#8220; _builder_version=&#8220;4.27.4&#8243; _module_preset=&#8220;default&#8220; border_radii=&#8220;on|30px|30px|30px|30px&#8220; box_shadow_style=&#8220;preset1&#8243; global_colors_info=&#8220;{}&#8220;]<\/p>\n<p>Ja, Hunde sind auf dem Gel\u00e4nde und in unseren H\u00fctten und Zelten willkommen &#8211; nicht in unserem Zeltlager!<br \/>Allerdings sind Hunde in den M\u00f6beln nicht erlaubt. Wenn Sie beim Spaziergang mit dem Hund einen Unfall haben, heben Sie ihn bitte auf. Hunde m\u00fcssen an der Leine oder in einem Gehege auf dem Gel\u00e4nde gehalten werden.  <\/p>\n<p>[\/et_pb_toggle][\/et_pb_column][et_pb_column type=&#8220;1_3&#8243; _builder_version=&#8220;4.27.4&#8243; _module_preset=&#8220;default&#8220; global_colors_info=&#8220;{}&#8220;][et_pb_toggle title=&#8220;Fr\u00fchst\u00fcck?&#8220; _builder_version=&#8220;4.27.4&#8243; _module_preset=&#8220;default&#8220; border_radii=&#8220;on|30px|30px|30px|30px&#8220; box_shadow_style=&#8220;preset1&#8243; global_colors_info=&#8220;{}&#8220;]<\/p>\n<p>Sie k\u00f6nnen Fr\u00fchst\u00fccksbrot f\u00fcr den n\u00e4chsten Tag bestellen. Die Frist ist 21:00 Uhr. Das Brot steht ab 8 Uhr zur Abholung bereit. Sie k\u00f6nnen auch ein Fr\u00fchst\u00fcckstablett bestellen, das aus 2 Br\u00f6tchen mit Butter, Aufschnitt, Kaffee, Saft und einer Morgentasse besteht.  <\/p>\n<p>[\/et_pb_toggle][et_pb_toggle title=&#8220;Die Schranke, wann ist sie ge\u00f6ffnet?&#8220; _builder_version=&#8220;4.27.4&#8243; _module_preset=&#8220;default&#8220; border_radii=&#8220;on|30px|30px|30px|30px&#8220; box_shadow_style=&#8220;preset1&#8243; global_colors_info=&#8220;{}&#8220;]<\/p>\n<p>Die Schranke ist zwischen 07:00 und 23:00 Uhr ge\u00f6ffnet. Das Befahren des Gel\u00e4ndes nach 23:00 Uhr und vor 07:00 Uhr ist nicht gestattet.<\/p>\n<p>[\/et_pb_toggle][et_pb_toggle title=&#8220;Pool, wie lauten die Regeln?&#8220; _builder_version=&#8220;4.27.4&#8243; _module_preset=&#8220;default&#8220; border_radii=&#8220;on|30px|30px|30px|30px&#8220; box_shadow_style=&#8220;preset1&#8243; global_colors_info=&#8220;{}&#8220;]<\/p>\n<p>Der Pool ist w\u00e4hrend der Sommersaison zwischen 9:00 und 21:00 Uhr ge\u00f6ffnet. Er ist beheizt (ca. 27 Grad). Sie M\u00dcSSEN sich vor dem Besuch des Pools waschen. G\u00e4ste vor Ort (nicht eingecheckt) m\u00fcssen den Zugang zum Pool am Kiosk kaufen. Kinder m\u00fcssen beaufsichtigt werden. Auf Ihr eigenes Risiko!<\/p>\n<p>[\/et_pb_toggle][\/et_pb_column][et_pb_column type=&#8220;1_3&#8243; _builder_version=&#8220;4.27.4&#8243; _module_preset=&#8220;default&#8220; global_colors_info=&#8220;{}&#8220;][et_pb_toggle title=&#8220;Einchecken\/Auschecken?&#8220; _builder_version=&#8220;4.27.4&#8243; _module_preset=&#8220;default&#8220; border_radii=&#8220;on|30px|30px|30px|30px&#8220; box_shadow_style=&#8220;preset1&#8243; global_colors_info=&#8220;{}&#8220;]<\/p>\n<p>Die Mieteinheiten k\u00f6nnen um 15:00 Uhr betreten werden und m\u00fcssen bis 11:00 Uhr verlassen werden.<\/p>\n<p>Der Stellplatz wird w\u00e4hrend der \u00d6ffnungszeiten des Kiosks bezahlt und muss bis 14:00 Uhr ger\u00e4umt werden. Wenn Sie au\u00dferhalb der \u00d6ffnungszeiten der Rezeption ankommen, k\u00f6nnen Sie gerne zu <strong>Ihrem gebuchten<\/strong> Stellplatz fahren (wenn dieser leer ist) und dann w\u00e4hrend der \u00d6ffnungszeiten einchecken. Die Check-in-Schranke ist manuell und kann von Hand angehoben werden).<\/p>\n<p>[\/et_pb_toggle][et_pb_toggle title=&#8220;Wir kommen zu sp\u00e4t &#8211; was sollen wir tun?&#8220; _builder_version=&#8220;4.27.4&#8243; _module_preset=&#8220;default&#8220; border_radii=&#8220;on|30px|30px|30px|30px&#8220; box_shadow_style=&#8220;preset1&#8243; global_colors_info=&#8220;{}&#8220;]<\/p>\n<p>Wenn Sie ein Mietobjekt gebucht haben und nach den \u00d6ffnungszeiten ankommen, erwartet Sie an der Rezeption ein Umschlag mit Ihrem Namen, dem Schl\u00fcssel, der Boom Card und dem Sitzplan. Denken Sie daran, dass Autos nach 23 Uhr nicht mehr auf dem Gel\u00e4nde erlaubt sind (parken Sie an der Rezeption)<\/p>\n<p>[\/et_pb_toggle][et_pb_toggle title=&#8220;Ladestationen f\u00fcr Elektroautos&#8220; _builder_version=&#8220;4.27.4&#8243; _module_preset=&#8220;default&#8220; hover_enabled=&#8220;0&#8243; border_radii=&#8220;on|30px|30px|30px|30px&#8220; box_shadow_style=&#8220;preset1&#8243; global_colors_info=&#8220;{}&#8220; sticky_enabled=&#8220;0&#8243;]<\/p>\n<p>Wir haben keine Ladestation auf dem Campingplatz, aber sie ist nicht weit von uns entfernt: <br \/>Glyng\u00f8re Auto, Hedeparken 2, 7870 Roslev (650 m)<br \/>Strandvejen 15, 7870 Roslev (1,7 km)<br \/>Kassehusvej 5, 7870 Roslev (2,7 km)<\/p>\n<p>Supercharger befindet sich auf Mors (8.3 km):<br \/>Vester Fald, 7900 Nyk\u00f8bing Mors<\/p>\n<p>[\/et_pb_toggle][\/et_pb_column][\/et_pb_row][\/et_pb_section][et_pb_section fb_built=&#8220;1&#8243; _builder_version=&#8220;4.27.4&#8243; background_enable_color=&#8220;off&#8220; custom_padding=&#8220;0px|0px|0px|0px&#8220; top_divider_height=&#8220;0px&#8220; top_divider_flip=&#8220;vertical&#8220; bottom_divider_style=&#8220;wave2&#8243; bottom_divider_color=&#8220;gcid-7360370f-bdf0-493f-b1f5-2887d5b68e17&#8243; bottom_divider_height_tablet=&#8220;&#8220; bottom_divider_height_phone=&#8220;44px&#8220; bottom_divider_height_last_edited=&#8220;on|phone&#8220; global_colors_info=&#8220;{%22gcid-7360370f-bdf0-493f-b1f5-2887d5b68e17%22:%91%22bottom_divider_color%22%93}&#8220;][\/et_pb_section]<\/p>\n","protected":false},"excerpt":{"rendered":"<p>FAQWenn Sie zum ersten Mal bei uns campen, einen neuen Platz besuchen oder einfach nur zum ersten Mal campen, kann es sein, dass Sie viele Fragen haben. Vielleicht waren Sie [&hellip;]<\/p>\n","protected":false},"author":1,"featured_media":0,"parent":0,"menu_order":0,"comment_status":"closed","ping_status":"closed","template":"","meta":{"_et_pb_use_builder":"on","_et_pb_old_content":"","_et_gb_content_width":"","_price":"","_stock":"","_tribe_ticket_header":"","_tribe_default_ticket_provider":"","_tribe_ticket_capacity":"0","_ticket_start_date":"","_ticket_end_date":"","_tribe_ticket_show_description":"","_tribe_ticket_show_not_going":false,"_tribe_ticket_use_global_stock":"","_tribe_ticket_global_stock_level":"","_global_stock_mode":"","_global_stock_cap":"","_tribe_rsvp_for_event":"","_tribe_ticket_going_count":"","_tribe_ticket_not_going_count":"","_tribe_tickets_list":"[]","_tribe_ticket_has_attendee_info_fields":false,"footnotes":"","_tec_slr_enabled":"","_tec_slr_layout":""},"folder":[],"class_list":["post-35245","page","type-page","status-publish","hentry"],"yoast_head":"<!-- This site is optimized with the Yoast SEO plugin v27.2 - https:\/\/yoast.com\/product\/yoast-seo-wordpress\/ -->\n<title>FAQ - Glyng\u00f8re Camping<\/title>\n<meta name=\"robots\" content=\"index, follow, max-snippet:-1, max-image-preview:large, max-video-preview:-1\" \/>\n<link rel=\"canonical\" href=\"https:\/\/glyngore-camping.dk\/de\/faq\/\" \/>\n<meta property=\"og:locale\" content=\"de_DE\" \/>\n<meta property=\"og:type\" content=\"article\" \/>\n<meta property=\"og:title\" content=\"FAQ - Glyng\u00f8re Camping\" \/>\n<meta property=\"og:description\" content=\"FAQWenn Sie zum ersten Mal bei uns campen, einen neuen Platz besuchen oder einfach nur zum ersten Mal campen, kann es sein, dass Sie viele Fragen haben. Vielleicht waren Sie [&hellip;]\" \/>\n<meta property=\"og:url\" content=\"https:\/\/glyngore-camping.dk\/de\/faq\/\" \/>\n<meta property=\"og:site_name\" content=\"Glyng\u00f8re Camping\" \/>\n<meta property=\"article:modified_time\" content=\"2025-12-16T20:09:33+00:00\" \/>\n<meta name=\"twitter:card\" content=\"summary_large_image\" \/>\n<meta name=\"twitter:label1\" content=\"Gesch\u00e4tzte Lesezeit\" \/>\n\t<meta name=\"twitter:data1\" content=\"6\u00a0Minuten\" \/>\n<script type=\"application\/ld+json\" class=\"yoast-schema-graph\">{\"@context\":\"https:\/\/schema.org\",\"@graph\":[{\"@type\":\"WebPage\",\"@id\":\"https:\/\/glyngore-camping.dk\/de\/faq\/\",\"url\":\"https:\/\/glyngore-camping.dk\/de\/faq\/\",\"name\":\"FAQ - Glyng\u00f8re Camping\",\"isPartOf\":{\"@id\":\"https:\/\/glyngore-camping.dk\/de\/#website\"},\"datePublished\":\"2025-09-29T11:57:19+00:00\",\"dateModified\":\"2025-12-16T20:09:33+00:00\",\"breadcrumb\":{\"@id\":\"https:\/\/glyngore-camping.dk\/de\/faq\/#breadcrumb\"},\"inLanguage\":\"de\",\"potentialAction\":[{\"@type\":\"ReadAction\",\"target\":[\"https:\/\/glyngore-camping.dk\/de\/faq\/\"]}]},{\"@type\":\"BreadcrumbList\",\"@id\":\"https:\/\/glyngore-camping.dk\/de\/faq\/#breadcrumb\",\"itemListElement\":[{\"@type\":\"ListItem\",\"position\":1,\"name\":\"Hjem\",\"item\":\"https:\/\/glyngore-camping.dk\/de\/hauptseite\/\"},{\"@type\":\"ListItem\",\"position\":2,\"name\":\"FAQ\"}]},{\"@type\":\"WebSite\",\"@id\":\"https:\/\/glyngore-camping.dk\/de\/#website\",\"url\":\"https:\/\/glyngore-camping.dk\/de\/\",\"name\":\"Glyng\u00f8re Camping\",\"description\":\"En oase ved limfjorden\",\"potentialAction\":[{\"@type\":\"SearchAction\",\"target\":{\"@type\":\"EntryPoint\",\"urlTemplate\":\"https:\/\/glyngore-camping.dk\/de\/?s={search_term_string}\"},\"query-input\":{\"@type\":\"PropertyValueSpecification\",\"valueRequired\":true,\"valueName\":\"search_term_string\"}}],\"inLanguage\":\"de\"}]}<\/script>\n<!-- \/ Yoast SEO plugin. -->","yoast_head_json":{"title":"FAQ - Glyng\u00f8re Camping","robots":{"index":"index","follow":"follow","max-snippet":"max-snippet:-1","max-image-preview":"max-image-preview:large","max-video-preview":"max-video-preview:-1"},"canonical":"https:\/\/glyngore-camping.dk\/de\/faq\/","og_locale":"de_DE","og_type":"article","og_title":"FAQ - Glyng\u00f8re Camping","og_description":"FAQWenn Sie zum ersten Mal bei uns campen, einen neuen Platz besuchen oder einfach nur zum ersten Mal campen, kann es sein, dass Sie viele Fragen haben. Vielleicht waren Sie [&hellip;]","og_url":"https:\/\/glyngore-camping.dk\/de\/faq\/","og_site_name":"Glyng\u00f8re Camping","article_modified_time":"2025-12-16T20:09:33+00:00","twitter_card":"summary_large_image","twitter_misc":{"Gesch\u00e4tzte Lesezeit":"6\u00a0Minuten"},"schema":{"@context":"https:\/\/schema.org","@graph":[{"@type":"WebPage","@id":"https:\/\/glyngore-camping.dk\/de\/faq\/","url":"https:\/\/glyngore-camping.dk\/de\/faq\/","name":"FAQ - Glyng\u00f8re Camping","isPartOf":{"@id":"https:\/\/glyngore-camping.dk\/de\/#website"},"datePublished":"2025-09-29T11:57:19+00:00","dateModified":"2025-12-16T20:09:33+00:00","breadcrumb":{"@id":"https:\/\/glyngore-camping.dk\/de\/faq\/#breadcrumb"},"inLanguage":"de","potentialAction":[{"@type":"ReadAction","target":["https:\/\/glyngore-camping.dk\/de\/faq\/"]}]},{"@type":"BreadcrumbList","@id":"https:\/\/glyngore-camping.dk\/de\/faq\/#breadcrumb","itemListElement":[{"@type":"ListItem","position":1,"name":"Hjem","item":"https:\/\/glyngore-camping.dk\/de\/hauptseite\/"},{"@type":"ListItem","position":2,"name":"FAQ"}]},{"@type":"WebSite","@id":"https:\/\/glyngore-camping.dk\/de\/#website","url":"https:\/\/glyngore-camping.dk\/de\/","name":"Glyng\u00f8re Camping","description":"En oase ved limfjorden","potentialAction":[{"@type":"SearchAction","target":{"@type":"EntryPoint","urlTemplate":"https:\/\/glyngore-camping.dk\/de\/?s={search_term_string}"},"query-input":{"@type":"PropertyValueSpecification","valueRequired":true,"valueName":"search_term_string"}}],"inLanguage":"de"}]}},"ticketed":false,"_links":{"self":[{"href":"https:\/\/glyngore-camping.dk\/de\/wp-json\/wp\/v2\/pages\/35245","targetHints":{"allow":["GET"]}}],"collection":[{"href":"https:\/\/glyngore-camping.dk\/de\/wp-json\/wp\/v2\/pages"}],"about":[{"href":"https:\/\/glyngore-camping.dk\/de\/wp-json\/wp\/v2\/types\/page"}],"author":[{"embeddable":true,"href":"https:\/\/glyngore-camping.dk\/de\/wp-json\/wp\/v2\/users\/1"}],"replies":[{"embeddable":true,"href":"https:\/\/glyngore-camping.dk\/de\/wp-json\/wp\/v2\/comments?post=35245"}],"version-history":[{"count":2,"href":"https:\/\/glyngore-camping.dk\/de\/wp-json\/wp\/v2\/pages\/35245\/revisions"}],"predecessor-version":[{"id":35248,"href":"https:\/\/glyngore-camping.dk\/de\/wp-json\/wp\/v2\/pages\/35245\/revisions\/35248"}],"wp:attachment":[{"href":"https:\/\/glyngore-camping.dk\/de\/wp-json\/wp\/v2\/media?parent=35245"}],"wp:term":[{"taxonomy":"folder","embeddable":true,"href":"https:\/\/glyngore-camping.dk\/de\/wp-json\/wp\/v2\/folder?post=35245"}],"curies":[{"name":"wp","href":"https:\/\/api.w.org\/{rel}","templated":true}]}}